{"id":85232,"date":"2022-03-10T15:48:00","date_gmt":"2022-03-10T14:48:00","guid":{"rendered":"https:\/\/secureus.se\/produkt\/takfaste-ca-2c-multivinkel-alla-optex-utom-rx40\/"},"modified":"2025-12-31T19:49:12","modified_gmt":"2025-12-31T18:49:12","slug":"optex-ca-2c-takfaste-multivinkel","status":"publish","type":"product","link":"https:\/\/secureus.se\/de\/optex-ca-2c-takfaste-multivinkel\/","title":{"rendered":"Optex CA-2C Deckenhalterung mit mehreren Winkeln (alle Optex au\u00dfer RX40)"},"content":{"rendered":"<h3>Die Deckenhalterung Optex CA-2C mit mehreren Winkeln ist eine robuste und flexible L\u00f6sung, die eine einfache Installation und Einstellung von Optex-Meldern gew\u00e4hrleistet.<\/h3>\n<p>Diese Halterung passt auf alle Optex-Modelle au\u00dfer dem RX-40 und bietet eine effiziente L\u00f6sung f\u00fcr die Installation von Detektoren auf dem Dach f\u00fcr eine optimale Erfassungsreichweite.<\/p>\n<p>Das verstellbare Design des CA-2C erm\u00f6glicht eine schnelle Anpassung des Installationswinkels, um eine bestm\u00f6gliche Erkennung zu gew\u00e4hrleisten.<\/p>\n<p>Diese Deckenhalterung ist eine ausgezeichnete Wahl f\u00fcr Gewerbe- und Wohnimmobilien und wird h\u00e4ufig in Sicherheitssystemen verwendet, bei denen es wichtig ist, die Abdeckung zu maximieren und tote Winkel zu minimieren.<\/p>\n<p>Der gro\u00dfe Vorteil des CA-2C ist seine Flexibilit\u00e4t. Es kann in einer Vielzahl von Umgebungen eingesetzt werden und sorgt f\u00fcr eine sichere und stabile Installation.<\/p>\n<p>Die Halterung ist so konzipiert, dass sie einfach zu installieren ist, sodass Installateure das System schnell montieren und anpassen k\u00f6nnen, ohne das Ger\u00e4t abnehmen zu m\u00fcssen.<\/p>\n<p>Dies verk\u00fcrzt die Installationszeit und spart sowohl Kosten als auch Arbeit.<\/p>\n<p>Die CA-2C-Deckenhalterung ist besonders n\u00fctzlich f\u00fcr Installationen, bei denen Melder an der Decke montiert werden m\u00fcssen, um einen gr\u00f6\u00dferen Betrachtungswinkel zu bieten, sodass gr\u00f6\u00dfere Bereiche effektiv \u00fcberwacht werden k\u00f6nnen.<\/p>\n<p>Der K\u00f6der passt auf alle Nicht-RX-40-Optex-Detektoren und kann zur Optimierung der Erkennung sowohl in Privat- als auch in Gewerbeimmobilien verwendet werden.<\/p>\n<p>Diese Halterung ist nicht nur einfach zu installieren, sondern verf\u00fcgt auch \u00fcber eine langlebige Konstruktion, die auf eine lange Lebensdauer ausgelegt ist, was sie zu einer langfristigen L\u00f6sung f\u00fcr Sicherheitssysteme macht.<\/p>\n<p><strong>Technische Spezifikationen:<\/strong><\/p>\n<ul>\n<li><strong>Kompatibilit\u00e4t:<\/strong> Passend f\u00fcr alle Optex-Detektoren au\u00dfer RX-40.<\/li>\n<li><strong>Verwenden:<\/strong> Verwendung im Innenbereich (empfohlen).<\/li>\n<li><strong>Installation:<\/strong> Einfach zu installieren, einstellbarer Winkel f\u00fcr optimale Erkennung.<\/li>\n<li><strong>Material:<\/strong> Robuste und langlebige Konstruktion.<\/li>\n<li><strong>Vorteile:<\/strong> Flexibilit\u00e4t bei den Installationswinkeln, um beste Abdeckung und Erkennung zu gew\u00e4hrleisten.<\/li>\n<\/ul>","protected":false},"excerpt":{"rendered":"<p>Optex CA-2C Deckenhalterung mit mehreren Winkeln \u2013 Flexible Deckenhalterung f\u00fcr alle Optex-Detektoren (au\u00dfer RX-40).<\/p>\n<p>Einfache Installation und Einstellung f\u00fcr optimale Erfassungsreichweite. Perfekt f\u00fcr den Innenbereich.<\/p>","protected":false},"featured_media":145066,"template":"","meta":{"_acf_changed":false},"product_brand":[],"product_cat":[1325],"product_tag":[2145],"class_list":{"0":"post-85232","1":"product","2":"type-product","3":"status-publish","4":"has-post-thumbnail","6":"product_cat-larmgivare-skalskydd","7":"product_tag-rorelsedetektor-ir-detektorer","8":"product_shipping_class-tunga-paket","9":"pa_brands-optex","10":"tm-no-options","12":"first","13":"instock","14":"sale","15":"featured","16":"taxable","17":"shipping-taxable","18":"purchasable","19":"product-type-simple"},"acf":[],"_links":{"self":[{"href":"https:\/\/secureus.se\/de\/wp-json\/wp\/v2\/product\/85232","targetHints":{"allow":["GET"]}}],"collection":[{"href":"https:\/\/secureus.se\/de\/wp-json\/wp\/v2\/product"}],"about":[{"href":"https:\/\/secureus.se\/de\/wp-json\/wp\/v2\/types\/product"}],"wp:featuredmedia":[{"embeddable":true,"href":"https:\/\/secureus.se\/de\/wp-json\/wp\/v2\/media\/145066"}],"wp:attachment":[{"href":"https:\/\/secureus.se\/de\/wp-json\/wp\/v2\/media?parent=85232"}],"wp:term":[{"taxonomy":"product_brand","embeddable":true,"href":"https:\/\/secureus.se\/de\/wp-json\/wp\/v2\/product_brand?post=85232"},{"taxonomy":"product_cat","embeddable":true,"href":"https:\/\/secureus.se\/de\/wp-json\/wp\/v2\/product_cat?post=85232"},{"taxonomy":"product_tag","embeddable":true,"href":"https:\/\/secureus.se\/de\/wp-json\/wp\/v2\/product_tag?post=85232"}],"curies":[{"name":"wp","href":"https:\/\/api.w.org\/{rel}","templated":true}]}}