{"id":85237,"date":"2022-03-10T15:47:00","date_gmt":"2022-03-10T14:47:00","guid":{"rendered":"https:\/\/secureus.se\/produkt\/optex-ir-detektor-vxi-st-12-meter-utomhus\/"},"modified":"2025-12-31T19:48:42","modified_gmt":"2025-12-31T18:48:42","slug":"optex-ir-detektor-vxi-st-12-meter-utomhus","status":"publish","type":"product","link":"https:\/\/secureus.se\/de\/optex-ir-detektor-vxi-st-12-meter-utomhus\/","title":{"rendered":"Optex -IR-Detektor VXI-ST 12 Meter im Freien"},"content":{"rendered":"<h1>Der Optex VXI-ST ist ein hochwertiger und flexibler PIR-Melder, der f\u00fcr den Au\u00dfenbereich konzipiert ist und sich besonders f\u00fcr CCTV-Anwendungen und externe Alarme eignet.<\/h1>\n<p>Mit einer Erfassungsreichweite von bis zu 12 Metern und einem 90\u00b0-Weitwinkelerfassungsmuster bietet der VXI-ST eine breite und zuverl\u00e4ssige Abdeckung des \u00fcberwachten Bereichs.<\/p>\n<p>Dieser Detektor ist mit der fortschrittlichen SMDA-Technologie (Super Multidimensional Analysis) ausgestattet, die es ihm erm\u00f6glicht, echte Bedrohungen zu erkennen und gleichzeitig das Risiko von Fehlalarmen, die durch Umgebungsst\u00f6rungen wie Lichtreflexionen oder Wetterbedingungen verursacht werden, effektiv zu reduzieren.<\/p>\n<p>Ein einzigartiges Merkmal des VXI-ST ist seine einstellbare Empfindlichkeit, die es erm\u00f6glicht, den Detektor so einzustellen, dass er kleine Bewegungen erkennt oder unbedeutende Bewegungen herausfiltert.<\/p>\n<p>Mit f\u00fcnf verschiedenen Erkennungsbereichen und Musteroptionen kann die Installation entsprechend den spezifischen Anforderungen optimiert werden. Der VXI-ST verf\u00fcgt au\u00dferdem \u00fcber einen zus\u00e4tzlichen Eingang zum Anschluss einer externen Fotozelle oder eines anderen Erkennungsger\u00e4ts, was seinen Nutzen in komplexen Installationsumgebungen erh\u00f6ht.<\/p>\n<p>Der Melder ist IP55-zertifiziert und so konzipiert, dass er den rauen Wetterbedingungen standh\u00e4lt, die bei Au\u00dfeninstallationen auftreten k\u00f6nnen, wodurch er sich ideal f\u00fcr private und gewerbliche Anwendungen eignet.<\/p>\n<p>Der VXI-ST ist au\u00dferdem gegen Sabotage und Manipulation gesch\u00fctzt, was f\u00fcr ein zus\u00e4tzliches Ma\u00df an Sicherheit sorgt. Um eine dauerhafte und stabile Leistung zu gew\u00e4hrleisten, wird eine Montageh\u00f6he zwischen 0,8 und 1,2 Metern empfohlen.<\/p>\n<p><strong>Technische Spezifikationen<\/strong>:<\/p>\n<ul>\n<li><strong>Erkennungsmethode<\/strong>: PIER<\/li>\n<li><strong>Erfassungsbereich<\/strong>: 12 Meter<\/li>\n<li><strong>Erfassungswinkel<\/strong>: 90\u00b0 Weitwinkel<\/li>\n<li><strong>Empfindlichkeitseinstellung<\/strong>: Ja<\/li>\n<li><strong>Funktionen<\/strong>: F\u00fcnf einstellbare Erkennungsbereiche, f\u00fcnf Musteroptionen, Maskierungsschutz<\/li>\n<li><strong>Stromversorgung<\/strong>: 9,5 \u2013 18 V DC<\/li>\n<li><strong>Stromverbrauch<\/strong>: 24 mA bei 12 V DC<\/li>\n<li><strong>Temperaturbereich<\/strong>: -20\u00b0C bis +60\u00b0C<\/li>\n<li><strong>Schutzklasse<\/strong>: IP55<\/li>\n<li><strong>Gewicht<\/strong>: 600 g<\/li>\n<li><strong>Montageh\u00f6he<\/strong>: 0,8 bis 1,2 Meter<\/li>\n<li><strong>Anhang<\/strong>: Pinnwand oder Beitrag<\/li>\n<li><strong>Zus\u00e4tzlicher Eingang f\u00fcr Fotozelle<\/strong>: Ja<\/li>\n<li><strong>Alarmausgang<\/strong>: W\u00e4hlbar NC oder NO<\/li>\n<\/ul>","protected":false},"excerpt":{"rendered":"<p>Der Optex VXI-ST ist ein 12 Meter gro\u00dfer PIR-Weitwinkelmelder f\u00fcr den Au\u00dfenbereich, ideal f\u00fcr CCTV-Anwendungen und externe Alarme.<\/p>\n<p>Ausgestattet mit fortschrittlicher SMDA-Erkennung und einstellbarer Empfindlichkeit bietet dieser Detektor hohe Sicherheit und Effizienz.<\/p>","protected":false},"featured_media":145190,"template":"","meta":{"_acf_changed":false},"product_brand":[],"product_cat":[1325,4756],"product_tag":[2147],"class_list":{"0":"post-85237","1":"product","2":"type-product","3":"status-publish","4":"has-post-thumbnail","6":"product_cat-larmgivare-skalskydd","7":"product_cat-utomhussakerhet-tradade-larmenheter","8":"product_tag-rorelsedetektor-utomhus","9":"product_shipping_class-postnord-varubrev","10":"pa_brands-optex","11":"tm-no-options","13":"first","14":"instock","15":"sale","16":"featured","17":"taxable","18":"shipping-taxable","19":"purchasable","20":"product-type-simple"},"acf":[],"_links":{"self":[{"href":"https:\/\/secureus.se\/de\/wp-json\/wp\/v2\/product\/85237","targetHints":{"allow":["GET"]}}],"collection":[{"href":"https:\/\/secureus.se\/de\/wp-json\/wp\/v2\/product"}],"about":[{"href":"https:\/\/secureus.se\/de\/wp-json\/wp\/v2\/types\/product"}],"wp:featuredmedia":[{"embeddable":true,"href":"https:\/\/secureus.se\/de\/wp-json\/wp\/v2\/media\/145190"}],"wp:attachment":[{"href":"https:\/\/secureus.se\/de\/wp-json\/wp\/v2\/media?parent=85237"}],"wp:term":[{"taxonomy":"product_brand","embeddable":true,"href":"https:\/\/secureus.se\/de\/wp-json\/wp\/v2\/product_brand?post=85237"},{"taxonomy":"product_cat","embeddable":true,"href":"https:\/\/secureus.se\/de\/wp-json\/wp\/v2\/product_cat?post=85237"},{"taxonomy":"product_tag","embeddable":true,"href":"https:\/\/secureus.se\/de\/wp-json\/wp\/v2\/product_tag?post=85237"}],"curies":[{"name":"wp","href":"https:\/\/api.w.org\/{rel}","templated":true}]}}