{"id":85713,"date":"2023-09-14T16:09:41","date_gmt":"2023-09-14T14:09:41","guid":{"rendered":"https:\/\/secureus.se\/produkt\/nodoppnare-typ-t\/"},"modified":"2025-12-31T20:51:40","modified_gmt":"2025-12-31T19:51:40","slug":"nodoppnare-typ-t","status":"publish","type":"product","link":"https:\/\/secureus.se\/de\/nodoppnare-typ-t\/","title":{"rendered":"Not\u00f6ffner Typ T"},"content":{"rendered":"<p>Der Not\u00f6ffner Typ T muss an vorhandenen Schl\u00f6ssern montiert werden, bei denen die T\u00fcr mit Druck ge\u00f6ffnet wird. Beispielsweise eine Zwischent\u00fcr zwischen zwei Schaltanlagenr\u00e4umen, die nicht verschlossen werden muss. Ein Beispiel f\u00fcr ein solches Schloss ist Assa 1498. Die Regel ist umkehrbar, sodass rechts oder links angeschlagene T\u00fcren bei der Bestellung nicht angegeben werden m\u00fcssen. Es ist gem\u00e4\u00df SS 3523:2022 getestet und zugelassen.<\/p>\n<p><strong>Passend f\u00fcr folgende Schlosstypen:<\/strong><\/p>\n<p>Assa 1498.<br \/>\nAbloy 4598.<br \/>\nTrio-Ving 5130.<br \/>\nAssa connect 212.<\/p>","protected":false},"excerpt":{"rendered":"<p>Der Not\u00f6ffner Typ T muss an vorhandenen Schl\u00f6ssern montiert werden, bei denen die T\u00fcr mit Druck ge\u00f6ffnet wird. Beispielsweise eine Zwischent\u00fcr zwischen zwei Schaltanlagenr\u00e4umen, die nicht verschlossen werden muss. Ein Beispiel<\/p>","protected":false},"featured_media":140806,"template":"","meta":{"_acf_changed":false},"product_brand":[],"product_cat":[1560,4182],"product_tag":[2352],"class_list":{"0":"post-85713","1":"product","2":"type-product","3":"status-publish","4":"has-post-thumbnail","6":"product_cat-branddorrstangning","7":"product_cat-nodoppnare","8":"product_tag-soderhamn","9":"product_shipping_class-tunga-paket","10":"pa_brands-soderhamn-innovation","11":"tm-no-options","13":"first","14":"instock","15":"sale","16":"featured","17":"taxable","18":"shipping-taxable","19":"purchasable","20":"product-type-simple"},"acf":[],"_links":{"self":[{"href":"https:\/\/secureus.se\/de\/wp-json\/wp\/v2\/product\/85713","targetHints":{"allow":["GET"]}}],"collection":[{"href":"https:\/\/secureus.se\/de\/wp-json\/wp\/v2\/product"}],"about":[{"href":"https:\/\/secureus.se\/de\/wp-json\/wp\/v2\/types\/product"}],"wp:featuredmedia":[{"embeddable":true,"href":"https:\/\/secureus.se\/de\/wp-json\/wp\/v2\/media\/140806"}],"wp:attachment":[{"href":"https:\/\/secureus.se\/de\/wp-json\/wp\/v2\/media?parent=85713"}],"wp:term":[{"taxonomy":"product_brand","embeddable":true,"href":"https:\/\/secureus.se\/de\/wp-json\/wp\/v2\/product_brand?post=85713"},{"taxonomy":"product_cat","embeddable":true,"href":"https:\/\/secureus.se\/de\/wp-json\/wp\/v2\/product_cat?post=85713"},{"taxonomy":"product_tag","embeddable":true,"href":"https:\/\/secureus.se\/de\/wp-json\/wp\/v2\/product_tag?post=85713"}],"curies":[{"name":"wp","href":"https:\/\/api.w.org\/{rel}","templated":true}]}}