{"id":85843,"date":"2023-03-23T14:52:24","date_gmt":"2023-03-23T13:52:24","guid":{"rendered":"https:\/\/secureus.se\/produkt\/apollo-xp95-sockel-standard-for-discovery-och-xp95\/"},"modified":"2026-04-01T14:16:15","modified_gmt":"2026-04-01T12:16:15","slug":"apollo-xp95-sockel-standard-for-discovery-och-xp95","status":"publish","type":"product","link":"https:\/\/secureus.se\/de\/apollo-xp95-sockel-standard-for-discovery-och-xp95\/","title":{"rendered":"XPERT 7 Basis \u2013 Standardbasis f\u00fcr Apollo XP95 &amp; Discovery"},"content":{"rendered":"<h1>Apollo XP95 Basisstandard f\u00fcr Discovery und XP95<\/h1>\n<p class=\"\" data-start=\"421\" data-end=\"834\">Der Apollo XP95 Sockelstandard f\u00fcr die Serien Discovery und XP95 bietet eine zuverl\u00e4ssige und einfache L\u00f6sung f\u00fcr die Installation von Meldern in Brandmeldesystemen.<\/p>\n<p class=\"\" data-start=\"421\" data-end=\"834\">Diese Buchse erfordert nur eine geringe Einsteckkraft und verf\u00fcgt \u00fcber Kontakte aus Edelstahl, sodass die Installation schnell und einfach ist. Jedem Sockel liegen XPERT-Karten mit Universaladressierung bei, die das Einstellen der individuellen Adresse des Melders ganz einfach machen.<\/p>\n<p class=\"\" data-start=\"836\" data-end=\"1210\">Der Sockel verf\u00fcgt \u00fcber eine Verriegelungsfunktion, um ein unbefugtes Entfernen des Melders zu verhindern und so f\u00fcr zus\u00e4tzliche Sicherheit bei der Installation zu sorgen.<\/p>\n<p class=\"\" data-start=\"836\" data-end=\"1210\">Die Basis ist so konzipiert, dass sie mit allen Detektoren der Discovery-Serie kompatibel ist und auch f\u00fcr XP95-Detektoren geeignet ist.<\/p>\n<p class=\"\" data-start=\"836\" data-end=\"1210\">Es verf\u00fcgt au\u00dferdem \u00fcber einen gro\u00dfen Innendurchmesser f\u00fcr einfachen Zugang zu Kabeln und Anschl\u00fcssen sowie \u00fcber zwei Befestigungsschraubenl\u00f6cher f\u00fcr die Installation.<\/p>\n<p class=\"\" data-start=\"1212\" data-end=\"1481\">Die Montage der Melder im Sockel erfolgt durch einfaches Drehen, ohne dass Druck ausge\u00fcbt werden muss oder zus\u00e4tzliche Kraft erforderlich ist.<\/p>\n<p class=\"\" data-start=\"1212\" data-end=\"1481\">Es verf\u00fcgt au\u00dferdem \u00fcber eine Markierung f\u00fcr die Erdung, die f\u00fcr den Betrieb nicht erforderlich ist, aber dazu verwendet werden kann, geerdete Leiter oder Kabelschirme ordnungsgem\u00e4\u00df anzuschlie\u00dfen.<\/p>","protected":false},"excerpt":{"rendered":"<p>Apollo XP95 Socket Standard ist eine einfach zu installierende Basis mit geringer Einsteckkraft und Edelstahlkontakten.<\/p>\n<p>Es verf\u00fcgt \u00fcber XPERT-Adressierung und eine Sperrfunktion, um die unbefugte Entfernung von Detektoren zu verhindern.<\/p>\n<p>Ideal f\u00fcr XP95- und Discovery-Detektoren.<\/p>","protected":false},"featured_media":140703,"template":"","meta":{"_acf_changed":false},"product_brand":[],"product_cat":[4751,4748],"product_tag":[3045,3046,2704],"class_list":{"0":"post-85843","1":"product","2":"type-product","3":"status-publish","4":"has-post-thumbnail","6":"product_cat-xp95-serien","7":"product_cat-discovery-serien","8":"product_tag-apollo-discovery","9":"product_tag-apollo-xp95","10":"product_tag-utvalda-produkter-fran-apollo","11":"product_shipping_class-postnord-varubrev","12":"pa_brands-apollo-fire-detectors","13":"tm-no-options","15":"first","16":"instock","17":"sale","18":"featured","19":"taxable","20":"shipping-taxable","21":"purchasable","22":"product-type-simple"},"acf":[],"_links":{"self":[{"href":"https:\/\/secureus.se\/de\/wp-json\/wp\/v2\/product\/85843","targetHints":{"allow":["GET"]}}],"collection":[{"href":"https:\/\/secureus.se\/de\/wp-json\/wp\/v2\/product"}],"about":[{"href":"https:\/\/secureus.se\/de\/wp-json\/wp\/v2\/types\/product"}],"wp:featuredmedia":[{"embeddable":true,"href":"https:\/\/secureus.se\/de\/wp-json\/wp\/v2\/media\/140703"}],"wp:attachment":[{"href":"https:\/\/secureus.se\/de\/wp-json\/wp\/v2\/media?parent=85843"}],"wp:term":[{"taxonomy":"product_brand","embeddable":true,"href":"https:\/\/secureus.se\/de\/wp-json\/wp\/v2\/product_brand?post=85843"},{"taxonomy":"product_cat","embeddable":true,"href":"https:\/\/secureus.se\/de\/wp-json\/wp\/v2\/product_cat?post=85843"},{"taxonomy":"product_tag","embeddable":true,"href":"https:\/\/secureus.se\/de\/wp-json\/wp\/v2\/product_tag?post=85843"}],"curies":[{"name":"wp","href":"https:\/\/api.w.org\/{rel}","templated":true}]}}