{"id":85900,"date":"2023-02-22T11:42:57","date_gmt":"2023-02-22T10:42:57","guid":{"rendered":"https:\/\/secureus.se\/produkt\/apollo-xp95-optisk-detektor\/"},"modified":"2026-04-14T20:39:34","modified_gmt":"2026-04-14T18:39:34","slug":"apollo-xp95-optisk-detektor","status":"publish","type":"product","link":"https:\/\/secureus.se\/de\/apollo-xp95-optisk-detektor\/","title":{"rendered":"Rauchmelder Apollo XP95 Optisch 55000-620APO"},"content":{"rendered":"<h1>Rauchmelder Apollo XP95 Optisch<\/h1>\n<p>Der optische Rauchmelder Apollo XP95 nutzt Lichtstreuung, um Rauch in brennbaren Umgebungen zu erkennen.<\/p>\n<p>Es ist mit einer internen pulsierenden Infrarot-LED und einer Fotodiode ausgestattet, die in einem Winkel positioniert ist, um das gestreute Licht einzufangen.<\/p>\n<p>Unter normalen Bedingungen ohne Rauch empf\u00e4ngt die Fotodiode kein Licht von der LED und sendet ein entsprechendes analoges Signal.<\/p>\n<p>Wenn Rauch in die Detektorkammer eindringt, wird das Licht gestreut und die Fotodiode registriert dies, wodurch das Signal verst\u00e4rkt und der Alarm aktiviert wird.<\/p>\n<p class=\"\" data-start=\"847\" data-end=\"1195\">Der Detektor verf\u00fcgt \u00fcber eine deutliche rote Anzeige-LED, die aufleuchtet, wenn er sich im Alarmzustand befindet.<\/p>\n<p class=\"\" data-start=\"847\" data-end=\"1195\">Es ist f\u00fcr die zuverl\u00e4ssige Branderkennung in Bereichen mit unterschiedlichen Temperaturen von -20 \u00b0C bis +60 \u00b0C konzipiert und eignet sich besonders f\u00fcr Fluchtwege.<\/p>\n<p class=\"\" data-start=\"847\" data-end=\"1195\">Es ist unempfindlich gegen\u00fcber Wind und Luftdruckschwankungen und somit unter verschiedenen Bedingungen stabil.<\/p>\n<p class=\"\" data-start=\"1197\" data-end=\"1372\">Mit einer langen Garantie von 10 Jahren ist dieser Melder eine zuverl\u00e4ssige L\u00f6sung f\u00fcr die Brand\u00fcberwachung in Geb\u00e4uden wie Hotels, B\u00fcros, Restaurants und anderen mittelgro\u00dfen bis gro\u00dfen Geb\u00e4uden.<\/p>","protected":false},"excerpt":{"rendered":"<p>Der optische Rauchmelder Apollo XP95 nutzt die Lichtstreuung einer Infrarot-LED, um langsam brennende und schwelende Br\u00e4nde schnell und effektiv zu erkennen.<\/p>\n<p>Es verf\u00fcgt \u00fcber eine Anzeige-LED, die im Alarmfall rot leuchtet.<\/p>","protected":false},"featured_media":141561,"template":"","meta":{"_acf_changed":false},"product_brand":[],"product_cat":[4751],"product_tag":[2704],"class_list":{"0":"post-85900","1":"product","2":"type-product","3":"status-publish","4":"has-post-thumbnail","6":"product_cat-xp95-serien","7":"product_tag-utvalda-produkter-fran-apollo","8":"product_shipping_class-postnord-varubrev","9":"pa_brands-apollo-fire-detectors","10":"tm-no-options","12":"first","13":"instock","14":"sale","15":"featured","16":"taxable","17":"shipping-taxable","18":"purchasable","19":"product-type-simple"},"acf":[],"_links":{"self":[{"href":"https:\/\/secureus.se\/de\/wp-json\/wp\/v2\/product\/85900","targetHints":{"allow":["GET"]}}],"collection":[{"href":"https:\/\/secureus.se\/de\/wp-json\/wp\/v2\/product"}],"about":[{"href":"https:\/\/secureus.se\/de\/wp-json\/wp\/v2\/types\/product"}],"wp:featuredmedia":[{"embeddable":true,"href":"https:\/\/secureus.se\/de\/wp-json\/wp\/v2\/media\/141561"}],"wp:attachment":[{"href":"https:\/\/secureus.se\/de\/wp-json\/wp\/v2\/media?parent=85900"}],"wp:term":[{"taxonomy":"product_brand","embeddable":true,"href":"https:\/\/secureus.se\/de\/wp-json\/wp\/v2\/product_brand?post=85900"},{"taxonomy":"product_cat","embeddable":true,"href":"https:\/\/secureus.se\/de\/wp-json\/wp\/v2\/product_cat?post=85900"},{"taxonomy":"product_tag","embeddable":true,"href":"https:\/\/secureus.se\/de\/wp-json\/wp\/v2\/product_tag?post=85900"}],"curies":[{"name":"wp","href":"https:\/\/api.w.org\/{rel}","templated":true}]}}