{"id":86558,"date":"2023-09-27T18:01:31","date_gmt":"2023-09-27T16:01:31","guid":{"rendered":"https:\/\/secureus.se\/produkt\/motorlas-841c-35-hi-o-halvsats\/"},"modified":"2025-10-21T11:58:48","modified_gmt":"2025-10-21T09:58:48","slug":"motorlas-841c-35-hi-o-halvsats","status":"publish","type":"product","link":"https:\/\/secureus.se\/de\/motorlas-841c-35-hi-o-halvsats\/","title":{"rendered":"Motorschloss 841C-35 Hi-O Halbsatz"},"content":{"rendered":"<p><b>Beschreibung:<br \/>\n<\/b><br \/>\nDas Motorschloss 841C-35 von ASSA ABLOY ist f\u00fcr T\u00fcren mit modularen Aussparungen von ASSA ABLOY geeignet. Es eignet sich gut als Nacht- und Sicherheitsverriegelung in T\u00fcren mit hohen Sicherheitsanforderungen in Gewerbe, B\u00fcros und Industrie. Tagesverriegelte T\u00fcren oder Hochfrequenzt\u00fcren sollten durch eine Tagesverriegelung erg\u00e4nzt werden, z.B. elektrischer Druckverschluss oder elektrische Endplatte. Motor Lock 841C ist eine Hi-O-Einheit, die an einen DAC630 oder DAC530 angeschlossen werden kann. Hi-O bedeutet, dass die Ger\u00e4te \u00fcber einen eingebauten Mikrocomputer verf\u00fcgen und miteinander kommunizieren, um eine Plug-and-Play-Installation, die Synchronisierung des T\u00fcrbetriebs, die \u00dcberwachung von Verhaltensweisen und den Versand von Diagnoseinformationen zu erm\u00f6glichen. Passendes Zylinderzubeh\u00f6r ASSA Sicherheitszubeh\u00f6r 4559 SCD Classic, sowie ggf. Federdrehzylinder.<\/p>\n<div><\/div>\n<div><b>Eigenschaften:<\/b><\/div>\n<div>\n<ul>\n<li>Dorntiefe 35 mm.<\/li>\n<li>Zertifiziert nach SSF3522-1093, Klasse 4<\/li>\n<li>\u00d6ffnungsgeschwindigkeit unter 1\/3 Sekunde.<\/li>\n<li>Das Schloss kann jederzeit mit einem Schl\u00fcssel\/Knopf ge\u00f6ffnet werden.<\/li>\n<li>Eingebauter T\u00fcrpositionssensor (Magnet in der Endplatte).<\/li>\n<li>Kombinierbar mit anderen Hi-O-Ger\u00e4ten ohne Controller, z.B. Tagesschloss, T\u00fcrautomatik und Kartenleser<\/li>\n<li>Motorsperrtemperatur \u2013 20 \u00b0C \u2013 + 70 \u00b0C<\/li>\n<li>Geeignete Steuereinheit h\u00e4lt Temperaturen von +5 \u00b0C \u2013 +40 \u00b0C, 20 \u2013 90 % relativer Luftfeuchtigkeit stand, nicht kondensierend<\/li>\n<\/ul>\n<p><b>Technische Daten:<\/b><\/p>\n<ul>\n<li>Betriebsspannung: 12\u201324 VDC Stab -5%+15%<\/li>\n<li>Stromverbrauch: Ruhe 50 mA Max. 445 mA bei 24 VDC<\/li>\n<li>Zertifiziert nach EN14846<\/li>\n<\/ul>\n<\/div>","protected":false},"excerpt":{"rendered":"<p>Beschreibung: Das Motorschloss 841C-35 von ASSA ABLOY ist f\u00fcr T\u00fcren mit modularen Aussparungen von ASSA ABLOY geeignet. Es eignet sich gut als Nacht- und Sicherheitsverriegelung in T\u00fcren mit hohen Sicherheitsanforderungen in Gewerbe, B\u00fcros und Industrie.<\/p>","protected":false},"featured_media":139626,"template":"","meta":{"_acf_changed":false},"product_brand":[],"product_cat":[2874],"product_tag":[4547,4543,4540,4541,4542,4863,4554,4550],"class_list":{"0":"post-86558","1":"product","2":"type-product","3":"status-publish","4":"has-post-thumbnail","6":"product_cat-motorlas","7":"product_tag-dorndjup-35mm","8":"product_tag-komplett-sats-ja","9":"product_tag-krypterad-kommunikation-ja","10":"product_tag-nodutrymning-ja","11":"product_tag-panikutrymning-nej","12":"product_tag-pf","13":"product_tag-smalprofil","14":"product_tag-spanning-ac-dc","15":"product_shipping_class-tunga-paket","16":"pa_brands-abloy","17":"tm-no-options","19":"first","20":"onbackorder","21":"sale","22":"taxable","23":"shipping-taxable","24":"purchasable","25":"product-type-simple"},"acf":[],"_links":{"self":[{"href":"https:\/\/secureus.se\/de\/wp-json\/wp\/v2\/product\/86558","targetHints":{"allow":["GET"]}}],"collection":[{"href":"https:\/\/secureus.se\/de\/wp-json\/wp\/v2\/product"}],"about":[{"href":"https:\/\/secureus.se\/de\/wp-json\/wp\/v2\/types\/product"}],"wp:featuredmedia":[{"embeddable":true,"href":"https:\/\/secureus.se\/de\/wp-json\/wp\/v2\/media\/139626"}],"wp:attachment":[{"href":"https:\/\/secureus.se\/de\/wp-json\/wp\/v2\/media?parent=86558"}],"wp:term":[{"taxonomy":"product_brand","embeddable":true,"href":"https:\/\/secureus.se\/de\/wp-json\/wp\/v2\/product_brand?post=86558"},{"taxonomy":"product_cat","embeddable":true,"href":"https:\/\/secureus.se\/de\/wp-json\/wp\/v2\/product_cat?post=86558"},{"taxonomy":"product_tag","embeddable":true,"href":"https:\/\/secureus.se\/de\/wp-json\/wp\/v2\/product_tag?post=86558"}],"curies":[{"name":"wp","href":"https:\/\/api.w.org\/{rel}","templated":true}]}}