{"id":86563,"date":"2023-09-27T18:01:24","date_gmt":"2023-09-27T16:01:24","guid":{"rendered":"https:\/\/secureus.se\/produkt\/motorlashus-840c-70-hi-o\/"},"modified":"2025-10-21T11:58:54","modified_gmt":"2025-10-21T09:58:54","slug":"motorlashus-840c-70-hi-o","status":"publish","type":"product","link":"https:\/\/secureus.se\/de\/motorlashus-840c-70-hi-o\/","title":{"rendered":"Motorschlossgeh\u00e4use 840C-70 Hi-O"},"content":{"rendered":"<p><b>Beschreibung:<br \/>\n<\/b><br \/>\nDas ASSA ABLOY Motorschloss 840C hat sich auf dem Markt bew\u00e4hrt und ist beliebt. Es eignet sich gut als Tag-, Nacht- und Sicherheitsverriegelung in T\u00fcren mit hohen Sicherheitsanforderungen in Gewerbe, B\u00fcros und Industrie. Motor Lock 840C ist eine Hi-O-Einheit, die an einen DAC630 oder DAC530 angeschlossen werden kann. Hi-O bedeutet, dass die Ger\u00e4te \u00fcber einen eingebauten Mikrocomputer verf\u00fcgen und miteinander kommunizieren, um eine Plug-and-Play-Installation, die Synchronisierung des T\u00fcrbetriebs, die \u00dcberwachung von Verhaltensweisen und den Versand von Diagnoseinformationen zu erm\u00f6glichen.<\/p>\n<div><\/div>\n<div><b>Eigenschaften:<\/b><\/div>\n<div>\n<ul>\n<li>Dorntiefe 70 mm.<\/li>\n<li>Zertifiziert nach SSF3522, Klasse 4<\/li>\n<li>\u00d6ffnungsgeschwindigkeit unter 1\/3 Sekunde.<\/li>\n<li>Das Schloss kann jederzeit mit einem Schl\u00fcssel\/Knopf ge\u00f6ffnet werden.<\/li>\n<li>Eingebauter T\u00fcrpositionssensor (Magnet in der Endplatte).<\/li>\n<li>Druckabfall, der f\u00fcr den Einbau in Brandzellen zugelassen ist, Grenzwert E\/EI 120.<\/li>\n<li>Zertifiziert nach SS-EN 14846<\/li>\n<li>Leicht umschaltbar rechts\/links<\/li>\n<li>Kombinierbar mit anderen Hi-O-Ger\u00e4ten ohne Controller, z.B. Tagesschloss, T\u00fcrautomatik und Kartenleser<\/li>\n<li>Motorsperrtemperatur \u2013 20 \u00b0C \u2013 + 70 \u00b0C<\/li>\n<li>Geeignete Steuereinheit h\u00e4lt Temperaturen von +5 \u00b0C \u2013 +40 \u00b0C, 20 \u2013 90 % relativer Luftfeuchtigkeit stand, nicht kondensierend<\/li>\n<\/ul>\n<p><b>Technische Daten:<\/b><\/p>\n<ul>\n<li>Betriebsspannung: 12\u201324 VDC Stab -5%+15%<\/li>\n<li>Stromverbrauch: Ruhe 50 mA Max. 445 mA bei 24 VDC<\/li>\n<li>Zertifiziert nach EN14846<\/li>\n<\/ul>\n<\/div>","protected":false},"excerpt":{"rendered":"<p>Beschreibung: Das ASSA ABLOY Motorschloss 840C hat sich auf dem Markt bew\u00e4hrt und ist beliebt. Es eignet sich gut als Tag-, Nacht- und Sicherheitsverriegelung in T\u00fcren mit hohen Sicherheitsanforderungen in Gewerbe, B\u00fcros und Industrie. Motorsperre<\/p>","protected":false},"featured_media":140353,"template":"","meta":{"_acf_changed":false},"product_brand":[],"product_cat":[2874],"product_tag":[4110,4549,4540,4544,4542,4863,4550],"class_list":{"0":"post-86563","1":"product","2":"type-product","3":"status-publish","4":"has-post-thumbnail","6":"product_cat-motorlas","7":"product_tag-4110","8":"product_tag-dorndjup-70mm","9":"product_tag-krypterad-kommunikation-ja","10":"product_tag-nodutrymning-nej","11":"product_tag-panikutrymning-nej","12":"product_tag-pf","13":"product_tag-spanning-ac-dc","14":"product_shipping_class-tunga-paket","15":"pa_brands-abloy","16":"tm-no-options","18":"first","19":"onbackorder","20":"sale","21":"taxable","22":"shipping-taxable","23":"purchasable","24":"product-type-simple"},"acf":[],"_links":{"self":[{"href":"https:\/\/secureus.se\/de\/wp-json\/wp\/v2\/product\/86563","targetHints":{"allow":["GET"]}}],"collection":[{"href":"https:\/\/secureus.se\/de\/wp-json\/wp\/v2\/product"}],"about":[{"href":"https:\/\/secureus.se\/de\/wp-json\/wp\/v2\/types\/product"}],"wp:featuredmedia":[{"embeddable":true,"href":"https:\/\/secureus.se\/de\/wp-json\/wp\/v2\/media\/140353"}],"wp:attachment":[{"href":"https:\/\/secureus.se\/de\/wp-json\/wp\/v2\/media?parent=86563"}],"wp:term":[{"taxonomy":"product_brand","embeddable":true,"href":"https:\/\/secureus.se\/de\/wp-json\/wp\/v2\/product_brand?post=86563"},{"taxonomy":"product_cat","embeddable":true,"href":"https:\/\/secureus.se\/de\/wp-json\/wp\/v2\/product_cat?post=86563"},{"taxonomy":"product_tag","embeddable":true,"href":"https:\/\/secureus.se\/de\/wp-json\/wp\/v2\/product_tag?post=86563"}],"curies":[{"name":"wp","href":"https:\/\/api.w.org\/{rel}","templated":true}]}}