{"id":86565,"date":"2023-09-27T18:01:20","date_gmt":"2023-09-27T16:01:20","guid":{"rendered":"https:\/\/secureus.se\/produkt\/motorlas-841c-70-hi-o-sats\/"},"modified":"2025-10-21T11:58:56","modified_gmt":"2025-10-21T09:58:56","slug":"motorlas-841c-70-hi-o-sats","status":"publish","type":"product","link":"https:\/\/secureus.se\/de\/motorlas-841c-70-hi-o-sats\/","title":{"rendered":"Motorschloss 841C-70 Hi-O Kit"},"content":{"rendered":"<p>Das ASSA ABLOY Motorschloss 841C hat sich auf dem Markt bew\u00e4hrt und ist beliebt. Es eignet sich gut als Nacht- und Sicherheitsverriegelung in T\u00fcren mit hohen Sicherheitsanforderungen in Gewerbe, B\u00fcros und Industrie. Tagesverriegelte T\u00fcren oder Hochfrequenzt\u00fcren sollten durch eine Tagesverriegelung erg\u00e4nzt werden, z.B. elektrischer Druckverschluss oder elektrische Endplatte. Der 841C ist ein Hi-O-Ger\u00e4t, das an einen DAC564 oder DAC630 angeschlossen werden kann. Hi-O bedeutet, dass die Ger\u00e4te \u00fcber einen eingebauten Mikrocomputer verf\u00fcgen und miteinander kommunizieren, um eine Plug-and-Play-Installation, die Synchronisierung des T\u00fcrbetriebs, die \u00dcberwachung von Verhaltensweisen und den Versand von Diagnoseinformationen zu erm\u00f6glichen.<\/p>\n<p><b>Im Kit-Paket enthaltenes Zubeh\u00f6r:<\/b><\/p>\n<div>Motorschloss 841C-70, Steuereinheit DAC630 Hi-O, Relaisplatine 400RC64, Endplatte 1487-2, Verbindungskabel EA226 (10 m), Kabel\u00fcbertragung EA281.<\/div>\n<div>\n<div><\/div>\n<div>\n<p><b>Eigenschaften:\u00a0\u00a0<\/b><\/p>\n<ul>\n<li>Dorntiefe 70 mm.<\/li>\n<li>\u00d6ffnungsgeschwindigkeit unter 1\/3 Sekunde.<\/li>\n<li>Das Schloss kann jederzeit mit einem Schl\u00fcssel\/Knopf ge\u00f6ffnet werden.<\/li>\n<li>Eingebauter T\u00fcrpositionssensor (Magnet in der Endplatte).<\/li>\n<li>Zertifiziert nach EN 14846<\/li>\n<li>Zertifiziert nach SSF 3522, Klasse 4<\/li>\n<li>Kombinierbar mit anderen Hi-O-Ger\u00e4ten ohne Controller, z.B. Tagesschloss, T\u00fcrautomatik und Kartenleser<\/li>\n<li>Feuerzugelassen E\/EI 120 (nicht als brandhemmende Funktion)<\/li>\n<li>Motorsperrtemperatur \u2013 20 \u00b0C \u2013 + 70 \u00b0C<\/li>\n<li>Geeignete Steuereinheit h\u00e4lt Temperaturen von +5 \u00b0C \u2013 +40 \u00b0C, 20 \u2013 90 % relativer Luftfeuchtigkeit stand, nicht kondensierend<\/li>\n<li>Mit Anschlusskabel EA226 10 Meter<\/li>\n<\/ul>\n<p><b>Steuereinheit DAC630 Hi-O + Relaisplatine 400RC64:<\/b><b>\u00a0<\/b><\/p>\n<ul>\n<li>Fungiert als Schnittstelle zur Au\u00dfenwelt, zum Hi-O-Bus der Systemoberfl\u00e4che, z.B. Zutritts- oder Alarmanlagen<\/li>\n<li>Kommuniziert \u00fcber den Hi-O-Bus mit dem Motorschloss<\/li>\n<li>Stellt dem \u00fcbergeordneten System Hinweise zur Bet\u00e4tigung der Motorsperre zur Verf\u00fcgung<\/li>\n<li>Aktiviert den Alarmausgang im Falle einer Fehlfunktion<\/li>\n<li>Anschluss an die Spannungsversorgung<\/li>\n<li>Erm\u00f6glicht den Abschluss mit externem T\u00fcrpositionssensor (Magnetkontakt)<\/li>\n<li>Steuert auch zus\u00e4tzliche (nicht Hi-O) Tagsperren, sodass eine vollst\u00e4ndige Tag-\/Nachtkombination gebildet wird<\/li>\n<\/ul>\n<p><b>Technische Daten:\u00a0<\/b><\/p>\n<ul>\n<li>Betriebsspannung: 12\u201324 VDC Stab -5%+15%<\/li>\n<li>Stromverbrauch: Ruhe 50 mA Max. 445 mA bei 24 VDC<\/li>\n<li>Zertifiziert nach EN14846<\/li>\n<\/ul>\n<\/div>\n<\/div>","protected":false},"excerpt":{"rendered":"<p>ASSA ABLOY Motorl\u00e5s 841C \u00e4r v\u00e4lbepr\u00f6vat och popul\u00e4rt p\u00e5 marknaden. Det passar bra som natt- och s\u00e4kerhets-l\u00e5sning i d\u00f6rrar med h\u00f6ga s\u00e4kerhetskrav inom handel, kontor och industri. Dagl\u00e5sta eller h\u00f6gfrekventa<\/p>","protected":false},"featured_media":139362,"template":"","meta":{"_acf_changed":false},"product_brand":[],"product_cat":[2874],"product_tag":[4549,4543,4540,4544,4542,4863,4550],"class_list":{"0":"post-86565","1":"product","2":"type-product","3":"status-publish","4":"has-post-thumbnail","6":"product_cat-motorlas","7":"product_tag-dorndjup-70mm","8":"product_tag-komplett-sats-ja","9":"product_tag-krypterad-kommunikation-ja","10":"product_tag-nodutrymning-nej","11":"product_tag-panikutrymning-nej","12":"product_tag-pf","13":"product_tag-spanning-ac-dc","14":"product_shipping_class-tunga-paket","15":"pa_brands-abloy","16":"tm-no-options","18":"first","19":"onbackorder","20":"sale","21":"taxable","22":"shipping-taxable","23":"purchasable","24":"product-type-simple"},"acf":[],"_links":{"self":[{"href":"https:\/\/secureus.se\/de\/wp-json\/wp\/v2\/product\/86565","targetHints":{"allow":["GET"]}}],"collection":[{"href":"https:\/\/secureus.se\/de\/wp-json\/wp\/v2\/product"}],"about":[{"href":"https:\/\/secureus.se\/de\/wp-json\/wp\/v2\/types\/product"}],"wp:featuredmedia":[{"embeddable":true,"href":"https:\/\/secureus.se\/de\/wp-json\/wp\/v2\/media\/139362"}],"wp:attachment":[{"href":"https:\/\/secureus.se\/de\/wp-json\/wp\/v2\/media?parent=86565"}],"wp:term":[{"taxonomy":"product_brand","embeddable":true,"href":"https:\/\/secureus.se\/de\/wp-json\/wp\/v2\/product_brand?post=86565"},{"taxonomy":"product_cat","embeddable":true,"href":"https:\/\/secureus.se\/de\/wp-json\/wp\/v2\/product_cat?post=86565"},{"taxonomy":"product_tag","embeddable":true,"href":"https:\/\/secureus.se\/de\/wp-json\/wp\/v2\/product_tag?post=86565"}],"curies":[{"name":"wp","href":"https:\/\/api.w.org\/{rel}","templated":true}]}}