{"id":86619,"date":"2023-10-27T10:51:27","date_gmt":"2023-10-27T08:51:27","guid":{"rendered":"https:\/\/secureus.se\/produkt\/evolis-primacy-2-go-pack-simplex-bundle-single-sided\/"},"modified":"2026-01-29T12:04:00","modified_gmt":"2026-01-29T11:04:00","slug":"kortskrivare-evolis-primacy-2-simplex","status":"publish","type":"product","link":"https:\/\/secureus.se\/de\/kortskrivare-evolis-primacy-2-simplex\/","title":{"rendered":"Kartendrucker Evolis Primacy 2 Simplex \u2013 Starterpaket"},"content":{"rendered":"<p><strong>Erleben Sie Qualit\u00e4t und Komfort mit Evolis Primacy 2:<\/strong> Das Evolis Primacy 2 Go Pack Simplex Bundle ist eine umfassende L\u00f6sung f\u00fcr Unternehmen und Organisationen, die einen effizienten und zuverl\u00e4ssigen Ausweisdruck ben\u00f6tigen. Dieser Drucker ist auf hohe Leistung und Flexibilit\u00e4t ausgelegt und eignet sich daher perfekt f\u00fcr den einseitigen Druck.<\/p>\n<p><strong>Was ist im Paket enthalten:<\/strong><\/p>\n<ul>\n<li><strong>Evolis Primacy 2 Simplex-ID-Kartendrucker:<\/strong> Ein schneller und effizienter Drucker, der eine Druckqualit\u00e4t von bis zu 300 dpi bietet und alle Arten von Kartenmaterial verarbeitet.<\/li>\n<li><strong>cardPresso XS ID-Karten-Design-Software:<\/strong> Eine benutzerfreundliche Kartendesign-Software, die sowohl mit MacOS als auch mit Windows kompatibel ist und das Erstellen und Anpassen von Karten erleichtert.<\/li>\n<li><strong>Evolis R5F208E100 YMCKO 300 Druckfarbband:<\/strong> Bietet bis zu 300 Ausdrucke mit hochwertigen, lebendigen Farben.<\/li>\n<li><strong>100 x 760 Mikron CR80 PVC-Karten:<\/strong> Hochwertige Blanko-ID-Karten, die sofort gedruckt werden k\u00f6nnen.<\/li>\n<\/ul>\n<p><strong>Funktionen und Vorteile:<\/strong><\/p>\n<ul>\n<li><strong>Kosteng\u00fcnstig:<\/strong> Bestellen Sie alles, was Sie brauchen, in einem Paket f\u00fcr eine flexible und kosteng\u00fcnstige L\u00f6sung.<\/li>\n<li><strong>Schnell und zuverl\u00e4ssig:<\/strong> Primacy 2 ist einer der schnellsten Drucker auf dem Markt und erm\u00f6glicht Ihnen die schnelle und effiziente Produktion von Ausweisen.<\/li>\n<li><strong>Flexibilit\u00e4t:<\/strong> Perfekt f\u00fcr die Erstellung professioneller und individueller Ausweise f\u00fcr eine Vielzahl von Anwendungen.<\/li>\n<\/ul>\n<p><strong>Produktgewicht:<\/strong><\/p>\n<ul>\n<li>8,00 kg<\/li>\n<\/ul>\n<p>W\u00e4hlen Sie das Evolis Primacy 2 Go Pack Simplex Bundle, um eine hohe Qualit\u00e4t und Effizienz beim Drucken Ihrer Ausweise zu gew\u00e4hrleisten.<\/p>","protected":false},"excerpt":{"rendered":"<p>Das Evolis Primacy 2 Go Pack Simplex Bundle ist das perfekte Starterpaket f\u00fcr Ihre Kunden, das einen der schnellsten ID-Kartendrucker auf dem Markt enth\u00e4lt: den Primacy 2.<\/p>\n<p>Die Packungen enthalten au\u00dferdem eine YMCK-Rolle mit 300 Drucken, 100 leere wei\u00dfe ID-Karten und die ID-Karten-Designsoftware cardPresso XS und bieten damit eine ideale L\u00f6sung f\u00fcr alle, die alles, was sie brauchen, in einem Paket haben m\u00f6chten.<\/p>","protected":false},"featured_media":139900,"template":"","meta":{"_acf_changed":false},"product_brand":[],"product_cat":[3205],"product_tag":[3173,3176,4863,3069],"class_list":{"0":"post-86619","1":"product","2":"type-product","3":"status-publish","4":"has-post-thumbnail","6":"product_cat-evolis","7":"product_tag-enkelsidig-single-side","8":"product_tag-evolis","9":"product_tag-pf","10":"product_tag-trade-produkt","11":"product_shipping_class-tunga-paket","12":"pa_brands-evolis","13":"pa_fabrikat-kortskrivare-evolis","14":"tm-no-options","16":"first","17":"outofstock","18":"sale","19":"taxable","20":"shipping-taxable","21":"purchasable","22":"product-type-simple"},"acf":[],"_links":{"self":[{"href":"https:\/\/secureus.se\/de\/wp-json\/wp\/v2\/product\/86619","targetHints":{"allow":["GET"]}}],"collection":[{"href":"https:\/\/secureus.se\/de\/wp-json\/wp\/v2\/product"}],"about":[{"href":"https:\/\/secureus.se\/de\/wp-json\/wp\/v2\/types\/product"}],"wp:featuredmedia":[{"embeddable":true,"href":"https:\/\/secureus.se\/de\/wp-json\/wp\/v2\/media\/139900"}],"wp:attachment":[{"href":"https:\/\/secureus.se\/de\/wp-json\/wp\/v2\/media?parent=86619"}],"wp:term":[{"taxonomy":"product_brand","embeddable":true,"href":"https:\/\/secureus.se\/de\/wp-json\/wp\/v2\/product_brand?post=86619"},{"taxonomy":"product_cat","embeddable":true,"href":"https:\/\/secureus.se\/de\/wp-json\/wp\/v2\/product_cat?post=86619"},{"taxonomy":"product_tag","embeddable":true,"href":"https:\/\/secureus.se\/de\/wp-json\/wp\/v2\/product_tag?post=86619"}],"curies":[{"name":"wp","href":"https:\/\/api.w.org\/{rel}","templated":true}]}}