{"id":86624,"date":"2023-10-27T10:44:49","date_gmt":"2023-10-27T08:44:49","guid":{"rendered":"https:\/\/secureus.se\/produkt\/fargo-dtc4500e-plastic-card-printer-with-lamination-iso-magnetic-encoder-and-locking-hoppers-dual-sided\/"},"modified":"2026-04-08T16:18:51","modified_gmt":"2026-04-08T14:18:51","slug":"kortskrivare-fargo-dtc4500e-duplex-2","status":"publish","type":"product","link":"https:\/\/secureus.se\/de\/kortskrivare-fargo-dtc4500e-duplex-2\/","title":{"rendered":"Kartendrucker Fargo DTC4500e Duplex \u2013 mit Laminierung, ISO-Magnetkodierer und abschlie\u00dfbaren F\u00e4chern"},"content":{"rendered":"<p><strong>Maximale Leistung mit dem Fargo DTC4500e:<\/strong> Der doppelseitige ID-Kartendrucker Fargo DTC4500e wurde f\u00fcr Unternehmen entwickelt, die beim Drucken von ID-Karten eine hohe Kapazit\u00e4t und Flexibilit\u00e4t ben\u00f6tigen. Mit einer robusten und zuverl\u00e4ssigen Druckmaschine bietet dieser Drucker Geschwindigkeit, Leistung und Vielseitigkeit.<\/p>\n<p><strong>Funktionen und Vorteile:<\/strong><\/p>\n<ul>\n<li><strong>Hohe Kapazit\u00e4t:<\/strong> Ausgestattet mit gro\u00dfen Rollen, die doppelt so viele Farbkarten erm\u00f6glichen, bevor die Rolle gewechselt werden muss, was Zeit spart und die Effizienz erh\u00f6ht.<\/li>\n<li><strong>Sicherheit:<\/strong> Die patentierte Sicherheitsl\u00f6sung und die abschlie\u00dfbaren F\u00e4cher sch\u00fctzen sowohl leere als auch bedruckte Ausweise.<\/li>\n<li><strong>Flexibilit\u00e4t:<\/strong> Das modulare Design erm\u00f6glicht Vor-Ort-Upgrades f\u00fcr die Laminierungs- und Kartencodierungstechnologie.<\/li>\n<li><strong>Verbindungen:<\/strong> L\u00e4sst sich problemlos \u00fcber USB und Ethernet in bestehende IT-Infrastrukturen integrieren und erm\u00f6glicht die zentrale oder entfernte Ausstellung von Ausweisen.<\/li>\n<\/ul>\n<p><strong>Technische Spezifikation:<\/strong><\/p>\n<ul>\n<li><strong>Druckgeschwindigkeit:<\/strong> Bis zu 120 Karten pro Stunde (Farbdruck, doppelseitig).<\/li>\n<li><strong>Kapazit\u00e4t:<\/strong> Kartenzuf\u00fchrung mit zwei Eing\u00e4ngen f\u00fcr 200 Karten und Ausgabe von bis zu 100 Karten.<\/li>\n<li><strong>Kartentyp:<\/strong> ISO 7810-Format, CR80, ID-1-Gr\u00f6\u00dfe, kompatibel mit PVC, PET und PC-Karte.<\/li>\n<\/ul>\n<p>Mit seiner dreij\u00e4hrigen Garantie und seinem langlebigen Design bietet der Fargo DTC4500e eine zuverl\u00e4ssige und langfristige L\u00f6sung f\u00fcr alle Ihre Anforderungen an den Druck von ID-Karten.<\/p>","protected":false},"excerpt":{"rendered":"<p>Der Fargo DTC4500e ist ein doppelseitiger ID-Kartendrucker mit USB, Ethernet und ISO-Magnetstreifenkodierer.<\/p>\n<p>Es ist mit abschlie\u00dfbaren Mulden f\u00fcr zus\u00e4tzliche Sicherheit und einer dreij\u00e4hrigen Herstellergarantie ausgestattet.<\/p>\n<p>Dieser Drucker bietet ein hohes Volumen und eine hohe Qualit\u00e4t und ist somit die perfekte L\u00f6sung f\u00fcr Ihre ID-Kartenanforderungen.<\/p>","protected":false},"featured_media":138642,"template":"","meta":{"_acf_changed":false},"product_brand":[],"product_cat":[3206],"product_tag":[2830,3172,3177,4863,3069],"class_list":{"0":"post-86624","1":"product","2":"type-product","3":"status-publish","4":"has-post-thumbnail","6":"product_cat-fargo","7":"product_tag-kortprinter-direct-to-card","8":"product_tag-dubbelsidig-dual-side","9":"product_tag-fargo","10":"product_tag-pf","11":"product_tag-trade-produkt","12":"product_shipping_class-tunga-paket","13":"pa_brands-fargo","14":"pa_fabrikat-kortskrivare-fargo","15":"tm-no-options","17":"first","18":"outofstock","19":"sale","20":"taxable","21":"shipping-taxable","22":"purchasable","23":"product-type-simple"},"acf":[],"_links":{"self":[{"href":"https:\/\/secureus.se\/de\/wp-json\/wp\/v2\/product\/86624","targetHints":{"allow":["GET"]}}],"collection":[{"href":"https:\/\/secureus.se\/de\/wp-json\/wp\/v2\/product"}],"about":[{"href":"https:\/\/secureus.se\/de\/wp-json\/wp\/v2\/types\/product"}],"wp:featuredmedia":[{"embeddable":true,"href":"https:\/\/secureus.se\/de\/wp-json\/wp\/v2\/media\/138642"}],"wp:attachment":[{"href":"https:\/\/secureus.se\/de\/wp-json\/wp\/v2\/media?parent=86624"}],"wp:term":[{"taxonomy":"product_brand","embeddable":true,"href":"https:\/\/secureus.se\/de\/wp-json\/wp\/v2\/product_brand?post=86624"},{"taxonomy":"product_cat","embeddable":true,"href":"https:\/\/secureus.se\/de\/wp-json\/wp\/v2\/product_cat?post=86624"},{"taxonomy":"product_tag","embeddable":true,"href":"https:\/\/secureus.se\/de\/wp-json\/wp\/v2\/product_tag?post=86624"}],"curies":[{"name":"wp","href":"https:\/\/api.w.org\/{rel}","templated":true}]}}