{"id":86916,"date":"2023-10-30T17:25:02","date_gmt":"2023-10-30T16:25:02","guid":{"rendered":"https:\/\/secureus.se\/?post_type=product&#038;p=86916"},"modified":"2025-12-31T21:12:41","modified_gmt":"2025-12-31T20:12:41","slug":"larmdekal-dubbelsidig-sjalvhaftande-6pack","status":"publish","type":"product","link":"https:\/\/secureus.se\/de\/larmdekal-dubbelsidig-sjalvhaftande-6pack\/","title":{"rendered":"Alarmaufkleber Doppelseitig selbstklebend \u2013 6er-Pack"},"content":{"rendered":"<p><em>Verst\u00e4rken Sie Ihre Sicherheit mit unserem praktischen 6er-Pack selbstklebender doppelseitiger Alarmaufkleber. Dieses Set enth\u00e4lt 2 A6-Formate und 4 A8-Formate und bietet Ihnen eine vielseitige L\u00f6sung zum Beschriften Ihrer wichtigsten Zugangspunkte. Unsere Alarmaufkleber bestehen aus hochwertigem Polycarbonat und zeichnen sich durch eine hervorragende Verschlei\u00dffestigkeit und Temperaturbest\u00e4ndigkeit aus. Mit diesem Kit k\u00f6nnen Sie sicherstellen, dass Ihre Bereiche sowohl im Innen- als auch im Au\u00dfenbereich deutlich markiert und sichtbar sind. Verbessern Sie Ihre Sicherheit mit diesem 6er-Pack \u2013 einer einfachen, effektiven und zuverl\u00e4ssigen L\u00f6sung.<\/em><\/p>\n<p>Alarmaufkleber wirken als starke visuelle Abschreckung gegen potenzielle Einbruchsversuche.<\/p>\n<p><strong>Robust und langlebig<\/strong><br \/>\nHergestellt aus hochwertigem Polycarbonat. Unsere Alarmaufkleber sind so konzipiert, dass sie sowohl Abnutzung als auch Temperatur standhalten. Sie k\u00f6nnen sicher sein, dass sie in einem Top-Zustand bleiben.<\/p>\n<p><strong>Doppelseitiges Design<\/strong><br \/>\nDas Beste an diesen Alarmaufklebern ist, dass sie doppelseitig sind. Dadurch ist das Motiv sowohl im Innen- als auch im Au\u00dfenbereich sichtbar, was f\u00fcr zus\u00e4tzliche Sicherheit und Sichtbarkeit sorgt, unabh\u00e4ngig davon, wo Sie sich befinden.<\/p>\n<p>Dieser Alarmaufkleber ist im Innenbereich genauso wirksam wie im Au\u00dfenbereich. Um die Haltbarkeit noch weiter zu erh\u00f6hen, k\u00f6nnen sie f\u00fcr zus\u00e4tzlichen Schutz im Innenbereich aufgestellt werden. Es gibt Ihnen die Flexibilit\u00e4t, Ihre Sicherheitsma\u00dfnahme an Ihre spezifischen Bed\u00fcrfnisse anzupassen.<\/p>\n<h3>Einsatzgebiete:<\/h3>\n<ul>\n<li><strong>Das Zuhause:<\/strong> Sch\u00fctzen Sie Ihre Familie und Ihr Zuhause, indem Sie diese Alarmaufkleber an allen wichtigen Eing\u00e4ngen anbringen.<br \/>\n<strong>Unternehmen:<\/strong> Verbessern Sie die Sicherheit Ihres Arbeitsplatzes, indem Sie die kritischsten Bereiche sowohl f\u00fcr Mitarbeiter als auch f\u00fcr Besucher sichtbar machen.<br \/>\n<strong>Gesch\u00e4fte und Unternehmen:<\/strong> Schaffen Sie eine sicherere Umgebung f\u00fcr Ihre Kunden und Mitarbeiter, indem Sie die wichtigsten Ein- und Ausg\u00e4nge markieren.<\/li>\n<\/ul>\n<h3>Produktspezifikationen:<\/h3>\n<ul>\n<li>Material: Polycarbonat<\/li>\n<li>Abmessungen: 2 St\u00fcck 105 x 148,5 mm<b>\u00a0 \u2013 <\/b>4 St\u00fcck 52 x 74 mm<\/li>\n<\/ul>\n<h3>Das Paket beinhaltet:<\/h3>\n<ul>\n<li>2 St\u00fcck 105 x 148,5 mm doppelseitig selbstklebende Alarmaufkleber<\/li>\n<li><b><\/b>4 St\u00fcck 52 x 74 mm doppelseitig selbstklebende Alarmaufkleber<\/li>\n<\/ul>\n<p>Erh\u00f6hen Sie das Sicherheitsniveau mit unseren zuverl\u00e4ssigen selbstklebenden doppelseitigen Alarmaufklebern. Jeder Aufkleber ist eine Investition in Ihre Sicherheit!<\/p>","protected":false},"excerpt":{"rendered":"<p><em>Markieren Sie Ihre Einstiegspunkte mit unserem selbstklebenden doppelseitigen Alarmaufkleber. Hergestellt aus langlebigem Polycarbonat und hervorragender Temperaturbest\u00e4ndigkeit. Da die Sicht sowohl drinnen als auch drau\u00dfen gew\u00e4hrleistet ist, ist dies ein Muss f\u00fcr mehr Sicherheit. Optimieren Sie Ihre Sicherheit mit unserem 6er-Pack selbstklebender Alarmaufkleber. Enth\u00e4lt 2 A6-Formate und 4 A8-Formate f\u00fcr eine flexible Platzierung. Seien Sie sichtbar und sicher.<\/em><\/p>","protected":false},"featured_media":134548,"template":"","meta":{"_acf_changed":false},"product_brand":[],"product_cat":[1323],"product_tag":[3053],"class_list":{"0":"post-86916","1":"product","2":"type-product","3":"status-publish","4":"has-post-thumbnail","6":"product_cat-larmdekaler","7":"product_tag-nyhet","8":"product_shipping_class-dekaler-skyltar","9":"tm-no-options","11":"first","12":"outofstock","13":"featured","14":"taxable","15":"shipping-taxable","16":"purchasable","17":"product-type-simple"},"acf":[],"_links":{"self":[{"href":"https:\/\/secureus.se\/de\/wp-json\/wp\/v2\/product\/86916","targetHints":{"allow":["GET"]}}],"collection":[{"href":"https:\/\/secureus.se\/de\/wp-json\/wp\/v2\/product"}],"about":[{"href":"https:\/\/secureus.se\/de\/wp-json\/wp\/v2\/types\/product"}],"wp:featuredmedia":[{"embeddable":true,"href":"https:\/\/secureus.se\/de\/wp-json\/wp\/v2\/media\/134548"}],"wp:attachment":[{"href":"https:\/\/secureus.se\/de\/wp-json\/wp\/v2\/media?parent=86916"}],"wp:term":[{"taxonomy":"product_brand","embeddable":true,"href":"https:\/\/secureus.se\/de\/wp-json\/wp\/v2\/product_brand?post=86916"},{"taxonomy":"product_cat","embeddable":true,"href":"https:\/\/secureus.se\/de\/wp-json\/wp\/v2\/product_cat?post=86916"},{"taxonomy":"product_tag","embeddable":true,"href":"https:\/\/secureus.se\/de\/wp-json\/wp\/v2\/product_tag?post=86916"}],"curies":[{"name":"wp","href":"https:\/\/api.w.org\/{rel}","templated":true}]}}