{"id":87005,"date":"2023-11-03T12:00:44","date_gmt":"2023-11-03T11:00:44","guid":{"rendered":"https:\/\/secureus.se\/?post_type=product&#038;p=87005"},"modified":"2026-04-08T16:18:09","modified_gmt":"2026-04-08T14:18:09","slug":"mifare-desfire-2k-nxp-ev1-kort-100-pack","status":"publish","type":"product","link":"https:\/\/secureus.se\/de\/mifare-desfire-2k-nxp-ev1-kort-100-pack\/","title":{"rendered":"Mifare DESFire 2K NXP EV1-Karte (100er-Packung) \u2013 Kontaktlos"},"content":{"rendered":"<h1>Mifare DESFire 2K NXP EV1-Karte \u2013 kontaktlos<\/h1>\n<p>Die Mifare DESFire 2K NXP EV1-Karten sind leistungsstarke kontaktlose Karten, die f\u00fcr eine sichere und flexible Datenspeicherung entwickelt wurden. Mit einer Speicherkapazit\u00e4t von 2 KByte und einem echten NXP-Chip mit 13,56 MHz eignen sich diese Karten f\u00fcr eine Vielzahl von Anwendungen, darunter Identit\u00e4t, Zugangskontrolle und Mikrozahlungen.<\/p>\n<p>Die Karten sind im Standard-CR80-Format (86 mm x 54 mm) konzipiert und lassen sich dadurch problemlos in verschiedene Systeme integrieren. Die Mifare DESFire 2K-Karten bieten eine Kombination aus Sicherheit und Benutzerfreundlichkeit und sind damit eine ausgezeichnete Wahl f\u00fcr Unternehmen und Organisationen, die eine zuverl\u00e4ssige L\u00f6sung f\u00fcr die Zugangs- und Zahlungsverwaltung suchen.<\/p>\n<p>Jede Packung enth\u00e4lt 100 Karten und ist somit sowohl f\u00fcr kleine als auch gro\u00dfe Unternehmen kosteng\u00fcnstig. Die Mifare DESFire 2K-Karten sind eine zuverl\u00e4ssige und sichere L\u00f6sung f\u00fcr moderne RFID-Anwendungen.<\/p>\n<p><strong>Funktionen und Vorteile<\/strong>:<\/p>\n<ul>\n<li>Kontaktlose Karten mit echtem NXP-Chip<\/li>\n<li>2 Kbyte Speicherkapazit\u00e4t f\u00fcr flexible Speicherung<\/li>\n<li>Standardgr\u00f6\u00dfe CR80 f\u00fcr einfache Integration<\/li>\n<li>Arbeitet mit 13,56 MHz f\u00fcr schnelle und sichere Kommunikation<\/li>\n<li>Ideal f\u00fcr Identit\u00e4t, Zugangskontrolle und Mikrozahlungen<\/li>\n<\/ul>\n<p><strong>Technische Spezifikation<\/strong>:<\/p>\n<ul>\n<li><strong>Speicherkapazit\u00e4t<\/strong>: 2 KB<\/li>\n<li><strong>Frequenz<\/strong>: 13,56 MHz<\/li>\n<li><strong>Gr\u00f6\u00dfe<\/strong>: Standard CR80 (86 mm x 54 mm)<\/li>\n<li><strong>Gewicht (Verpackung)<\/strong>: 0,59 kg<\/li>\n<\/ul>","protected":false},"excerpt":{"rendered":"<p>Dieses Produkt verf\u00fcgt \u00fcber einen zertifizierten Chip von NXP\u00ae, einem globalen Technologieunternehmen mit Hauptsitz in Holland. NXP\u00ae ist auf RFID und NFC spezialisiert und bietet eine Reihe von Produkten in den Bereichen Sicherheit, Konnektivit\u00e4t und eingebettete L\u00f6sungen.<\/p>\n<p>Die Mifare DESFire 2K NXP EV1-Karten sind kontaktlose Karten mit einem echten NXP-Chip und 2 Kbyte Speicherkapazit\u00e4t.<\/p>\n<p>Diese Karten arbeiten mit 13,56 MHz und eignen sich perfekt f\u00fcr verschiedene Anwendungen wie Identit\u00e4tsmanagement, Zugangskontrolle und Mikrozahlungen. Verkauft in Packungen mit 100 St\u00fcck.<\/p>","protected":false},"featured_media":138555,"template":"","meta":{"_acf_changed":false},"product_brand":[],"product_cat":[4233,1711],"product_tag":[4538,4146,3077,3084,3069],"class_list":{"0":"post-87005","1":"product","2":"type-product","3":"status-publish","4":"has-post-thumbnail","6":"product_cat-rfid-kort-desfire","7":"product_cat-rfid-kort","8":"product_tag-100-pack-lopnummer-rfid-kort","9":"product_tag-nxp","10":"product_tag-rfid-desfire","11":"product_tag-trade-rfid-kort","12":"product_tag-trade-produkt","13":"product_shipping_class-postnord-varubrev","14":"pa_plastkort-teknik-desfire","15":"tm-has-options","17":"first","18":"outofstock","19":"sale","20":"taxable","21":"shipping-taxable","22":"purchasable","23":"product-type-simple"},"acf":[],"_links":{"self":[{"href":"https:\/\/secureus.se\/de\/wp-json\/wp\/v2\/product\/87005","targetHints":{"allow":["GET"]}}],"collection":[{"href":"https:\/\/secureus.se\/de\/wp-json\/wp\/v2\/product"}],"about":[{"href":"https:\/\/secureus.se\/de\/wp-json\/wp\/v2\/types\/product"}],"wp:featuredmedia":[{"embeddable":true,"href":"https:\/\/secureus.se\/de\/wp-json\/wp\/v2\/media\/138555"}],"wp:attachment":[{"href":"https:\/\/secureus.se\/de\/wp-json\/wp\/v2\/media?parent=87005"}],"wp:term":[{"taxonomy":"product_brand","embeddable":true,"href":"https:\/\/secureus.se\/de\/wp-json\/wp\/v2\/product_brand?post=87005"},{"taxonomy":"product_cat","embeddable":true,"href":"https:\/\/secureus.se\/de\/wp-json\/wp\/v2\/product_cat?post=87005"},{"taxonomy":"product_tag","embeddable":true,"href":"https:\/\/secureus.se\/de\/wp-json\/wp\/v2\/product_tag?post=87005"}],"curies":[{"name":"wp","href":"https:\/\/api.w.org\/{rel}","templated":true}]}}