{"id":87150,"date":"2023-11-03T12:01:16","date_gmt":"2023-11-03T11:01:16","guid":{"rendered":"https:\/\/secureus.se\/produkt\/mifare-ultralight-nxp-c-cards-pack-of-100\/"},"modified":"2026-04-23T12:33:52","modified_gmt":"2026-04-23T10:33:52","slug":"mifare-ultralight-nxp-c-kort-100-pack","status":"publish","type":"product","link":"https:\/\/secureus.se\/de\/mifare-ultralight-nxp-c-kort-100-pack\/","title":{"rendered":"Mifare Ultralight NXP C-Karte \u2013 100er-Pack, 3DES-Sicherheit"},"content":{"rendered":"<h1>Mifare Ultralight NXP C-Karte \u2013 100er-Pack, 3DES-Sicherheit<\/h1>\n<p>Die Mifare Ultralight NXP C-Karte bietet eine kosteng\u00fcnstige L\u00f6sung f\u00fcr die kontaktlose Authentifizierung und den Datenzugriff mit 3DES-Sicherheit. Diese Karten eignen sich perfekt f\u00fcr eine Vielzahl von Anwendungen, einschlie\u00dflich Transport- und Veranstaltungstickets, Treueprogrammen und Zugangskontrolle. Mit einer Speicherkapazit\u00e4t von 1536 Bit (192 Byte) und einer Kommunikationsgeschwindigkeit von 106 kbit\/s erm\u00f6glichen diese Karten eine schnelle und effiziente Daten\u00fcbertragung. Durch die gl\u00e4nzend wei\u00dfe PVC-Oberfl\u00e4che k\u00f6nnen die Karten ganz einfach mit einem Aufdruck oder Design individuell gestaltet werden, sodass sie sowohl f\u00fcr gesch\u00e4ftliche Anl\u00e4sse als auch f\u00fcr Veranstaltungen geeignet sind. Verkauft in 100er-Packungen, was sie zu einer kosteng\u00fcnstigen Option f\u00fcr gr\u00f6\u00dfere Projekte und Installationen macht.<\/p>\n<p><strong>Funktionen und Vorteile<\/strong>:<\/p>\n<ul>\n<li>Kosteng\u00fcnstige kontaktlose Karten<\/li>\n<li>3DES-Authentifizierung und Datenzugriff<\/li>\n<li>1536 Bit (192 Byte) EEPROM-Speicher<\/li>\n<li>Kommunikationsgeschwindigkeit von 106 kbit\/s<\/li>\n<li>Gl\u00e4nzend wei\u00dfe PVC-Oberfl\u00e4che f\u00fcr individuelle Bedruckung<\/li>\n<li>Verkauft in Packungen mit 100 St\u00fcck<\/li>\n<\/ul>\n<p><strong>Technische Spezifikation<\/strong>:<\/p>\n<ul>\n<li><strong>Speicherkapazit\u00e4t<\/strong>: 1536 Bit (192 Byte)<\/li>\n<li><strong>Kommunikationsgeschwindigkeit<\/strong>: 106 kbit\/s<\/li>\n<li><strong>Gewicht (Verpackung)<\/strong>: 0,51 kg<\/li>\n<\/ul>","protected":false},"excerpt":{"rendered":"<p>Dieses Produkt verf\u00fcgt \u00fcber einen zertifizierten Chip von NXP\u00ae, einem globalen Technologieunternehmen mit Hauptsitz in Holland. NXP\u00ae ist auf RFID und NFC spezialisiert und bietet eine Reihe von Produkten in den Bereichen Sicherheit, Konnektivit\u00e4t und eingebettete L\u00f6sungen.<\/p>\n<p>Mifare Ultralight NXP C-Karten sind kosteng\u00fcnstige kontaktlose Karten mit 3DES-Authentifizierung und Datenzugriff. Diese Karten eignen sich ideal f\u00fcr Transport- und Veranstaltungstickets, Treueprogramme und Zugangskontrollen. Mit 1536 Bit (192 Byte) EEPROM-Speicher und einer gl\u00e4nzend wei\u00dfen PVC-Oberfl\u00e4che f\u00fcr individuelle Bedruckung werden sie in Packungen zu 100 St\u00fcck verkauft.<\/p>","protected":false},"featured_media":139806,"template":"","meta":{"_acf_changed":false},"product_brand":[],"product_cat":[4228,1711],"product_tag":[4538,3077,3079,3084,3069],"class_list":{"0":"post-87150","1":"product","2":"type-product","3":"status-publish","4":"has-post-thumbnail","6":"product_cat-rfid-kort-mifare-ultralight","7":"product_cat-rfid-kort","8":"product_tag-100-pack-lopnummer-rfid-kort","9":"product_tag-rfid-desfire","10":"product_tag-rfid-mifare-ultralight","11":"product_tag-trade-rfid-kort","12":"product_tag-trade-produkt","13":"product_shipping_class-postnord-varubrev","14":"pa_plastkort-teknik-mifare-ultralight","15":"tm-no-options","17":"first","18":"instock","19":"sale","20":"taxable","21":"shipping-taxable","22":"purchasable","23":"product-type-simple"},"acf":[],"_links":{"self":[{"href":"https:\/\/secureus.se\/de\/wp-json\/wp\/v2\/product\/87150","targetHints":{"allow":["GET"]}}],"collection":[{"href":"https:\/\/secureus.se\/de\/wp-json\/wp\/v2\/product"}],"about":[{"href":"https:\/\/secureus.se\/de\/wp-json\/wp\/v2\/types\/product"}],"wp:featuredmedia":[{"embeddable":true,"href":"https:\/\/secureus.se\/de\/wp-json\/wp\/v2\/media\/139806"}],"wp:attachment":[{"href":"https:\/\/secureus.se\/de\/wp-json\/wp\/v2\/media?parent=87150"}],"wp:term":[{"taxonomy":"product_brand","embeddable":true,"href":"https:\/\/secureus.se\/de\/wp-json\/wp\/v2\/product_brand?post=87150"},{"taxonomy":"product_cat","embeddable":true,"href":"https:\/\/secureus.se\/de\/wp-json\/wp\/v2\/product_cat?post=87150"},{"taxonomy":"product_tag","embeddable":true,"href":"https:\/\/secureus.se\/de\/wp-json\/wp\/v2\/product_tag?post=87150"}],"curies":[{"name":"wp","href":"https:\/\/api.w.org\/{rel}","templated":true}]}}