{"id":87161,"date":"2023-11-03T12:01:21","date_gmt":"2023-11-03T11:01:21","guid":{"rendered":"https:\/\/secureus.se\/produkt\/mifare-ultralight-nxp-ev1-cards-pack-of-100\/"},"modified":"2025-12-31T20:59:46","modified_gmt":"2025-12-31T19:59:46","slug":"mifare-ultralight-nxp-ev1-cards-pack-of-100","status":"publish","type":"product","link":"https:\/\/secureus.se\/de\/mifare-ultralight-nxp-ev1-cards-pack-of-100\/","title":{"rendered":"MIFARE Ultralight\u00ae NXP EV1 Karte (100 St\u00fcck pro Packung)"},"content":{"rendered":"<p>Die Mifare Ultralight 1k NXP EV1-Karten sind eine kosteng\u00fcnstige und problemlose Alternative zum papierbasierten Ticketing. Diese kontaktlosen Karten eignen sich ideal f\u00fcr den Einsatz in \u00f6ffentlichen Verkehrsmitteln, Parkh\u00e4usern und Veranstaltungskarten.<\/p>\n<ul>\n<li>Verkauft in Packungen mit 100 St\u00fcck<\/li>\n<li>Enth\u00e4lt echten NXP EV1-Chip<\/li>\n<li>Enth\u00e4lt 48 Byte\/384 Bit Speicher<\/li>\n<li>106 kbit\/s Kommunikationsgeschwindigkeit<\/li>\n<li>Die blanke wei\u00dfe PVC-Oberfl\u00e4che ist ideal f\u00fcr individuellen Druck<\/li>\n<\/ul>\n<p>\n <strong><br \/>\n Produktgewicht:<br \/>\n 0,50 kg<br \/>\n <\/strong>\n <\/p>","protected":false},"excerpt":{"rendered":"<p>Dieses Produkt verf\u00fcgt \u00fcber einen zertifizierten Chip von NXP\u00ae, einem globalen Technologieunternehmen mit Hauptsitz in Holland. NXP\u00ae ist auf RFID und NFC spezialisiert und bietet eine Reihe von Produkten in den Bereichen Sicherheit, Konnektivit\u00e4t und eingebettete L\u00f6sungen<\/p>","protected":false},"featured_media":139792,"template":"","meta":{"_acf_changed":false},"product_brand":[],"product_cat":[4228,1711],"product_tag":[4538,4146,3077,3079,3084,3069],"class_list":{"0":"post-87161","1":"product","2":"type-product","3":"status-publish","4":"has-post-thumbnail","6":"product_cat-rfid-kort-mifare-ultralight","7":"product_cat-rfid-kort","8":"product_tag-100-pack-lopnummer-rfid-kort","9":"product_tag-nxp","10":"product_tag-rfid-desfire","11":"product_tag-rfid-mifare-ultralight","12":"product_tag-trade-rfid-kort","13":"product_tag-trade-produkt","14":"product_shipping_class-postnord-varubrev","15":"pa_plastkort-teknik-mifare-ultralight","16":"tm-no-options","18":"first","19":"instock","20":"sale","21":"taxable","22":"shipping-taxable","23":"purchasable","24":"product-type-simple"},"acf":[],"_links":{"self":[{"href":"https:\/\/secureus.se\/de\/wp-json\/wp\/v2\/product\/87161","targetHints":{"allow":["GET"]}}],"collection":[{"href":"https:\/\/secureus.se\/de\/wp-json\/wp\/v2\/product"}],"about":[{"href":"https:\/\/secureus.se\/de\/wp-json\/wp\/v2\/types\/product"}],"wp:featuredmedia":[{"embeddable":true,"href":"https:\/\/secureus.se\/de\/wp-json\/wp\/v2\/media\/139792"}],"wp:attachment":[{"href":"https:\/\/secureus.se\/de\/wp-json\/wp\/v2\/media?parent=87161"}],"wp:term":[{"taxonomy":"product_brand","embeddable":true,"href":"https:\/\/secureus.se\/de\/wp-json\/wp\/v2\/product_brand?post=87161"},{"taxonomy":"product_cat","embeddable":true,"href":"https:\/\/secureus.se\/de\/wp-json\/wp\/v2\/product_cat?post=87161"},{"taxonomy":"product_tag","embeddable":true,"href":"https:\/\/secureus.se\/de\/wp-json\/wp\/v2\/product_tag?post=87161"}],"curies":[{"name":"wp","href":"https:\/\/api.w.org\/{rel}","templated":true}]}}