{"id":87171,"date":"2023-11-03T12:01:24","date_gmt":"2023-11-03T11:01:24","guid":{"rendered":"https:\/\/secureus.se\/produkt\/mifare-classic-4k-nxp-ev1-cards-pack-of-100\/"},"modified":"2026-04-08T16:22:31","modified_gmt":"2026-04-08T14:22:31","slug":"mifare-classic-4k-nxp-ev1-kort-100-pack","status":"publish","type":"product","link":"https:\/\/secureus.se\/de\/mifare-classic-4k-nxp-ev1-kort-100-pack\/","title":{"rendered":"Mifare Classic 4K NXP EV1-Karte \u2013 100er-Pack, 13,56 MHz"},"content":{"rendered":"<h1>Mifare Classic 4K NXP EV1-Karte \u2013 100er-Pack, 13,56 MHz<\/h1>\n<p>Die Mifare Classic 4K NXP EV1-Karte bietet hohe Sicherheit und Vielseitigkeit mit einem echten NXP-Smartchip, der sicheres Lesen und Schreiben erm\u00f6glicht. Mit einer Speicherkapazit\u00e4t von 4 KB k\u00f6nnen diese kontaktlosen Karten f\u00fcr eine Vielzahl von Anwendungen verwendet werden, darunter Zutrittskontrolle, Identit\u00e4tspr\u00fcfung und Treueprogramme. Jede Karte ist individuell mit einer eindeutigen 4-Byte-NUID-Nummer programmiert, um sicherzustellen, dass jede Karte einzigartig und leicht zu verfolgen ist. Die Karten arbeiten mit einer Frequenz von 13,56 MHz und sind im Standard-CR80-Kreditkartenformat (85,60 x 53,98 mm) erh\u00e4ltlich. Verkauft in Packungen zu 100 St\u00fcck, wodurch sie f\u00fcr gr\u00f6\u00dfere Projekte kosteng\u00fcnstig sind.<\/p>\n<p><strong>Funktionen und Vorteile<\/strong>:<\/p>\n<ul>\n<li>Echter NXP-Smartchip<\/li>\n<li>4 KB Speicherkapazit\u00e4t<\/li>\n<li>Sichere Lese-\/Schreibfunktion<\/li>\n<li>Individuell programmiert mit 4-Byte-NUID-Nummern<\/li>\n<li>Arbeitet mit einer Frequenz von 13,56 MHz<\/li>\n<li>Verkauft in Packungen mit 100 St\u00fcck<\/li>\n<li>Standard-CR80-Kreditkartenformat (85,60 x 53,98 mm)<\/li>\n<\/ul>\n<p><strong>Technische Spezifikation<\/strong>:<\/p>\n<ul>\n<li><strong>Speicherkapazit\u00e4t<\/strong>: 4 KB<\/li>\n<li><strong>Frequenz<\/strong>: 13,56 MHz<\/li>\n<li><strong>Gr\u00f6\u00dfe<\/strong>: 85,60 x 53,98 mm (CR80)<\/li>\n<li><strong>Gewicht (Verpackung)<\/strong>: 0,59 kg<\/li>\n<\/ul>","protected":false},"excerpt":{"rendered":"<p>Dieses Produkt verf\u00fcgt \u00fcber einen zertifizierten Chip von NXP\u00ae, einem globalen Technologieunternehmen mit Hauptsitz in Holland. NXP\u00ae ist auf RFID und NFC spezialisiert und bietet eine Reihe von Produkten in den Bereichen Sicherheit, Konnektivit\u00e4t und eingebettete L\u00f6sungen.<\/p>\n<p>Mifare Classic 4K NXP EV1-Karten sind kontaktlose Smartcards, die mit einem echten NXP-Smartchip ausgestattet sind. Mit einer Speicherkapazit\u00e4t von 4 KB und sicherer Lese-\/Schreibfunktion eignen sich diese Karten perfekt f\u00fcr eine Vielzahl von Anwendungen. Wird in Packungen zu 100 St\u00fcck verkauft und hat die Standardgr\u00f6\u00dfe CR80 (85,60 x 53,98 mm).<\/p>","protected":false},"featured_media":139771,"template":"","meta":{"_acf_changed":false},"product_brand":[],"product_cat":[4226,1711],"product_tag":[4538,4146,3077,3073,3084,3069],"class_list":{"0":"post-87171","1":"product","2":"type-product","3":"status-publish","4":"has-post-thumbnail","6":"product_cat-rfid-kort-mifare-classic-4k","7":"product_cat-rfid-kort","8":"product_tag-100-pack-lopnummer-rfid-kort","9":"product_tag-nxp","10":"product_tag-rfid-desfire","11":"product_tag-rfid-mifare4k","12":"product_tag-trade-rfid-kort","13":"product_tag-trade-produkt","14":"product_shipping_class-postnord-varubrev","15":"pa_plastkort-teknik-mifare4k","16":"tm-has-options","18":"first","19":"instock","20":"sale","21":"taxable","22":"shipping-taxable","23":"purchasable","24":"product-type-simple"},"acf":[],"_links":{"self":[{"href":"https:\/\/secureus.se\/de\/wp-json\/wp\/v2\/product\/87171","targetHints":{"allow":["GET"]}}],"collection":[{"href":"https:\/\/secureus.se\/de\/wp-json\/wp\/v2\/product"}],"about":[{"href":"https:\/\/secureus.se\/de\/wp-json\/wp\/v2\/types\/product"}],"wp:featuredmedia":[{"embeddable":true,"href":"https:\/\/secureus.se\/de\/wp-json\/wp\/v2\/media\/139771"}],"wp:attachment":[{"href":"https:\/\/secureus.se\/de\/wp-json\/wp\/v2\/media?parent=87171"}],"wp:term":[{"taxonomy":"product_brand","embeddable":true,"href":"https:\/\/secureus.se\/de\/wp-json\/wp\/v2\/product_brand?post=87171"},{"taxonomy":"product_cat","embeddable":true,"href":"https:\/\/secureus.se\/de\/wp-json\/wp\/v2\/product_cat?post=87171"},{"taxonomy":"product_tag","embeddable":true,"href":"https:\/\/secureus.se\/de\/wp-json\/wp\/v2\/product_tag?post=87171"}],"curies":[{"name":"wp","href":"https:\/\/api.w.org\/{rel}","templated":true}]}}