{"id":87181,"date":"2023-11-03T12:01:28","date_gmt":"2023-11-03T11:01:28","guid":{"rendered":"https:\/\/secureus.se\/produkt\/blank-salto-1k-contactless-cards-pack-of-100\/"},"modified":"2026-04-08T16:23:59","modified_gmt":"2026-04-08T14:23:59","slug":"salto-1k-rfid-kontaktlosa-kort-100-pack","status":"publish","type":"product","link":"https:\/\/secureus.se\/de\/salto-1k-rfid-kontaktlosa-kort-100-pack\/","title":{"rendered":"Salto 1K RFID kontaktlose Karten \u2013 100er-Pack, 13,56 MHz"},"content":{"rendered":"<h1>Salto 1K RFID kontaktlose Karten \u2013 100er-Pack, 13,56 MHz<\/h1>\n<p>Die kontaktlosen Salto 1K-Karten sind RFID-Karten, die mit den Sicherheitssystemen der Salto E9-Serie kompatibel sind und hohe Sicherheit und Flexibilit\u00e4t f\u00fcr eine Vielzahl von Anwendungen bieten. Mit 1 KB Speicherkapazit\u00e4t und einer Frequenz von 13,56 MHz k\u00f6nnen diese Karten f\u00fcr Zutrittskontrolle, Lichtbildausweis und Ticketl\u00f6sungen eingesetzt werden. Durch die gl\u00e4nzende Oberfl\u00e4che k\u00f6nnen die Karten mit Logos, Fotos oder anderen identifizierenden Informationen individuell gestaltet werden, was ideal f\u00fcr Arbeitspl\u00e4tze und Veranstaltungen ist. Die Karten unterst\u00fctzen au\u00dferdem das SALTO Virtual Network (SVN), das zus\u00e4tzliche Funktionen und die Fernverwaltung von Zugriffsberechtigungen bietet. Verkauft in Packungen zu 100 St\u00fcck und im Standard-CR80-Kreditkartenformat (85,60 x 53,98 mm).<\/p>\n<p><strong>Funktionen und Vorteile<\/strong>:<\/p>\n<ul>\n<li>Kompatibel mit dem Sicherheitssystem Salto E9<\/li>\n<li>1 KB Speicherkapazit\u00e4t<\/li>\n<li>Gl\u00e4nzende Oberfl\u00e4chen zur Individualisierung (Fotoausweis, Logos)<\/li>\n<li>Arbeitet mit einer Frequenz von 13,56 MHz<\/li>\n<li>Kompatibel mit SALTO Virtual Network (SVN).<\/li>\n<li>Verkauft in Packungen mit 100 St\u00fcck<\/li>\n<li>Standard-CR80-Kreditkartenformat (85,60 x 53,98 mm)<\/li>\n<\/ul>\n<p><strong>Technische Spezifikation<\/strong>:<\/p>\n<ul>\n<li style=\"list-style-type: none\">\n<ul>\n<li><strong>Speicherkapazit\u00e4t<\/strong>: 1 KB<\/li>\n<li><strong>Frequenz<\/strong>: 13,56 MHz<\/li>\n<li><strong>Gr\u00f6\u00dfe<\/strong>: 85,60 x 53,98 mm (CR80)<\/li>\n<li><strong>Gewicht (Verpackung)<\/strong>: 0,63 kg<\/li>\n<\/ul>\n<\/li>\n<\/ul>","protected":false},"excerpt":{"rendered":"<p>Die kontaktlosen RFID-Karten Salto 1K sind f\u00fcr die Verwendung mit Sicherheitssystemen der Salto E9-Serie konzipiert.<\/p>\n<p>Mit einer Speicherkapazit\u00e4t von 1 KB und einer Frequenz von 13,56 MHz eignen sich diese Karten perfekt f\u00fcr Zutrittskontroll-, Lichtbildausweis- und Ticketing-L\u00f6sungen.<\/p>\n<p>Die gl\u00e4nzende Oberfl\u00e4che erm\u00f6glicht eine bedarfsgerechte Anpassung der Karten.<\/p>\n<p>Wird in Packungen zu 100 St\u00fcck verkauft und hat die Standardgr\u00f6\u00dfe CR80.<\/p>","protected":false},"featured_media":139134,"template":"","meta":{"_acf_changed":false},"product_brand":[],"product_cat":[1711,4231],"product_tag":[4538,3077,2151,3084,3069],"class_list":{"0":"post-87181","1":"product","2":"type-product","3":"status-publish","4":"has-post-thumbnail","6":"product_cat-rfid-kort","7":"product_cat-rfid-kort-salto","8":"product_tag-100-pack-lopnummer-rfid-kort","9":"product_tag-rfid-desfire","10":"product_tag-rfid-salto","11":"product_tag-trade-rfid-kort","12":"product_tag-trade-produkt","13":"product_shipping_class-postnord-varubrev","14":"pa_brands-salto","15":"pa_plastkort-teknik-salto","16":"tm-no-options","18":"first","19":"instock","20":"sale","21":"taxable","22":"shipping-taxable","23":"purchasable","24":"product-type-simple"},"acf":[],"_links":{"self":[{"href":"https:\/\/secureus.se\/de\/wp-json\/wp\/v2\/product\/87181","targetHints":{"allow":["GET"]}}],"collection":[{"href":"https:\/\/secureus.se\/de\/wp-json\/wp\/v2\/product"}],"about":[{"href":"https:\/\/secureus.se\/de\/wp-json\/wp\/v2\/types\/product"}],"wp:featuredmedia":[{"embeddable":true,"href":"https:\/\/secureus.se\/de\/wp-json\/wp\/v2\/media\/139134"}],"wp:attachment":[{"href":"https:\/\/secureus.se\/de\/wp-json\/wp\/v2\/media?parent=87181"}],"wp:term":[{"taxonomy":"product_brand","embeddable":true,"href":"https:\/\/secureus.se\/de\/wp-json\/wp\/v2\/product_brand?post=87181"},{"taxonomy":"product_cat","embeddable":true,"href":"https:\/\/secureus.se\/de\/wp-json\/wp\/v2\/product_cat?post=87181"},{"taxonomy":"product_tag","embeddable":true,"href":"https:\/\/secureus.se\/de\/wp-json\/wp\/v2\/product_tag?post=87181"}],"curies":[{"name":"wp","href":"https:\/\/api.w.org\/{rel}","templated":true}]}}