{"id":87222,"date":"2022-03-10T15:47:00","date_gmt":"2022-03-10T14:47:00","guid":{"rendered":"https:\/\/secureus.se\/produkt\/optex-pir-cdx-am-15x15-meter-antimask-sbsc-klass-3\/"},"modified":"2026-04-01T13:29:00","modified_gmt":"2026-04-01T11:29:00","slug":"optex-pir-cdx-am-15x15-meter-antimask","status":"publish","type":"product","link":"https:\/\/secureus.se\/de\/optex-pir-cdx-am-15x15-meter-antimask\/","title":{"rendered":"Optex PIR CDX-AM 15\u00d715 Meter Antimask Pro Version"},"content":{"rendered":"<h1>Der Optex PIR CDX-AM ist einer der fortschrittlichsten PIR-Mikrowellenmelder auf dem Markt, der speziell f\u00fcr den Einsatz in Hochsicherheitsumgebungen entwickelt wurde, die eine genaue und zuverl\u00e4ssige Einbrucherkennung erfordern.<\/h1>\n<p>Mit einer Erfassungskapazit\u00e4t von 15 x 15 Metern ist dieser Detektor eine ausgezeichnete Wahl f\u00fcr gewerbliche und industrielle Anwendungen, bei denen Sicherheit von gr\u00f6\u00dfter Bedeutung ist.<\/p>\n<p>Eines der hervorstechendsten Merkmale dieses Detektors ist seine Anti-Masken-Funktion, die ihn resistent gegen Versuche macht, das Erkennungsfeld des Detektors zu maskieren oder zu manipulieren.<\/p>\n<p>Der Melder nutzt eine aktive IR-Antimask-Technologie, die es ihm erm\u00f6glicht, Blockaden oder St\u00f6rungen zu erkennen, was die Sicherheit erh\u00f6ht und das Risiko von Fehlalarmen verringert.<\/p>\n<p>Der Detektor verf\u00fcgt au\u00dferdem \u00fcber eine innovative \u201eQuad-Zonen-Logik\u201c, die es ihm erm\u00f6glicht, mehrere Erkennungszonen gleichzeitig zu analysieren, um eine genaue Erkennung zu gew\u00e4hrleisten.<\/p>\n<p>Dadurch kann es zwischen menschlichen Bewegungen und kleinen Tieren unterscheiden, wodurch es gegen\u00fcber kleineren Haustieren immun wird und das Risiko unn\u00f6tiger Alarme verringert wird.<\/p>\n<p>Um unter allen Bedingungen optimale Leistung zu bieten, ist der CDX-AM mit einer Doppelleiter-Abschirmung ausgestattet, die vor St\u00f6rungen durch helles Licht oder Funkwellen sch\u00fctzt und so eine konsistente und genaue Erkennung gew\u00e4hrleistet.<\/p>\n<p>Es verf\u00fcgt au\u00dferdem \u00fcber eine hohe Empfindlichkeit und eine einstellbare Installationsh\u00f6he zwischen 1,8 und 2,4 Metern, um unterschiedlichen Sicherheitsanforderungen und Umgebungen gerecht zu werden.<\/p>\n<p>F\u00fcr die Installation und Verwendung l\u00e4sst sich der CDX-AM einfach \u00fcber ein Standard-9,5-18-V-Gleichstromnetzteil anschlie\u00dfen.<\/p>\n<p>Mit einem Stromverbrauch von nur 20 mA ist es eine energieeffiziente L\u00f6sung f\u00fcr den Langzeiteinsatz. Durch sein robustes IP30-Geh\u00e4use eignet es sich f\u00fcr Inneninstallationen und sch\u00fctzt vor Staub und Schmutz.<\/p>\n<p>Der Detektor verf\u00fcgt au\u00dferdem \u00fcber einen einfachen und flexiblen Installationsprozess, bei dem Benutzer je nach Bedarf zwischen einem breiten Erkennungsmuster von 15 x 15 Metern oder einem schmaleren Erkennungsmuster von 24 x 2 Metern w\u00e4hlen k\u00f6nnen.<\/p>\n<p>Seine kompakten Abmessungen und sein geringes Gewicht erm\u00f6glichen eine einfache Platzierung am gew\u00fcnschten Ort und bieten gleichzeitig ein hohes Ma\u00df an Erkennung und Zuverl\u00e4ssigkeit.<\/p>\n<p><strong>Technische Spezifikationen<\/strong>:<\/p>\n<ul>\n<li><strong>Erfassungsbereich (LxB)<\/strong>: 15\u00d715 Meter<\/li>\n<li><strong>Montageh\u00f6he<\/strong>: 1,8\u20132,4 Meter<\/li>\n<li><strong>Stromverbrauch<\/strong>: 20mA<\/li>\n<li><strong>Stromspannung<\/strong>: 9,5\u201318 V Gleichstrom<\/li>\n<li><strong>Temperaturbereich<\/strong>: -10\u00b0C bis +50\u00b0C<\/li>\n<li><strong>Maskierungsschutz<\/strong>: Ja (aktive IR-Antimaskierung)<\/li>\n<li><strong>Alarmausgang<\/strong>: NC 28V DC 0,2A max<\/li>\n<li><strong>Sabotageausgang<\/strong>: NC 28V DC 0,1A max<\/li>\n<li><strong>Schutzklasse<\/strong>: IP30<\/li>\n<li><strong>Messen<\/strong>: 140 x 70 x 52,3 mm<\/li>\n<li><strong>Gewicht<\/strong>: 180<\/li>\n<\/ul>","protected":false},"excerpt":{"rendered":"<p>Der Optex PIR CDX-AM ist ein fortschrittlicher PIR-Detektor mit Anti-Maskierungsfunktion, der f\u00fcr eine zuverl\u00e4ssige Detektion entwickelt wurde.<\/p>\n<p>Es bietet einen Erfassungsbereich von 15 x 15 Metern, Maskierungsschutz und eine hohe Fehlalarmresistenz.<\/p>","protected":false},"featured_media":145584,"template":"","meta":{"_acf_changed":false},"product_brand":[],"product_cat":[1325],"product_tag":[2145,3067,2466],"class_list":{"0":"post-87222","1":"product","2":"type-product","3":"status-publish","4":"has-post-thumbnail","6":"product_cat-larmgivare-skalskydd","7":"product_tag-rorelsedetektor-ir-detektorer","8":"product_tag-optex-cdx-outlet","9":"product_tag-sbsc-larmklass3","10":"product_shipping_class-postnord-varubrev","11":"pa_brands-optex","12":"tm-no-options","14":"first","15":"instock","16":"sale","17":"featured","18":"taxable","19":"shipping-taxable","20":"purchasable","21":"product-type-simple"},"acf":[],"_links":{"self":[{"href":"https:\/\/secureus.se\/de\/wp-json\/wp\/v2\/product\/87222","targetHints":{"allow":["GET"]}}],"collection":[{"href":"https:\/\/secureus.se\/de\/wp-json\/wp\/v2\/product"}],"about":[{"href":"https:\/\/secureus.se\/de\/wp-json\/wp\/v2\/types\/product"}],"wp:featuredmedia":[{"embeddable":true,"href":"https:\/\/secureus.se\/de\/wp-json\/wp\/v2\/media\/145584"}],"wp:attachment":[{"href":"https:\/\/secureus.se\/de\/wp-json\/wp\/v2\/media?parent=87222"}],"wp:term":[{"taxonomy":"product_brand","embeddable":true,"href":"https:\/\/secureus.se\/de\/wp-json\/wp\/v2\/product_brand?post=87222"},{"taxonomy":"product_cat","embeddable":true,"href":"https:\/\/secureus.se\/de\/wp-json\/wp\/v2\/product_cat?post=87222"},{"taxonomy":"product_tag","embeddable":true,"href":"https:\/\/secureus.se\/de\/wp-json\/wp\/v2\/product_tag?post=87222"}],"curies":[{"name":"wp","href":"https:\/\/api.w.org\/{rel}","templated":true}]}}