{"id":87293,"date":"2023-11-13T15:40:33","date_gmt":"2023-11-13T14:40:33","guid":{"rendered":"https:\/\/secureus.se\/?post_type=product&#038;p=87293"},"modified":"2026-03-30T12:28:05","modified_gmt":"2026-03-30T10:28:05","slug":"ajax-fireprotect-2-plus-rb-rok-co-och-temperatur-svart","status":"publish","type":"product","link":"https:\/\/secureus.se\/de\/ajax-fireprotect-2-plus-rb-rok-co-och-temperatur-svart\/","title":{"rendered":"Ajax FireProtect 2 Plus RB \u2013 Rauch, CO und Temperatur Schwarz"},"content":{"rendered":"<h3>Ajax FireProtect 2 Plus RB ist die neueste Innovation im Brandschutz und setzt einen neuen Standard f\u00fcr Feuermelder.<\/h3>\n<p>Mit seiner F\u00e4higkeit, Rauch, Temperatur und Kohlenmonoxid (CO) zu erkennen, bietet dieses Ger\u00e4t ein H\u00f6chstma\u00df an Sicherheit f\u00fcr Privathaushalte und Unternehmen. FireProtect 2 Plus RB verf\u00fcgt \u00fcber eine fortschrittliche Rauchkammer, die eine Reinigung \u00fcberfl\u00fcssig macht und das Risiko von Fehlalarmen, die durch Faktoren wie Feuchtigkeit, K\u00e4lte, Staub und Insekten verursacht werden k\u00f6nnen, wirksam reduziert.<\/p>\n<p><strong>Pr\u00e4zise und zuverl\u00e4ssige Erkennung<\/strong><br \/>\nDer innovative Dual-Spektrum-Sensor im Ajax FireProtect 2 Plus RB unterscheidet zwischen Rauch und Dampf, wodurch er schnell auf Br\u00e4nde mit synthetischen Materialien reagiert und das Risiko einer Alarmausl\u00f6sung in nicht feuerrelevanten Situationen eliminiert.<\/p>\n<p>Diese F\u00e4higkeit, zwischen Rauch und Dampf zu unterscheiden, macht den FireProtect 2 Plus RB zu einem sehr genauen und zuverl\u00e4ssigen Feuermelder.<\/p>\n<p><strong>Lange Batterielebensdauer und einfacher Austausch<\/strong><br \/>\nFireProtect 2 Plus RB ist mit zwei CR123A-Batterien ausgestattet, die eine lange Lebensdauer von bis zu 7 Jahren haben.<\/p>\n<p>Wenn die Batterien ausgetauscht werden m\u00fcssen, erinnert die Ajax-App den Benutzer daran und erleichtert so die Aufrechterhaltung des Top-Zustands des Ger\u00e4ts. Um sicherzustellen, dass der Feuermelder jederzeit funktionsf\u00e4hig ist, gibt es eine Benachrichtigung, wann die Batterie gewechselt werden muss.<\/p>\n<p><strong>Kompatibilit\u00e4t und einfache Installation<\/strong><br \/>\nAjax FireProtect 2 Plus RB arbeitet perfekt mit dem Ajax-Alarmsystem zusammen und l\u00e4sst sich einfach \u00fcber die Ajax-App integrieren.<\/p>\n<p>Die Funkreichweite von bis zu 1.700 Metern macht die Installation flexibel und einfach. Es funktioniert auch als eigenst\u00e4ndiges Ger\u00e4t, d. h. es muss nicht an ein System angeschlossen werden, um zu funktionieren, was dem Benutzer maximale Flexibilit\u00e4t bietet.<\/p>\n<p><strong>Sicherheitsstufen und Funktionen<\/strong><br \/>\nFireProtect 2 Plus RB hat einen Schallpegel von 85 dB in einer Entfernung von 3 Metern, was ausreicht, um sicherzustellen, dass der Benutzer den Alarm auch in lauten Umgebungen h\u00f6rt.<\/p>\n<p>Die Alarmschwelle f\u00fcr die Temperatur liegt bei 64\u00b0C oder einem Anstieg von 10\u00b0C f\u00fcr eine Minute, was eine schnelle Reaktion auf Brandereignisse bedeutet. Mit der Schutzart IP20 ist der Rauchmelder vor Schmutz und Staub gesch\u00fctzt, f\u00fcr den Einsatz im Freien ist er jedoch nicht vorgesehen.<\/p>\n<p><strong>Technische Spezifikationen<\/strong>:<\/p>\n<ul>\n<li><strong>Kompatibilit\u00e4t<\/strong>: Hub Plus, Hub 2, Hub 2 Plus, Hub Hybrid, ReX, ReX 2<\/li>\n<li><strong>Drahtlose Reichweite<\/strong>: Bis zu 1700 Meter im freien Gel\u00e4nde<\/li>\n<li><strong>Akku-Typ<\/strong>: 2 x CR123A<\/li>\n<li><strong>Akkulaufzeit<\/strong>: Bis zu 7 Jahre<\/li>\n<li><strong>Temperaturbereich<\/strong>: 0\u00b0C bis +50\u00b0C<\/li>\n<li><strong>Luftfeuchtigkeit<\/strong>: Bis zu 80%<\/li>\n<li><strong>IP-Klasse<\/strong>: IP20<\/li>\n<li><strong>Lautst\u00e4rke<\/strong>: 85 dB (3 Meter)<\/li>\n<li><strong>Alarmschwelle<\/strong>: +64\u00b0C oder Erh\u00f6hung um 10\u00b0C f\u00fcr weniger als 1 Minute<\/li>\n<\/ul>\n<p><strong>Das Paket enth\u00e4lt<\/strong>:<\/p>\n<ul>\n<li>1 x Ajax FireProtect 2 Plus RB<\/li>\n<li>2 x CR123A-Batterien<\/li>\n<li>1 x Montagesatz<\/li>\n<\/ul>\n<p><strong>Abschluss<\/strong>:<br \/>\nAjax FireProtect 2 Plus RB ist eine bahnbrechende Brandschutzl\u00f6sung, die eine genaue Erkennung von Rauch, Temperatur\u00e4nderungen und Kohlenmonoxid bietet.<\/p>\n<p>Mit seinem innovativen Design und der fortschrittlichen Technologie ist es sowohl zuverl\u00e4ssig als auch effizient und somit eine ausgezeichnete Wahl f\u00fcr alle, die einen hochwertigen Brandschutz f\u00fcr ihr Zuhause oder ihr Unternehmen suchen.<\/p>","protected":false},"excerpt":{"rendered":"<p>Ajax FireProtect 2 Plus RB ist ein fortschrittlicher Feuermelder mit der F\u00e4higkeit, Rauch, Temperatur\u00e4nderungen und Kohlenmonoxid zu erkennen.<\/p>\n<p>Ausgestattet mit einer innovativen Rauchkammer und Dual-Spektrum-Sensoren minimiert es das Risiko von Fehlalarmen und bietet zuverl\u00e4ssige Sicherheit f\u00fcr Ihr Zuhause oder Ihr Unternehmen.<\/p>\n<p>Mit langer Akkulaufzeit und reibungsloser Integration in das Ajax-Alarmsystem ist es die ideale L\u00f6sung f\u00fcr den Brandschutz.<\/p>","protected":false},"featured_media":156026,"template":"","meta":{"_acf_changed":false},"product_brand":[],"product_cat":[3159,1319],"product_tag":[3152,3127,4863],"class_list":{"0":"post-87293","1":"product","2":"type-product","3":"status-publish","4":"has-post-thumbnail","6":"product_cat-brandvarnare","7":"product_cat-ajax-larm","8":"product_tag-cr123-tillbehor","9":"product_tag-kontrollprodukt","10":"product_tag-pf","11":"product_shipping_class-tunga-paket","12":"pa_brands-ajax-systems","13":"pa_farg-svart","14":"tm-no-options","16":"first","17":"instock","18":"sale","19":"featured","20":"taxable","21":"shipping-taxable","22":"purchasable","23":"product-type-simple"},"acf":[],"_links":{"self":[{"href":"https:\/\/secureus.se\/de\/wp-json\/wp\/v2\/product\/87293","targetHints":{"allow":["GET"]}}],"collection":[{"href":"https:\/\/secureus.se\/de\/wp-json\/wp\/v2\/product"}],"about":[{"href":"https:\/\/secureus.se\/de\/wp-json\/wp\/v2\/types\/product"}],"wp:featuredmedia":[{"embeddable":true,"href":"https:\/\/secureus.se\/de\/wp-json\/wp\/v2\/media\/156026"}],"wp:attachment":[{"href":"https:\/\/secureus.se\/de\/wp-json\/wp\/v2\/media?parent=87293"}],"wp:term":[{"taxonomy":"product_brand","embeddable":true,"href":"https:\/\/secureus.se\/de\/wp-json\/wp\/v2\/product_brand?post=87293"},{"taxonomy":"product_cat","embeddable":true,"href":"https:\/\/secureus.se\/de\/wp-json\/wp\/v2\/product_cat?post=87293"},{"taxonomy":"product_tag","embeddable":true,"href":"https:\/\/secureus.se\/de\/wp-json\/wp\/v2\/product_tag?post=87293"}],"curies":[{"name":"wp","href":"https:\/\/api.w.org\/{rel}","templated":true}]}}