{"id":87451,"date":"2023-11-22T17:06:13","date_gmt":"2023-11-22T16:06:13","guid":{"rendered":"https:\/\/secureus.se\/?post_type=product&#038;p=87451"},"modified":"2026-03-31T16:42:18","modified_gmt":"2026-03-31T14:42:18","slug":"tagg-laddbricka-mifare-pro","status":"publish","type":"product","link":"https:\/\/secureus.se\/de\/tagg-laddbricka-mifare-pro\/","title":{"rendered":"Tag Ladetag Mifare\u00ae \u2013 Pro"},"content":{"rendered":"<h1>RFID-Tag-Ladeschale Mifare<\/h1>\n<p>Vereinfachen Sie das Laden Ihres Elektroautos und erh\u00f6hen Sie das Sicherheitsniveau mit unseren RFID-Tags und Ladeetiketten, abgestimmt auf den MIFARE-Standard und kompatibel mit Ladeboxen f\u00fchrender Marken wie Easee &amp; Zaptec.<\/p>\n<h3><strong>Hauptmerkmale:<\/strong><\/h3>\n<ol>\n<li><strong>Einfache Zugangskontrolle:<\/strong>\n<ul>\n<li>Nutzen Sie unseren RFID-Tag, um Ihre Ladebox einfach zu verschlie\u00dfen und den Benutzerzugriff zu regulieren. Perfekt, um die Nutzung an unbeaufsichtigten Orten wie Sommerh\u00e4usern einzuschr\u00e4nken.<\/li>\n<\/ul>\n<\/li>\n<li><strong>Sicherheit im Fokus:<\/strong>\n<ul>\n<li>Sch\u00fctzen Sie Ihre Ladebox mit unserem MIFARE-Standard-RFID-Tag, ideal f\u00fcr Benutzer, die Wert auf Sicherheit legen, insbesondere an Orten, an denen die Ladebox \u00fcber l\u00e4ngere Zeitr\u00e4ume unbeaufsichtigt ausgesetzt ist.<\/li>\n<\/ul>\n<\/li>\n<li><strong>Reibungslose Installation:<\/strong>\n<ul>\n<li>Integrieren Sie den RFID-Tag ganz einfach, indem Sie den klaren Anweisungen in Ihrer Ladebox-App folgen. Kein komplizierter Prozess, nur einfache und reibungslose Anwendung.<\/li>\n<\/ul>\n<\/li>\n<li><strong>Optimale Effizienz mit der Ladeschale:<\/strong>\n<ul>\n<li>Erh\u00f6hen Sie die Ladegeschwindigkeit um bis zu 40% mit unserer effizienten Ladeschale, was zu einem schnelleren und kosteng\u00fcnstigeren Laden Ihres Elektroautos f\u00fchrt.<\/li>\n<\/ul>\n<\/li>\n<\/ol>\n<h3><strong>Einsatzgebiete:<\/strong><\/h3>\n<ul>\n<li><strong>Freizeitladen:<\/strong>\n<ul>\n<li>Perfekt f\u00fcr Sommerh\u00e4user oder Orte, an denen die Ladebox unbeaufsichtigt sein kann. Mit dem RFID-Tag haben Sie die Kontrolle \u00fcber die Nutzung der Ladebox und erh\u00f6hen die Sicherheit.<\/li>\n<\/ul>\n<\/li>\n<li><strong>Sicheres Laden f\u00fcr Unternehmen:<\/strong>\n<ul>\n<li>Ideal f\u00fcr Unternehmen, die sicherstellen m\u00fcssen, dass nur autorisierte Benutzer Zugriff auf die Ladeinfrastruktur haben.<\/li>\n<\/ul>\n<\/li>\n<\/ul>\n<p>Optimieren Sie das Laden Ihres Elektroautos mit unseren zuverl\u00e4ssigen RFID-Tags und Ladeetiketten. Bestellen Sie noch heute f\u00fcr ein sichereres und reibungsloseres Ladeerlebnis mit Easee!<\/p>\n<h3 class=\"title3_container__95KRM\"><strong>Zaptec<\/strong><\/h3>\n<ol>\n<li>\n<p class=\"editorial-body_container__B1_Rn\">\u00d6ffnen Sie die Zaptec-App<\/p>\n<\/li>\n<li>\n<p class=\"editorial-body_container__B1_Rn\">Gehe zu\u00a0<strong>Meine Schl\u00fcsselanh\u00e4nger<\/strong><\/p>\n<\/li>\n<li>\n<p class=\"editorial-body_container__B1_Rn\">W\u00e4hlen\u00a0<strong>Neu hinzuf\u00fcgen<\/strong><\/p>\n<\/li>\n<\/ol>\n<h3 class=\"title3_container__95KRM\"><strong>Einfach<\/strong><\/h3>\n<ol>\n<li>\n<p class=\"editorial-body_container__B1_Rn\">\u00d6ffnen Sie die Easee-App<\/p>\n<\/li>\n<li>\n<p class=\"editorial-body_container__B1_Rn\">\u00d6ffnen Sie das Men\u00fc in der oberen linken Ecke<\/p>\n<\/li>\n<li>\n<p class=\"editorial-body_container__B1_Rn\">W\u00e4hlen\u00a0<strong>Einfache Schl\u00fcssel<\/strong> und gut\u00a0<strong>Hinzuf\u00fcgen<\/strong> aus der oberen rechten Ecke<\/p>\n<\/li>\n<li>\n<p class=\"editorial-body_container__B1_Rn\">W\u00e4hlen Sie Ihre Ladebox<\/p>\n<\/li>\n<li>\n<p class=\"editorial-body_container__B1_Rn\">Halten Sie Ihr RFID an die Markierung auf der Ladebox oder scannen Sie es mit Ihrem Telefon<\/p>\n<\/li>\n<li>\n<p class=\"editorial-body_container__B1_Rn\">Benennen Sie Ihren RFID-Tag, z. B. \u201eLadeschale\u201c.<\/p>\n<\/li>\n<\/ol>","protected":false},"excerpt":{"rendered":"<p>RFID-Tag\/Ladepad in Schwarz. Der Tag entspricht dem MIFARE-Standard und ist mit allen MIFARE-f\u00e4higen Ladeboxen kompatibel, darunter Easee und Zaptec. Dieses Produkt verf\u00fcgt \u00fcber einen zertifizierten Chip von NXP\u00ae.<\/p>\n<p>Wenn Sie eine Nummer auf dem Anh\u00e4nger w\u00fcnschen, um ihn einfacher in Ihre App einzubinden, klicken Sie auf \u201eProdukt anpassen\u201c und w\u00e4hlen Sie \u201eChippet UID\u201c. Wir gravieren dann die eindeutige Schl\u00fcsselnummer vor der Auslieferung auf den Anh\u00e4nger.<\/p>","protected":false},"featured_media":158677,"template":"","meta":{"_acf_changed":false},"product_brand":[],"product_cat":[3091,4815,4784,4814],"product_tag":[3090,4146],"class_list":{"0":"post-87451","1":"product","2":"type-product","3":"status-publish","4":"has-post-thumbnail","6":"product_cat-elbilsladdning","7":"product_cat-easee-taggar","8":"product_cat-mifare1k","9":"product_cat-zaptec-taggar","10":"product_tag-laddbricka","11":"product_tag-nxp","12":"product_shipping_class-postnord-varubrev","13":"pa_brands-stonehouse-security","14":"pa_chip-teknik-mifare1k","15":"tm-has-options","17":"first","18":"instock","19":"taxable","20":"shipping-taxable","21":"purchasable","22":"product-type-simple"},"acf":[],"_links":{"self":[{"href":"https:\/\/secureus.se\/de\/wp-json\/wp\/v2\/product\/87451","targetHints":{"allow":["GET"]}}],"collection":[{"href":"https:\/\/secureus.se\/de\/wp-json\/wp\/v2\/product"}],"about":[{"href":"https:\/\/secureus.se\/de\/wp-json\/wp\/v2\/types\/product"}],"wp:featuredmedia":[{"embeddable":true,"href":"https:\/\/secureus.se\/de\/wp-json\/wp\/v2\/media\/158677"}],"wp:attachment":[{"href":"https:\/\/secureus.se\/de\/wp-json\/wp\/v2\/media?parent=87451"}],"wp:term":[{"taxonomy":"product_brand","embeddable":true,"href":"https:\/\/secureus.se\/de\/wp-json\/wp\/v2\/product_brand?post=87451"},{"taxonomy":"product_cat","embeddable":true,"href":"https:\/\/secureus.se\/de\/wp-json\/wp\/v2\/product_cat?post=87451"},{"taxonomy":"product_tag","embeddable":true,"href":"https:\/\/secureus.se\/de\/wp-json\/wp\/v2\/product_tag?post=87451"}],"curies":[{"name":"wp","href":"https:\/\/api.w.org\/{rel}","templated":true}]}}