{"id":87759,"date":"2023-03-28T14:23:51","date_gmt":"2023-03-28T12:23:51","guid":{"rendered":"https:\/\/secureus.se\/produkt\/apollo-pp2526-discovery-brandknapp-inomhusbruk-en-54-11-certifierad-rod\/"},"modified":"2026-04-23T13:30:10","modified_gmt":"2026-04-23T11:30:10","slug":"apollo-pp2526-discovery-brandknapp-inomhusbruk-en-54-11-certifierad-rod","status":"publish","type":"product","link":"https:\/\/secureus.se\/de\/apollo-pp2526-discovery-brandknapp-inomhusbruk-en-54-11-certifierad-rod\/","title":{"rendered":"Apollo PP2526 Discovery Feuertaster, Innenbereich, EN 54-11 zertifiziert, rot"},"content":{"rendered":"<h1>Apollo PP2526 Discovery Feuertaster, Innenbereich, EN 54-11 zertifiziert, rot<\/h1>\n<p class=\"\" data-start=\"396\" data-end=\"765\">Der intelligente manuelle Meldepunkt Apollo PP2526 Discovery ist so konzipiert, dass durch Dr\u00fccken der zur\u00fccksetzbaren Taste einfach ein Feueralarm aktiviert werden kann.<\/p>\n<p class=\"\" data-start=\"396\" data-end=\"765\">Bei Aktivierung leuchtet die LED durchgehend rot, um den Alarmstatus anzuzeigen, w\u00e4hrend sie gr\u00fcn blinkt, um den Abfragestatus anzuzeigen, und gelb, um einen Fehler anzuzeigen.<\/p>\n<p class=\"\" data-start=\"396\" data-end=\"765\">Dadurch l\u00e4sst sich die Funktionalit\u00e4t des Ger\u00e4ts einfach \u00fcberwachen und \u00fcberpr\u00fcfen.<\/p>\n<p class=\"\" data-start=\"767\" data-end=\"1208\">Dieser manuelle Meldepunkt ist sowohl f\u00fcr die Halbeinbau- als auch f\u00fcr die Aufputzmontage geeignet und verf\u00fcgt \u00fcber die Schutzart IP44 zum Schutz vor Schmutz und Feuchtigkeit.<\/p>\n<p class=\"\" data-start=\"767\" data-end=\"1208\">Mit einer Spannung von 17\u201335 V DC und Kompatibilit\u00e4t mit XP95-, Discovery- und CoreProtocol-Systemen bietet dieses Ger\u00e4t hohe Leistung und Zuverl\u00e4ssigkeit.<\/p>\n<p class=\"\" data-start=\"767\" data-end=\"1208\">Es verf\u00fcgt \u00fcber einen \u201ePlug and Play\u201c-Anschluss f\u00fcr eine schnelle und einfache Installation und eine Durchgangsverbindung zum Testen der Kabel vor der Installation.<\/p>\n<p class=\"\" data-start=\"1210\" data-end=\"1343\">Mit einer 10-j\u00e4hrigen Garantie und einem robusten Polycarbonatgeh\u00e4use ist dieser manuelle Meldepunkt eine langlebige und sichere L\u00f6sung f\u00fcr Feueralarmsysteme.<\/p>","protected":false},"excerpt":{"rendered":"<p>Der intelligente manuelle Meldepunkt Apollo PP2526 Discovery wird verwendet, um manuell einen Alarm im Brandmeldesystem auszul\u00f6sen.<\/p>\n<p>Es verf\u00fcgt \u00fcber eine Reset-Funktion, eine 170\u00b0 sichtbare LED und ist nach EN 54-11 zertifiziert.<\/p>","protected":false},"featured_media":140460,"template":"","meta":{"_acf_changed":false},"product_brand":[],"product_cat":[4748],"product_tag":[],"class_list":{"0":"post-87759","1":"product","2":"type-product","3":"status-publish","4":"has-post-thumbnail","6":"product_cat-discovery-serien","7":"product_shipping_class-postnord-varubrev","8":"pa_brands-apollo-fire-detectors","9":"tm-no-options","11":"first","12":"instock","13":"sale","14":"featured","15":"taxable","16":"shipping-taxable","17":"purchasable","18":"product-type-simple"},"acf":[],"_links":{"self":[{"href":"https:\/\/secureus.se\/de\/wp-json\/wp\/v2\/product\/87759","targetHints":{"allow":["GET"]}}],"collection":[{"href":"https:\/\/secureus.se\/de\/wp-json\/wp\/v2\/product"}],"about":[{"href":"https:\/\/secureus.se\/de\/wp-json\/wp\/v2\/types\/product"}],"wp:featuredmedia":[{"embeddable":true,"href":"https:\/\/secureus.se\/de\/wp-json\/wp\/v2\/media\/140460"}],"wp:attachment":[{"href":"https:\/\/secureus.se\/de\/wp-json\/wp\/v2\/media?parent=87759"}],"wp:term":[{"taxonomy":"product_brand","embeddable":true,"href":"https:\/\/secureus.se\/de\/wp-json\/wp\/v2\/product_brand?post=87759"},{"taxonomy":"product_cat","embeddable":true,"href":"https:\/\/secureus.se\/de\/wp-json\/wp\/v2\/product_cat?post=87759"},{"taxonomy":"product_tag","embeddable":true,"href":"https:\/\/secureus.se\/de\/wp-json\/wp\/v2\/product_tag?post=87759"}],"curies":[{"name":"wp","href":"https:\/\/api.w.org\/{rel}","templated":true}]}}