{"id":87767,"date":"2023-09-14T14:45:32","date_gmt":"2023-09-14T12:45:32","guid":{"rendered":"https:\/\/secureus.se\/produkt\/siren-blixt-multiton-rod-en54-utom-inomhus-2\/"},"modified":"2026-03-12T13:13:03","modified_gmt":"2026-03-12T12:13:03","slug":"siren-blixt-multiton-rod-en54-utom-inomhus-bs-ah03127-s_low","status":"publish","type":"product","link":"https:\/\/secureus.se\/de\/siren-blixt-multiton-rod-en54-utom-inomhus-bs-ah03127-s_low\/","title":{"rendered":"Sirene\/Blitz, mehrfarbig, Rot EN54, Au\u00dfen-\/Innenbereich BS-AH03127-S_LOW"},"content":{"rendered":"<h3 class=\"\" data-start=\"196\" data-end=\"289\"><strong data-start=\"200\" data-end=\"289\">Sirene mit Blitz \u2013 Rot (BS-AH03127-S_LOW) \u2013 EN54-zertifiziert f\u00fcr den Innen- und Au\u00dfenbereich<\/strong><\/h3>\n<p class=\"\" data-start=\"291\" data-end=\"589\">Eine leistungsstarke Kombination aus Ton- und Lichtalarmen \u2013 perfekt f\u00fcr Industriegel\u00e4nde, Lagerhallen, Parkh\u00e4user und andere Umgebungen, in denen klare Warnungen erforderlich sind.<br data-start=\"436\" data-end=\"439\" \/>Die Sirene\/Blitz BS-AH03127-S_LOW ist eine fortschrittliche Alarmeinheit mit bis zu 114 dB Schallpegel und starker optischer Anzeige per Blitz, zertifiziert nach EN54.<\/p>\n<hr class=\"\" data-start=\"591\" data-end=\"594\" \/>\n<h4 class=\"\" data-start=\"596\" data-end=\"616\"><strong data-start=\"601\" data-end=\"616\">Eigenschaften:<\/strong><\/h4>\n<ul data-start=\"617\" data-end=\"1222\">\n<li class=\"\" data-start=\"617\" data-end=\"690\">\n<p class=\"\" data-start=\"619\" data-end=\"690\">\ud83d\udd0a <strong data-start=\"622\" data-end=\"656\">Hohe Lautst\u00e4rke bis zu 114 dB<\/strong> \u2013 ist auch in lauter Umgebung h\u00f6rbar.<\/p>\n<\/li>\n<li class=\"\" data-start=\"691\" data-end=\"769\">\n<p class=\"\" data-start=\"693\" data-end=\"769\">\ud83d\udca1 <strong data-start=\"696\" data-end=\"737\">Integrierter Blitz mit Hochleistungsobjektiv<\/strong> \u2013 f\u00fcr eine klare visuelle Warnung.<\/p>\n<\/li>\n<li class=\"\" data-start=\"770\" data-end=\"856\">\n<p class=\"\" data-start=\"772\" data-end=\"856\">\ud83d\udd27 <strong data-start=\"775\" data-end=\"797\">Einfache Installation<\/strong> \u2013 Doppelte Anschlussklemmen f\u00fcr einfache Reihenschaltung.<\/p>\n<\/li>\n<li class=\"\" data-start=\"857\" data-end=\"915\">\n<p class=\"\" data-start=\"859\" data-end=\"915\">\ud83c\udf9b\ufe0f <strong data-start=\"863\" data-end=\"880\">Lautst\u00e4rkeregelung<\/strong> \u2013 Passen Sie die Lautst\u00e4rke nach Bedarf an.<\/p>\n<\/li>\n<li class=\"\" data-start=\"916\" data-end=\"1001\">\n<p class=\"\" data-start=\"918\" data-end=\"1001\">\ud83d\udd04 <strong data-start=\"921\" data-end=\"939\">32 Signalt\u00f6ne<\/strong> \u2013 einfache Auswahl per DIP-Schalter f\u00fcr unterschiedliche Szenarien.<\/p>\n<\/li>\n<li class=\"\" data-start=\"1002\" data-end=\"1060\">\n<p class=\"\" data-start=\"1004\" data-end=\"1060\">\u26a1 <strong data-start=\"1006\" data-end=\"1030\">Geringer Stromverbrauch<\/strong> \u2013 nur 14,5 mA im Betrieb.<\/p>\n<\/li>\n<li class=\"\" data-start=\"1061\" data-end=\"1132\">\n<p class=\"\" data-start=\"1063\" data-end=\"1132\">\ud83d\udee1\ufe0f <strong data-start=\"1067\" data-end=\"1087\">Schutzklasse IP44<\/strong> \u2013 kann sowohl in Innen- als auch in Au\u00dfenbereichen eingesetzt werden.<\/p>\n<\/li>\n<li class=\"\" data-start=\"1133\" data-end=\"1222\">\n<p class=\"\" data-start=\"1135\" data-end=\"1222\">\u2705 <strong data-start=\"1137\" data-end=\"1157\">EN54 zertifiziert<\/strong> \u2013 zugelassen nach europ\u00e4ischen Normen f\u00fcr Feuermeldeanlagen.<\/p>\n<\/li>\n<\/ul>\n<hr class=\"\" data-start=\"1224\" data-end=\"1227\" \/>\n<h4 class=\"\" data-start=\"1229\" data-end=\"1258\"><strong data-start=\"1234\" data-end=\"1258\">Technische Informationen:<\/strong><\/h4>\n<div class=\"_tableContainer_16hzy_1\">\n<div class=\"_tableWrapper_16hzy_14 group flex w-fit flex-col-reverse\">\n<table class=\"w-fit min-w-(--thread-content-width)\" data-start=\"1260\" data-end=\"1744\">\n<thead data-start=\"1260\" data-end=\"1285\">\n<tr data-start=\"1260\" data-end=\"1285\">\n<th data-start=\"1260\" data-end=\"1276\" data-col-size=\"sm\">Spezifikation<\/th>\n<th data-start=\"1276\" data-end=\"1285\" data-col-size=\"sm\">Wert<\/th>\n<\/tr>\n<\/thead>\n<tbody data-start=\"1312\" data-end=\"1744\">\n<tr data-start=\"1312\" data-end=\"1345\">\n<td data-start=\"1312\" data-end=\"1325\" data-col-size=\"sm\"><strong data-start=\"1314\" data-end=\"1324\">Modell<\/strong><\/td>\n<td data-start=\"1325\" data-end=\"1345\" data-col-size=\"sm\">BS-AH03127-S_LOW<\/td>\n<\/tr>\n<tr data-start=\"1346\" data-end=\"1380\">\n<td data-start=\"1346\" data-end=\"1356\" data-col-size=\"sm\"><strong data-start=\"1348\" data-end=\"1355\">Typ<\/strong><\/td>\n<td data-start=\"1356\" data-end=\"1380\" data-col-size=\"sm\">Feuersirene mit Blitz<\/td>\n<\/tr>\n<tr data-start=\"1381\" data-end=\"1406\">\n<td data-start=\"1381\" data-end=\"1396\" data-col-size=\"sm\"><strong data-start=\"1383\" data-end=\"1395\">Stromspannung<\/strong><\/td>\n<td data-start=\"1396\" data-end=\"1406\" data-col-size=\"sm\">24 V Gleichstrom<\/td>\n<\/tr>\n<tr data-start=\"1407\" data-end=\"1449\">\n<td data-start=\"1407\" data-end=\"1438\" data-col-size=\"sm\"><strong data-start=\"1409\" data-end=\"1437\">Stromverbrauch (Alarm)<\/strong><\/td>\n<td data-col-size=\"sm\" data-start=\"1438\" data-end=\"1449\">14,5 mA<\/td>\n<\/tr>\n<tr data-start=\"1450\" data-end=\"1496\">\n<td data-start=\"1450\" data-end=\"1465\" data-col-size=\"sm\"><strong data-start=\"1452\" data-end=\"1464\">Schallpegel<\/strong><\/td>\n<td data-col-size=\"sm\" data-start=\"1465\" data-end=\"1496\">Bis zu 114 dB bei 1 Meter<\/td>\n<\/tr>\n<tr data-start=\"1497\" data-end=\"1529\">\n<td data-start=\"1497\" data-end=\"1515\" data-col-size=\"sm\"><strong data-start=\"1499\" data-end=\"1514\">Signalt\u00f6ne<\/strong><\/td>\n<td data-col-size=\"sm\" data-start=\"1515\" data-end=\"1529\">32 w\u00e4hlbar<\/td>\n<\/tr>\n<tr data-start=\"1530\" data-end=\"1548\">\n<td data-start=\"1530\" data-end=\"1541\" data-col-size=\"sm\"><strong data-start=\"1532\" data-end=\"1540\">Malen<\/strong><\/td>\n<td data-col-size=\"sm\" data-start=\"1541\" data-end=\"1548\">ROT<\/td>\n<\/tr>\n<tr data-start=\"1549\" data-end=\"1580\">\n<td data-start=\"1549\" data-end=\"1565\" data-col-size=\"sm\"><strong data-start=\"1551\" data-end=\"1564\">Montage<\/strong><\/td>\n<td data-start=\"1565\" data-end=\"1580\" data-col-size=\"sm\">Aufputzmontage<\/td>\n<\/tr>\n<tr data-start=\"1581\" data-end=\"1607\">\n<td data-start=\"1581\" data-end=\"1599\" data-col-size=\"sm\"><strong data-start=\"1583\" data-end=\"1598\">Schutzklasse<\/strong><\/td>\n<td data-col-size=\"sm\" data-start=\"1599\" data-end=\"1607\">IP44<\/td>\n<\/tr>\n<tr data-start=\"1608\" data-end=\"1651\">\n<td data-start=\"1608\" data-end=\"1631\" data-col-size=\"sm\"><strong data-start=\"1610\" data-end=\"1630\">Abmessungen (\u00d8 x H x T)<\/strong><\/td>\n<td data-col-size=\"sm\" data-start=\"1631\" data-end=\"1651\">93 x 110 x 90 mm<\/td>\n<\/tr>\n<tr data-start=\"1652\" data-end=\"1672\">\n<td data-start=\"1652\" data-end=\"1663\" data-col-size=\"sm\"><strong data-start=\"1654\" data-end=\"1662\">Gewicht<\/strong><\/td>\n<td data-start=\"1663\" data-end=\"1672\" data-col-size=\"sm\">278 g<\/td>\n<\/tr>\n<tr data-start=\"1673\" data-end=\"1716\">\n<td data-start=\"1673\" data-end=\"1696\" data-col-size=\"sm\"><strong data-start=\"1675\" data-end=\"1695\">Arbeitstemperatur<\/strong><\/td>\n<td data-col-size=\"sm\" data-start=\"1696\" data-end=\"1716\">-25\u00b0C bis +80\u00b0C<\/td>\n<\/tr>\n<tr data-start=\"1717\" data-end=\"1744\">\n<td data-start=\"1717\" data-end=\"1736\" data-col-size=\"sm\"><strong data-start=\"1719\" data-end=\"1735\">Zertifizierung<\/strong><\/td>\n<td data-col-size=\"sm\" data-start=\"1736\" data-end=\"1744\">EN 54-Richtlinien<\/td>\n<\/tr>\n<\/tbody>\n<\/table>\n<div class=\"sticky end-(--thread-content-margin) h-0 self-end select-none\">\n<div class=\"absolute end-0 flex items-end\"><\/div>\n<\/div>\n<\/div>\n<\/div>\n<hr class=\"\" data-start=\"1746\" data-end=\"1749\" \/>\n<h4 class=\"\" data-start=\"1751\" data-end=\"1794\"><strong data-start=\"1756\" data-end=\"1794\">Empfohlene Verwendung:<\/strong><\/h4>\n<ul data-start=\"1795\" data-end=\"1976\">\n<li class=\"\" data-start=\"1795\" data-end=\"1837\">\n<p class=\"\" data-start=\"1797\" data-end=\"1837\">Fabriken und Industrieanlagen<\/p>\n<\/li>\n<li class=\"\" data-start=\"1838\" data-end=\"1866\">\n<p class=\"\" data-start=\"1840\" data-end=\"1866\">Lagerhallen und Logistikzentren<\/p>\n<\/li>\n<li class=\"\" data-start=\"1867\" data-end=\"1918\">\n<p class=\"\" data-start=\"1869\" data-end=\"1918\">Parkh\u00e4user und gr\u00f6\u00dfere Gewerbegeb\u00e4ude<\/p>\n<\/li>\n<li class=\"\" data-start=\"1919\" data-end=\"1976\">\n<p class=\"\" data-start=\"1921\" data-end=\"1976\">\u00d6ffentliche Umgebungen, in denen sowohl Ton- als auch Lichtalarme erforderlich sind<\/p>\n<\/li>\n<\/ul>\n<hr class=\"\" data-start=\"1978\" data-end=\"1981\" \/>\n<h4 class=\"\" data-start=\"1983\" data-end=\"2017\"><strong data-start=\"1988\" data-end=\"2017\">Installation und Wartung:<\/strong><\/h4>\n<p class=\"\" data-start=\"2018\" data-end=\"2310\">Montieren Sie es an einem Ort, an dem sich Ton und Licht ungehindert ausbreiten k\u00f6nnen. Sorgen Sie f\u00fcr eine stabile Stromversorgung und einen korrekten Anschluss gem\u00e4\u00df Anleitung.<br data-start=\"2164\" data-end=\"2167\" \/>Um eine optimale Leistung zu erzielen, \u00fcberpr\u00fcfen Sie regelm\u00e4\u00dfig, dass die Ton- oder Lichtemissionen nicht blockiert werden, und reinigen Sie das Ger\u00e4t bei Bedarf mit einem trockenen, weichen Tuch.<\/p>","protected":false},"excerpt":{"rendered":"<p>Leistungsstarke Sirene mit Blitz (114 dB) f\u00fcr den Innen-\/Au\u00dfenbereich \u2013 32 Signalt\u00f6ne, geringer Stromverbrauch und EN54 zertifiziert. Perfekt f\u00fcr Industrie, Lager und \u00f6ffentliche Umgebungen.<\/p>","protected":false},"featured_media":140358,"template":"","meta":{"_acf_changed":false},"product_brand":[],"product_cat":[1825,5097],"product_tag":[2959,3042],"class_list":{"0":"post-87767","1":"product","2":"type-product","3":"status-publish","4":"has-post-thumbnail","6":"product_cat-sirener-brand","7":"product_cat-kombisiren-blixt-brand","8":"product_tag-certifierad-en54","9":"product_tag-kombi-siren-blixt","10":"pa_farg-rod","11":"tm-no-options","13":"first","14":"onbackorder","15":"sale","16":"featured","17":"taxable","18":"shipping-taxable","19":"purchasable","20":"product-type-simple"},"acf":[],"_links":{"self":[{"href":"https:\/\/secureus.se\/de\/wp-json\/wp\/v2\/product\/87767","targetHints":{"allow":["GET"]}}],"collection":[{"href":"https:\/\/secureus.se\/de\/wp-json\/wp\/v2\/product"}],"about":[{"href":"https:\/\/secureus.se\/de\/wp-json\/wp\/v2\/types\/product"}],"wp:featuredmedia":[{"embeddable":true,"href":"https:\/\/secureus.se\/de\/wp-json\/wp\/v2\/media\/140358"}],"wp:attachment":[{"href":"https:\/\/secureus.se\/de\/wp-json\/wp\/v2\/media?parent=87767"}],"wp:term":[{"taxonomy":"product_brand","embeddable":true,"href":"https:\/\/secureus.se\/de\/wp-json\/wp\/v2\/product_brand?post=87767"},{"taxonomy":"product_cat","embeddable":true,"href":"https:\/\/secureus.se\/de\/wp-json\/wp\/v2\/product_cat?post=87767"},{"taxonomy":"product_tag","embeddable":true,"href":"https:\/\/secureus.se\/de\/wp-json\/wp\/v2\/product_tag?post=87767"}],"curies":[{"name":"wp","href":"https:\/\/api.w.org\/{rel}","templated":true}]}}