{"id":89260,"date":"2024-01-04T15:43:16","date_gmt":"2024-01-04T14:43:16","guid":{"rendered":"https:\/\/secureus.se\/produkt\/fonsterbroms-160s-3-l800mm-hoger\/"},"modified":"2026-04-13T16:21:48","modified_gmt":"2026-04-13T14:21:48","slug":"fonsterbroms-dorrbroms-160s-3-l800mm-hoger","status":"publish","type":"product","link":"https:\/\/secureus.se\/de\/fonsterbroms-dorrbroms-160s-3-l800mm-hoger\/","title":{"rendered":"ASSA Fix 160S\/3 Fenster-\/T\u00fcrbremse \u2013 Rechts \u2013 352 mm"},"content":{"rendered":"<div>Die ASSA ABLOY 160S ist eine Fensterbremse f\u00fcr Fenster und Fenstert\u00fcren zusammen mit einem Spaniel mit Getriebe (in der Bezeichnung mit F gekennzeichnet). Wird im Allgemeinen f\u00fcr Fenster und Fenstert\u00fcren zusammen mit ASSA\/FIX-Spanjolet verwendet, das \u00fcber ein Getriebe f\u00fcr die T\u00fcrbremse verf\u00fcgt. 160S ist gem\u00e4\u00df den Bauvorschriften des Zentralamts f\u00fcr Wohnungswesen (BBR) als kindersichere Schlie\u00dfvorrichtung zugelassen. Dies gilt, wenn der Schl\u00fcssel vom Bedienknopf 4570 (separat erh\u00e4ltlich) abgezogen wird. Wird verwendet, um Fenster und Terrassent\u00fcren in der gew\u00fcnschten L\u00fcftungsposition offen zu halten. Die Fensterbremse 160S verf\u00fcgt \u00fcber eine abnehmbare Rahmenhalterung und wird mit der separat erh\u00e4ltlichen Rahmenhalterung 5580 oder 5550T montiert.<\/div>\n<div><b><br \/>\nEigenschaften:<\/b><\/div>\n<div>\n<ul>\n<li>Typgepr\u00fcfte Kindersicherung nach BBR<\/li>\n<li>Gilt, wenn der Schl\u00fcssel vom Bedienknopf 4570 abgezogen wird<\/li>\n<li>Mit abnehmbarer Rahmenhalterung (150 und 150S haben feste Halterung)<\/li>\n<li>F\u00fcr Fenster und Fenstert\u00fcren, die \u00fcber Sicherheitsbeschl\u00e4ge verf\u00fcgen m\u00fcssen.<\/li>\n<li>Bedienung mit dem Griff des Spaniels.<\/li>\n<li>Bei geschlossenem Griff wird der Lichtbogen durch Reibung in der gew\u00fcnschten L\u00fcftungsposition gehalten.<\/li>\n<li>Zur Schonung von Rahmen und Scharnieren rutscht die Fensterbremse bei \u00dcberlastung durch.<\/li>\n<li>Wenn sich der Griff in der ge\u00f6ffneten Position befindet, hat der Bogen Spielraum.<\/li>\n<li>Die Haltereibung nimmt mit gr\u00f6\u00dferem \u00d6ffnungswinkel zu.<\/li>\n<li>Rechts oder links wird je nach T\u00fcrscharnier und T\u00fcrscharnier bestimmt.<\/li>\n<\/ul>\n<\/div>\n<div><b><br \/>\nFunktion:<\/b><\/div>\n<div>\n<ul>\n<li>Rastbolzen, der die \u00d6ffnung zur Kindersicherung auf die zul\u00e4ssige L\u00fcftungsposition begrenzt (max. 100 mm \u00d6ffnungsspalt).<\/li>\n<li>Um \u00fcber die Verriegelungsposition hinaus zu \u00f6ffnen, muss der abziehbare Schl\u00fcssel eingesteckt und ge\u00f6ffnet werden.<\/li>\n<li>Der Schl\u00fcssel wird gedreht, bevor der B\u00fcgel die Rastposition erreicht, wenn sich der B\u00fcgel \u00f6ffnet.<\/li>\n<li>Die Verriegelungsfunktion wird automatisch wieder aufgenommen, wenn der Bogen geschlossen und der Schl\u00fcssel abgezogen wird.<\/li>\n<\/ul>\n<\/div>\n<div><b><br \/>\nMa\u00dfe Gr\u00f6\u00dfe 160S\/3:<\/b><\/div>\n<div>\n<ul>\n<li>Bogenbreite: 551-800 mm<\/li>\n<li>Schlossschaftl\u00e4nge bei maximaler Bogenbreite: 657 mm.<\/li>\n<li>L\u00e4nge des Bremskastens: 352 mm.<\/li>\n<li>Arml\u00e4nge: 280 mm.<\/li>\n<li>Breite: 20 mm<\/li>\n<\/ul>\n<p><strong>Sehen Sie sich die Bilder an, um herauszufinden, welches Modell Sie ben\u00f6tigen. Das erste Bild in der Diashow zeigt immer die konkrete Bremse, auf der Sie sich gerade befinden.\u00a0<\/strong><\/p>\n<p><strong>Die Tatsache, dass das Produkt \u201eRechts\u201c oder \u201eLinks\u201c hei\u00dft, hat nichts damit zu tun, ob Ihre T\u00fcr links oder rechts angeschlagen ist. Beispielsweise bedeutet \u201eLinks\u201c, dass sich der Bremshebel auf der linken Seite im Bremskasten\/Bremskasten befindet, wenn die offene Seite des Kastens nach oben zeigt.\u00a0<\/strong><\/p>\n<p><strong>Viele Menschen bestellen ein falsches Produkt dieser Art. Wenn Sie also nicht sicher sind, ob das Produkt, das Sie zu Hause haben, mit dem Bild \u00fcbereinstimmt, bitten wir Sie, besonders aufmerksam zu sein.<\/strong><\/p>\n<\/div>","protected":false},"excerpt":{"rendered":"<div style=\"background: #f6f8fa;padding: 14px;border-radius: 6px;margin: 15px 0\">\n<p><strong>\u2714 Dieses Modell ist RICHTIG<\/strong><\/p>\n<p>Pr\u00fcfen Sie vor der Bestellung Ihre vorhandene Fensterbremse. Halten Sie den Bremskasten so, dass die \u00d6ffnung nach oben und die kurze Seite zu Ihnen zeigt, <strong>Der Bremsstift befindet sich bei diesem Modell auf der rechten Seite.<\/strong><\/p>\n<p><img decoding=\"async\" style=\"max-width: 300px;width: 100%;margin-top: 10px;border-radius: 6px\" src=\"https:\/\/secureus.se\/wp-content\/uploads\/2026\/03\/hoger-vanster-enkel.jpg\" alt=\"Fensterbremse links oder rechts\" \/><\/p>\n<\/div>","protected":false},"featured_media":138474,"template":"","meta":{"_acf_changed":false},"product_brand":[],"product_cat":[3126,4795],"product_tag":[4100,4109,4102,4863],"class_list":{"0":"post-89260","1":"product","2":"type-product","3":"status-publish","4":"has-post-thumbnail","6":"product_cat-fonsterbroms","7":"product_cat-assa-fix-160s","8":"product_tag-4100","9":"product_tag-4109","10":"product_tag-hoger","11":"product_tag-pf","12":"product_shipping_class-tunga-paket","13":"pa_brands-abloy","14":"tm-no-options","16":"first","17":"instock","18":"sale","19":"taxable","20":"shipping-taxable","21":"purchasable","22":"product-type-simple"},"acf":[],"_links":{"self":[{"href":"https:\/\/secureus.se\/de\/wp-json\/wp\/v2\/product\/89260","targetHints":{"allow":["GET"]}}],"collection":[{"href":"https:\/\/secureus.se\/de\/wp-json\/wp\/v2\/product"}],"about":[{"href":"https:\/\/secureus.se\/de\/wp-json\/wp\/v2\/types\/product"}],"wp:featuredmedia":[{"embeddable":true,"href":"https:\/\/secureus.se\/de\/wp-json\/wp\/v2\/media\/138474"}],"wp:attachment":[{"href":"https:\/\/secureus.se\/de\/wp-json\/wp\/v2\/media?parent=89260"}],"wp:term":[{"taxonomy":"product_brand","embeddable":true,"href":"https:\/\/secureus.se\/de\/wp-json\/wp\/v2\/product_brand?post=89260"},{"taxonomy":"product_cat","embeddable":true,"href":"https:\/\/secureus.se\/de\/wp-json\/wp\/v2\/product_cat?post=89260"},{"taxonomy":"product_tag","embeddable":true,"href":"https:\/\/secureus.se\/de\/wp-json\/wp\/v2\/product_tag?post=89260"}],"curies":[{"name":"wp","href":"https:\/\/api.w.org\/{rel}","templated":true}]}}