{"id":89287,"date":"2024-01-04T15:43:23","date_gmt":"2024-01-04T14:43:23","guid":{"rendered":"https:\/\/secureus.se\/produkt\/karmfaste-5550t-zink\/"},"modified":"2026-04-08T16:01:32","modified_gmt":"2026-04-08T14:01:32","slug":"karmfaste-5550t-zink","status":"publish","type":"product","link":"https:\/\/secureus.se\/de\/karmfaste-5550t-zink\/","title":{"rendered":"ASSA Fix Rahmenhalterung 5550T \u2013 Zink"},"content":{"rendered":"<p>5550T ist eine Rahmenhalterung inkl. f\u00fcr Fix T\u00fcr- und Fensterbremse 160 und 160S. Aus Zink.<\/p>\n<p><b>Eigenschaften:<\/b><\/p>\n<ul>\n<li>In Holzrahmen eingeschraubt<\/li>\n<li>Das Loch in der Mitte f\u00fcr den T\u00fcrbremsstift 8 mm<\/li>\n<li>Au\u00dfendurchmesser des Gewindeteils: 14 mm + Gewinde<\/li>\n<li>Au\u00dfendurchmesser: 18 mm<\/li>\n<li>H\u00f6he: 15 mm (13 mm Gewindeteil)<\/li>\n<\/ul>","protected":false},"excerpt":{"rendered":"<p>5550T ist eine Rahmenhalterung inkl. f\u00fcr Fix T\u00fcr- und Fensterbremse 160 und 160S. Aus Zink. Merkmale: In den Holzrahmen eingeschraubt. Das Loch in der Mitte f\u00fcr den T\u00fcrbremsstift hat einen Au\u00dfendurchmesser von 8 mm<\/p>","protected":false},"featured_media":138517,"template":"","meta":{"_acf_changed":false},"product_brand":[],"product_cat":[3126],"product_tag":[4863],"class_list":{"0":"post-89287","1":"product","2":"type-product","3":"status-publish","4":"has-post-thumbnail","6":"product_cat-fonsterbroms","7":"product_tag-pf","8":"product_shipping_class-postnord-varubrev","9":"pa_brands-abloy","10":"tm-no-options","12":"first","13":"instock","14":"taxable","15":"shipping-taxable","16":"purchasable","17":"product-type-simple"},"acf":[],"_links":{"self":[{"href":"https:\/\/secureus.se\/de\/wp-json\/wp\/v2\/product\/89287","targetHints":{"allow":["GET"]}}],"collection":[{"href":"https:\/\/secureus.se\/de\/wp-json\/wp\/v2\/product"}],"about":[{"href":"https:\/\/secureus.se\/de\/wp-json\/wp\/v2\/types\/product"}],"wp:featuredmedia":[{"embeddable":true,"href":"https:\/\/secureus.se\/de\/wp-json\/wp\/v2\/media\/138517"}],"wp:attachment":[{"href":"https:\/\/secureus.se\/de\/wp-json\/wp\/v2\/media?parent=89287"}],"wp:term":[{"taxonomy":"product_brand","embeddable":true,"href":"https:\/\/secureus.se\/de\/wp-json\/wp\/v2\/product_brand?post=89287"},{"taxonomy":"product_cat","embeddable":true,"href":"https:\/\/secureus.se\/de\/wp-json\/wp\/v2\/product_cat?post=89287"},{"taxonomy":"product_tag","embeddable":true,"href":"https:\/\/secureus.se\/de\/wp-json\/wp\/v2\/product_tag?post=89287"}],"curies":[{"name":"wp","href":"https:\/\/api.w.org\/{rel}","templated":true}]}}