{"id":89293,"date":"2024-01-04T15:43:25","date_gmt":"2024-01-04T14:43:25","guid":{"rendered":"https:\/\/secureus.se\/produkt\/fonsterbroms-160-4-l1100mm-vanster\/"},"modified":"2026-04-12T17:51:29","modified_gmt":"2026-04-12T15:51:29","slug":"fonsterbroms-dorrbroms-160-4-l1100mm-vanster","status":"publish","type":"product","link":"https:\/\/secureus.se\/de\/fonsterbroms-dorrbroms-160-4-l1100mm-vanster\/","title":{"rendered":"ASSA Fix 160\/4 Fenster-\/T\u00fcrbremse \u2013 Links \u2013 452 mm"},"content":{"rendered":"<p><strong>ASSA Fix 160\/4<\/strong> ist ein robustes <strong>Fensterbremse f\u00fcr Fenster, Balkont\u00fcren und Terrassent\u00fcren<\/strong>. Es wird zusammen mit <strong>ASSA\/FIX Espagnolette mit Transfer<\/strong> und erm\u00f6glicht es, die T\u00fcr oder das Fenster in einem kontrollierten Bereich offen zu halten. <strong>Beatmungsmodus<\/strong>.<\/p>\n<p>Wenn der Griff geschlossen ist, entsteht durch die Reibung in der Bremse eine Funktion, die das Fenster oder die T\u00fcr in der gew\u00fcnschten L\u00fcftungsposition h\u00e4lt. Beim \u00d6ffnen des Griffs kann sich der Fl\u00fcgel frei bewegen. Die Konstruktion sieht vor, dass die Bremse bei \u00dcberlastung durchrutscht, um sowohl die Scharniere als auch die Beschl\u00e4ge zu sch\u00fctzen.<\/p>\n<p>Modell <strong>160<\/strong> ist ausgestattet mit <strong>abnehmbare Rahmenhalterung<\/strong> und wird zusammen mit der Rahmenhalterung montiert. <strong>5580<\/strong> oder <strong>5550T<\/strong> die separat erworben werden m\u00fcssen.<\/p>\n<h3>Eigenschaften<\/h3>\n<ul>\n<li>Fensterbremse \/ T\u00fcrbremse f\u00fcr Fenster und Terrassent\u00fcren<\/li>\n<li>Abnehmbare Rahmenhalterung<\/li>\n<li>Wird zusammen mit ASSA\/FIX Espagnolette mit Transfer verwendet<\/li>\n<li>Passend f\u00fcr Fenster und Fenstert\u00fcren mit Sicherheitsbeschl\u00e4gen.<\/li>\n<li>Bedienung \u00fcber den Espagnolette-Griff<\/li>\n<li>H\u00e4lt T\u00fcr oder Fenster in L\u00fcftungsposition<\/li>\n<li>Rutscht bei \u00dcberlastung ab, um Scharniere und Beschl\u00e4ge zu sch\u00fctzen.<\/li>\n<li>Die Haltereibung nimmt mit gr\u00f6\u00dferem \u00d6ffnungswinkel zu<\/li>\n<li>Freispiel in offener Griffposition<\/li>\n<\/ul>\n<h3>Abmessungen \u2013 ASSA Fix 160\/4<\/h3>\n<ul>\n<li>F\u00fcr eine Bogenbreite von 801\u20131100 mm<\/li>\n<li>Schaftl\u00e4nge des Schlosses bei maximaler Bogenweite: 907 mm<\/li>\n<li>Bremskastenl\u00e4nge: 452 mm<\/li>\n<li>Arml\u00e4nge: 450 mm<\/li>\n<li>Bremskastenbreite: 20 mm<\/li>\n<\/ul>\n<h3>Wichtig bez\u00fcglich links und rechts<\/h3>\n<p>Der Name <strong>links oder rechts<\/strong> hat nichts damit zu tun, ob die T\u00fcr links oder rechts angeschlagen ist. Die Variante wird stattdessen bestimmt durch <strong>Position des Bremsbolzens im Bremskasten<\/strong>.<\/p>\n<p>\u2022 Stift auf der linken Seite = linkes Modell<br \/>\n\u2022 Stift auf der rechten Seite = richtiges Modell<\/p>\n<p>Halten Sie den Bremskasten so, dass die \u00d6ffnung nach oben und die kurze Seite zu Ihnen zeigt, wenn Sie dies \u00fcberpr\u00fcfen.<\/p>\n<div style=\"background: #f6f8fa;padding: 14px;border-radius: 6px;margin: 18px 0\"><strong>Sie sind sich nicht sicher, welche Fensterbremse Sie ben\u00f6tigen?<\/strong><br \/>\nVergleichen Sie Ihre vorhandene Bremse mit den Produktbildern oder sehen Sie sich das gesamte Sortiment an.<\/p>\n<p><a style=\"font-weight: bold\" href=\"https:\/\/secureus.se\/de\/fonsterbroms\/\">Alle Fensterbremsen hier ansehen \u2192<\/a><\/div>","protected":false},"excerpt":{"rendered":"<div style=\"background: #f6f8fa;padding: 14px;border-radius: 6px;margin: 15px 0\">\n<p><strong>\u2714 Dieses Modell ist LINKS<\/strong><\/p>\n<p>Pr\u00fcfen Sie vor der Bestellung Ihre vorhandene Fensterbremse. Halten Sie den Bremskasten so, dass die \u00d6ffnung nach oben und die kurze Seite zu Ihnen zeigt, <strong>Der Bremsbolzen befindet sich auf der linken Seite.<\/strong>.<\/p>\n<p><img decoding=\"async\" style=\"max-width: 300px;width: 100%;margin-top: 10px;border-radius: 6px\" src=\"https:\/\/secureus.se\/wp-content\/uploads\/2026\/03\/hoger-vanster-enkel.jpg\" alt=\"Fensterbremse links oder rechts\" \/><\/p>\n<\/div>","protected":false},"featured_media":139502,"template":"","meta":{"_acf_changed":false},"product_brand":[],"product_cat":[3126,4794],"product_tag":[4100,4108,3850,4863,4099],"class_list":{"0":"post-89293","1":"product","2":"type-product","3":"status-publish","4":"has-post-thumbnail","6":"product_cat-fonsterbroms","7":"product_cat-assa-fix-160","8":"product_tag-4100","9":"product_tag-4108","10":"product_tag-bastsaljare","11":"product_tag-pf","12":"product_tag-vanster","13":"product_shipping_class-tunga-paket","14":"pa_brands-abloy","15":"tm-no-options","17":"first","18":"instock","19":"sale","20":"taxable","21":"shipping-taxable","22":"purchasable","23":"product-type-simple"},"acf":[],"_links":{"self":[{"href":"https:\/\/secureus.se\/de\/wp-json\/wp\/v2\/product\/89293","targetHints":{"allow":["GET"]}}],"collection":[{"href":"https:\/\/secureus.se\/de\/wp-json\/wp\/v2\/product"}],"about":[{"href":"https:\/\/secureus.se\/de\/wp-json\/wp\/v2\/types\/product"}],"wp:featuredmedia":[{"embeddable":true,"href":"https:\/\/secureus.se\/de\/wp-json\/wp\/v2\/media\/139502"}],"wp:attachment":[{"href":"https:\/\/secureus.se\/de\/wp-json\/wp\/v2\/media?parent=89293"}],"wp:term":[{"taxonomy":"product_brand","embeddable":true,"href":"https:\/\/secureus.se\/de\/wp-json\/wp\/v2\/product_brand?post=89293"},{"taxonomy":"product_cat","embeddable":true,"href":"https:\/\/secureus.se\/de\/wp-json\/wp\/v2\/product_cat?post=89293"},{"taxonomy":"product_tag","embeddable":true,"href":"https:\/\/secureus.se\/de\/wp-json\/wp\/v2\/product_tag?post=89293"}],"curies":[{"name":"wp","href":"https:\/\/api.w.org\/{rel}","templated":true}]}}