{"id":89295,"date":"2024-01-04T15:43:25","date_gmt":"2024-01-04T14:43:25","guid":{"rendered":"https:\/\/secureus.se\/produkt\/fonsterbroms-160-3-l800mm-vanster\/"},"modified":"2026-04-24T17:55:15","modified_gmt":"2026-04-24T15:55:15","slug":"fonsterbroms-dorrbroms-160-3-l800mm-vanster","status":"publish","type":"product","link":"https:\/\/secureus.se\/de\/fonsterbroms-dorrbroms-160-3-l800mm-vanster\/","title":{"rendered":"ASSA Fix 160\/3 Fenster-\/T\u00fcrbremse \u2013 Links \u2013 352 mm"},"content":{"rendered":"<p><strong>ASSA Fix 160\/3<\/strong> ist ein robustes <strong>Fensterbremse f\u00fcr Fenster und Terrassent\u00fcren<\/strong> das zusammen mit <strong>ASSA\/FIX Espagnolette mit Transfer<\/strong>. Die Bremse sorgt daf\u00fcr, dass das Fenster oder die T\u00fcr in ge\u00f6ffneter Position bleibt. <strong>Beatmungsmodus<\/strong> anstatt sich vollst\u00e4ndig zu schlie\u00dfen oder zu \u00f6ffnen.<\/p>\n<p>Die Bedienung erfolgt \u00fcber den Espagnolette-Griff. In geschlossener Position des Griffs entsteht durch die Bremse Reibung, die den Fl\u00fcgel in der gew\u00fcnschten L\u00fcftungsposition h\u00e4lt. Beim \u00d6ffnen des Griffs kann sich der Fl\u00fcgel frei bewegen. Die Konstruktion gew\u00e4hrleistet zudem, dass die Bremse bei \u00dcberlastung durchrutscht, um Scharniere und Beschl\u00e4ge zu sch\u00fctzen.<\/p>\n<p>Modell <strong>160<\/strong> hat <strong>abnehmbare Rahmenhalterung<\/strong> und wird zusammen mit der Rahmenhalterung montiert. <strong>5580<\/strong> oder <strong>5550T<\/strong> die separat erworben werden m\u00fcssen.<\/p>\n<h3>Eigenschaften<\/h3>\n<ul>\n<li>Abnehmbare Rahmenhalterung (Modell 150 und 150S haben eine feste Halterung)<\/li>\n<li>Wird zusammen mit ASSA\/FIX Espagnolette mit Transfer verwendet<\/li>\n<li>Passend f\u00fcr Fenster und Fenstert\u00fcren<\/li>\n<li>Bedienung \u00fcber den Espagnolette-Griff<\/li>\n<li>H\u00e4lt T\u00fcr oder Fenster in L\u00fcftungsposition<\/li>\n<li>Rutscht bei \u00dcberlastung ab, um Scharniere und Beschl\u00e4ge zu sch\u00fctzen.<\/li>\n<li>Freispiel in offener Griffposition<\/li>\n<li>Die Haltereibung nimmt mit gr\u00f6\u00dferem \u00d6ffnungswinkel zu<\/li>\n<\/ul>\n<h3>Abmessungen \u2013 ASSA Fix 160\/3<\/h3>\n<ul>\n<li>F\u00fcr eine Bogenbreite von 551\u2013800 mm<\/li>\n<li>Verriegelungsschaftl\u00e4nge bei maximaler Bogenweite: 657 mm<\/li>\n<li>Bremskastenl\u00e4nge: 352 mm<\/li>\n<li>Arml\u00e4nge: 280 mm<\/li>\n<li>Bremskastenbreite: 20 mm<\/li>\n<\/ul>\n<h3>Wichtig bez\u00fcglich links und rechts<\/h3>\n<p>Der Name <strong>links oder rechts<\/strong> hat nichts damit zu tun, ob die T\u00fcr links oder rechts angeschlagen ist.<br \/>\nDie Variante wird stattdessen bestimmt durch <strong>Position des Bremsbolzens im Bremskasten<\/strong>.<\/p>\n<p>\u2022 Stift auf der linken Seite = linkes Modell<br \/>\n\u2022 Stift auf der rechten Seite = richtiges Modell<\/p>\n<p>Halten Sie den Bremskasten so, dass die \u00d6ffnung nach oben und die kurze Seite zu Ihnen zeigt, wenn Sie dies \u00fcberpr\u00fcfen.<\/p>\n<div style=\"background: #f6f8fa;padding: 14px;border-radius: 6px;margin: 18px 0\"><strong>Sie sind sich nicht sicher, welches Modell Sie ben\u00f6tigen?<\/strong><br \/>\nVergleichen Sie Ihre vorhandene Bremse mit den Produktbildern oder sehen Sie sich das gesamte Sortiment an.<a style=\"font-weight: bold\" href=\"https:\/\/secureus.se\/de\/fonsterbroms\/\"><br \/>\nAlle Fensterbremsen hier ansehen \u2192<\/a><\/div>","protected":false},"excerpt":{"rendered":"<div style=\"background: #f6f8fa;padding: 14px;border-radius: 6px;margin: 15px 0\">\n<p><strong>\u2714 Dieses Modell ist LINKS<\/strong><\/p>\n<p>Pr\u00fcfen Sie vor der Bestellung Ihre vorhandene Fensterbremse. Halten Sie den Bremskasten so, dass die \u00d6ffnung nach oben und die kurze Seite zu Ihnen zeigt, <strong>Der Bremsbolzen befindet sich auf der linken Seite.<\/strong>.<\/p>\n<p><img decoding=\"async\" style=\"max-width: 300px;width: 100%;margin-top: 10px;border-radius: 6px\" src=\"https:\/\/secureus.se\/wp-content\/uploads\/2026\/03\/hoger-vanster-enkel.jpg\" alt=\"Fensterbremse links oder rechts\" \/><\/p>\n<\/div>","protected":false},"featured_media":138830,"template":"","meta":{"_acf_changed":false},"product_brand":[],"product_cat":[3126,4794],"product_tag":[4100,4109,4863,4099],"class_list":{"0":"post-89295","1":"product","2":"type-product","3":"status-publish","4":"has-post-thumbnail","6":"product_cat-fonsterbroms","7":"product_cat-assa-fix-160","8":"product_tag-4100","9":"product_tag-4109","10":"product_tag-pf","11":"product_tag-vanster","12":"product_shipping_class-tunga-paket","13":"pa_brands-abloy","14":"tm-no-options","16":"first","17":"instock","18":"sale","19":"taxable","20":"shipping-taxable","21":"purchasable","22":"product-type-simple"},"acf":[],"_links":{"self":[{"href":"https:\/\/secureus.se\/de\/wp-json\/wp\/v2\/product\/89295","targetHints":{"allow":["GET"]}}],"collection":[{"href":"https:\/\/secureus.se\/de\/wp-json\/wp\/v2\/product"}],"about":[{"href":"https:\/\/secureus.se\/de\/wp-json\/wp\/v2\/types\/product"}],"wp:featuredmedia":[{"embeddable":true,"href":"https:\/\/secureus.se\/de\/wp-json\/wp\/v2\/media\/138830"}],"wp:attachment":[{"href":"https:\/\/secureus.se\/de\/wp-json\/wp\/v2\/media?parent=89295"}],"wp:term":[{"taxonomy":"product_brand","embeddable":true,"href":"https:\/\/secureus.se\/de\/wp-json\/wp\/v2\/product_brand?post=89295"},{"taxonomy":"product_cat","embeddable":true,"href":"https:\/\/secureus.se\/de\/wp-json\/wp\/v2\/product_cat?post=89295"},{"taxonomy":"product_tag","embeddable":true,"href":"https:\/\/secureus.se\/de\/wp-json\/wp\/v2\/product_tag?post=89295"}],"curies":[{"name":"wp","href":"https:\/\/api.w.org\/{rel}","templated":true}]}}