{"id":89321,"date":"2024-01-09T12:15:26","date_gmt":"2024-01-09T11:15:26","guid":{"rendered":"https:\/\/secureus.se\/produkt\/testare-for-glaskrossdetektor-indigo\/"},"modified":"2026-01-06T21:06:28","modified_gmt":"2026-01-06T20:06:28","slug":"testare-for-glaskrossdetektor-indigo","status":"publish","type":"product","link":"https:\/\/secureus.se\/de\/testare-for-glaskrossdetektor-indigo\/","title":{"rendered":"Tester f\u00fcr Glasbruchmelder Indigo"},"content":{"rendered":"<h1>Pr\u00fcfger\u00e4t f\u00fcr Glasbruchmelder INDIGO \u2013 Pr\u00e4zision f\u00fcr Sicherheitssysteme<\/h1>\n<p>Mit dem Tester f\u00fcr Glasbruchmelder INDIGO von Satel stellen Sie sicher, dass Ihre akustischen Glasbruchmelder optimal funktionieren.<\/p>\n<p>Das Tool simuliert das Ger\u00e4usch von zerbrochenem Glas, um Melder vor der endg\u00fcltigen Installation zu testen und einzustellen.<\/p>\n<h5>Hauptfunktionen<\/h5>\n<ul>\n<li><strong>Imitiert das Ger\u00e4usch, das Glas zerbricht<\/strong>: Drei Signaltypen f\u00fcr einfaches, geh\u00e4rtetes und laminiertes Glas.<\/li>\n<li><strong>Benutzerfreundliches Design<\/strong>: Sicherheitsvorrichtung zur Vermeidung versehentlicher Aktivierung und Anzeige bei niedrigem Batteriestand.<\/li>\n<li><strong>Flexibles Testen<\/strong>: Erm\u00f6glicht die Abstimmung von Detektoren f\u00fcr die beste Leistung.<\/li>\n<li><strong>Batteriebetrieben<\/strong>: Stromversorgung \u00fcber eine einzelne 9-V-Alkalibatterie 6LR61 f\u00fcr einfache Bedienung.<\/li>\n<\/ul>\n<h5>Vorteile<\/h5>\n<ul>\n<li><strong>Pr\u00e4zise Anpassung<\/strong>: Hilft bei der Auswahl des besten Standorts f\u00fcr Detektoren w\u00e4hrend der Installation.<\/li>\n<li><strong>Sichere Verwendung<\/strong>: Integrierte Sicherheitsfunktionen sch\u00fctzen das Geh\u00f6r w\u00e4hrend des Tests.<\/li>\n<li><strong>Lange Lebensdauer<\/strong>: Robustes und zuverl\u00e4ssiges Design f\u00fcr den t\u00e4glichen Gebrauch.<\/li>\n<\/ul>\n<h5>Einsatzgebiete<\/h5>\n<ul>\n<li><strong>H\u00e4user und Unternehmen<\/strong>: Perfekt zur Optimierung der Sicherheit in verschiedenen Immobilien.<\/li>\n<li><strong>Gewerbefl\u00e4chen<\/strong>: Stellen Sie sicher, dass alle Detektoren in Gesch\u00e4ften und B\u00fcros ordnungsgem\u00e4\u00df funktionieren.<\/li>\n<li><strong>Industrieimmobilien<\/strong>: Sch\u00fctzen Sie sensible Bereiche, indem Sie Sicherheitssysteme testen.<\/li>\n<\/ul>\n<p>Mit <strong>INDIGO-TESTS<\/strong> Sie erhalten eine zuverl\u00e4ssige und effiziente L\u00f6sung zur Optimierung der Sicherheit und Funktion akustischer Glasbruchmelder.<\/p>","protected":false},"excerpt":{"rendered":"<p>INDIGO TESTER von Satel ist ein Werkzeug zur Simulation von Glasbruchger\u00e4uschen und zur Gew\u00e4hrleistung einer optimalen Funktion akustischer Glasbruchmelder.<\/p>","protected":false},"featured_media":138811,"template":"","meta":{"_acf_changed":false},"product_brand":[],"product_cat":[3085],"product_tag":[2280],"class_list":{"0":"post-89321","1":"product","2":"type-product","3":"status-publish","4":"has-post-thumbnail","6":"product_cat-vibationsdetektorer-glaskrossdetektorer","7":"product_tag-glaskross-testare","8":"product_shipping_class-postnord-varubrev","9":"pa_brands-satel","10":"tm-no-options","12":"first","13":"onbackorder","14":"sale","15":"featured","16":"taxable","17":"shipping-taxable","18":"purchasable","19":"product-type-simple"},"acf":[],"_links":{"self":[{"href":"https:\/\/secureus.se\/de\/wp-json\/wp\/v2\/product\/89321","targetHints":{"allow":["GET"]}}],"collection":[{"href":"https:\/\/secureus.se\/de\/wp-json\/wp\/v2\/product"}],"about":[{"href":"https:\/\/secureus.se\/de\/wp-json\/wp\/v2\/types\/product"}],"wp:featuredmedia":[{"embeddable":true,"href":"https:\/\/secureus.se\/de\/wp-json\/wp\/v2\/media\/138811"}],"wp:attachment":[{"href":"https:\/\/secureus.se\/de\/wp-json\/wp\/v2\/media?parent=89321"}],"wp:term":[{"taxonomy":"product_brand","embeddable":true,"href":"https:\/\/secureus.se\/de\/wp-json\/wp\/v2\/product_brand?post=89321"},{"taxonomy":"product_cat","embeddable":true,"href":"https:\/\/secureus.se\/de\/wp-json\/wp\/v2\/product_cat?post=89321"},{"taxonomy":"product_tag","embeddable":true,"href":"https:\/\/secureus.se\/de\/wp-json\/wp\/v2\/product_tag?post=89321"}],"curies":[{"name":"wp","href":"https:\/\/api.w.org\/{rel}","templated":true}]}}