{"id":89634,"date":"2024-01-31T15:33:15","date_gmt":"2024-01-31T14:33:15","guid":{"rendered":"https:\/\/secureus.se\/?post_type=product&#038;p=89634"},"modified":"2026-03-26T11:35:55","modified_gmt":"2026-03-26T10:35:55","slug":"ram-1-fack","status":"publish","type":"product","link":"https:\/\/secureus.se\/de\/ram-1-fack\/","title":{"rendered":"RAHMEN 1 FACH"},"content":{"rendered":"","protected":false},"excerpt":{"rendered":"<p>Exxact 1-Fach-Rahmen Primo f\u00fcr Innen- oder Au\u00dfenmontage IP20-IP44. Mit austauschbarer Front. F\u00fcr die IP44-Montage wird das Dichtungsset E18 207 11 verwendet. F\u00fcr die vertikale oder horizontale Montage. Wei\u00df<\/p>","protected":false},"featured_media":138426,"template":"","meta":{"_acf_changed":false},"product_brand":[],"product_cat":[4826,1603],"product_tag":[],"class_list":{"0":"post-89634","1":"product","2":"type-product","3":"status-publish","4":"has-post-thumbnail","6":"product_cat-exxact","7":"product_cat-tillbehor-till-rwc-larm","8":"product_shipping_class-postnord-varubrev","9":"pa_brands-schneider-electric","10":"pa_farg-vit","11":"tm-no-options","13":"first","14":"instock","15":"taxable","16":"shipping-taxable","17":"purchasable","18":"product-type-simple"},"acf":[],"_links":{"self":[{"href":"https:\/\/secureus.se\/de\/wp-json\/wp\/v2\/product\/89634","targetHints":{"allow":["GET"]}}],"collection":[{"href":"https:\/\/secureus.se\/de\/wp-json\/wp\/v2\/product"}],"about":[{"href":"https:\/\/secureus.se\/de\/wp-json\/wp\/v2\/types\/product"}],"wp:featuredmedia":[{"embeddable":true,"href":"https:\/\/secureus.se\/de\/wp-json\/wp\/v2\/media\/138426"}],"wp:attachment":[{"href":"https:\/\/secureus.se\/de\/wp-json\/wp\/v2\/media?parent=89634"}],"wp:term":[{"taxonomy":"product_brand","embeddable":true,"href":"https:\/\/secureus.se\/de\/wp-json\/wp\/v2\/product_brand?post=89634"},{"taxonomy":"product_cat","embeddable":true,"href":"https:\/\/secureus.se\/de\/wp-json\/wp\/v2\/product_cat?post=89634"},{"taxonomy":"product_tag","embeddable":true,"href":"https:\/\/secureus.se\/de\/wp-json\/wp\/v2\/product_tag?post=89634"}],"curies":[{"name":"wp","href":"https:\/\/api.w.org\/{rel}","templated":true}]}}