{"id":89641,"date":"2024-01-26T12:09:06","date_gmt":"2024-01-26T11:09:06","guid":{"rendered":"https:\/\/secureus.se\/produkt\/plastlada-elektronik-sabotage\/"},"modified":"2026-04-01T13:56:51","modified_gmt":"2026-04-01T11:56:51","slug":"plastlada-elektronik-sabotage","status":"publish","type":"product","link":"https:\/\/secureus.se\/de\/plastlada-elektronik-sabotage\/","title":{"rendered":"Kunststoffbox-Elektronik OPU-1 B Universelles ABS-Geh\u00e4use mit Sabotageschalter"},"content":{"rendered":"<h1>Kunststoffbox Elektronik OPU-1 B Universelles ABS-Geh\u00e4use<\/h1>\n<p>Eine auf Alarmzwecke zugeschnittene Kunststoffbox f\u00fcr Elektronik mit integriertem Sabotagekontakt ist ab sofort bei uns erh\u00e4ltlich.<\/p>\n<p>Diese vielseitige Box ist ideal f\u00fcr eine Vielzahl von Funktionen, wie zum Beispiel die Installation von Relais und anderen Modulen.<\/p>\n<p>Die erh\u00f6hte Montage erleichtert das Anschlie\u00dfen von Kabeln und erm\u00f6glicht eine einfache Versteckung innerhalb der Box, was besonders praktisch ist, wenn f\u00fcr die Ger\u00e4temontage zus\u00e4tzliche Kabell\u00e4nge ben\u00f6tigt wird.<\/p>\n<p>Die Kunststoffbox-Elektronik OPU-1 B verf\u00fcgt \u00fcber einen eingebauten Sabotageschalter, der beim \u00d6ffnen der Box aktiviert wird, was ein zus\u00e4tzliches Ma\u00df an Sicherheit f\u00fcr das System bietet.<\/p>\n<p>Diese Kunststoffbox ist so konzipiert, dass sie den Anforderungen verschiedener elektronischer Anwendungen gerecht wird und somit eine flexible Option f\u00fcr verschiedene Projekte darstellt.<\/p>\n<p>Seine robuste Bauweise gew\u00e4hrleistet eine lange Haltbarkeit und Schutz der verbauten Komponenten.<\/p>\n<p>Die einfache Installation erm\u00f6glicht einen schnellen und unkomplizierten Projektstart.<\/p>\n<p>Dar\u00fcber hinaus sorgt der eingebaute Manipulationsschalter f\u00fcr zus\u00e4tzliche Sicherheit, indem er unbefugte Versuche erkennt, die Schublade zu \u00f6ffnen oder daran zu manipulieren.<\/p>\n<p>Ob f\u00fcr Alarmanwendungen oder andere Elektronikprojekte, diese Kunststoffbox-Elektronik OPU-1 B bietet eine zuverl\u00e4ssige und sichere L\u00f6sung zum Schutz und zur Montage Ihrer Elektronikkomponenten.<\/p>\n<p>Besuchen Sie unseren Shop f\u00fcr weitere und andere L\u00f6sungen f\u00fcr Ihre Projekte.<\/p>\n<p><span class=\"no_row_id_130\">Gr\u00f6\u00dfe<\/span>: 125 x 157 x 46 mm<\/p>","protected":false},"excerpt":{"rendered":"<p>Kunststoffbox Elektronik OPU-1 B Universelles ABS-Geh\u00e4use<\/p>\n<p>Eine auf Alarmzwecke zugeschnittene Kunststoffbox f\u00fcr Elektronik mit integriertem Sabotagekontakt ist ab sofort bei uns erh\u00e4ltlich.<\/p>\n<p><span class=\"no_row_id_130\">Gr\u00f6\u00dfe<\/span>: 125 x 157 x 46 mm<\/p>","protected":false},"featured_media":138441,"template":"","meta":{"_acf_changed":false},"product_brand":[],"product_cat":[1547],"product_tag":[],"class_list":{"0":"post-89641","1":"product","2":"type-product","3":"status-publish","4":"has-post-thumbnail","6":"product_cat-plint-larm-telebox","7":"product_shipping_class-postnord-varubrev","8":"pa_brands-satel","9":"tm-no-options","11":"first","12":"instock","13":"sale","14":"taxable","15":"shipping-taxable","16":"purchasable","17":"product-type-simple"},"acf":[],"_links":{"self":[{"href":"https:\/\/secureus.se\/de\/wp-json\/wp\/v2\/product\/89641","targetHints":{"allow":["GET"]}}],"collection":[{"href":"https:\/\/secureus.se\/de\/wp-json\/wp\/v2\/product"}],"about":[{"href":"https:\/\/secureus.se\/de\/wp-json\/wp\/v2\/types\/product"}],"wp:featuredmedia":[{"embeddable":true,"href":"https:\/\/secureus.se\/de\/wp-json\/wp\/v2\/media\/138441"}],"wp:attachment":[{"href":"https:\/\/secureus.se\/de\/wp-json\/wp\/v2\/media?parent=89641"}],"wp:term":[{"taxonomy":"product_brand","embeddable":true,"href":"https:\/\/secureus.se\/de\/wp-json\/wp\/v2\/product_brand?post=89641"},{"taxonomy":"product_cat","embeddable":true,"href":"https:\/\/secureus.se\/de\/wp-json\/wp\/v2\/product_cat?post=89641"},{"taxonomy":"product_tag","embeddable":true,"href":"https:\/\/secureus.se\/de\/wp-json\/wp\/v2\/product_tag?post=89641"}],"curies":[{"name":"wp","href":"https:\/\/api.w.org\/{rel}","templated":true}]}}