{"id":89646,"date":"2024-01-31T16:34:29","date_gmt":"2024-01-31T15:34:29","guid":{"rendered":"https:\/\/secureus.se\/produkt\/transformator-200ma\/"},"modified":"2026-03-26T11:32:41","modified_gmt":"2026-03-26T10:32:41","slug":"transformator-200ma","status":"publish","type":"product","link":"https:\/\/secureus.se\/de\/transformator-200ma\/","title":{"rendered":"TRANSFORMATOR 200MA"},"content":{"rendered":"<p>Transformator zur Montage in einer Ger\u00e4tedose mit 60mm Befestigungsschraubenabstand oder zur externen Montage in einem Hochgestell.<\/p>\n<p>Technische Spezifikation Spannung Prim\u00e4r 230V, 5VA, 50Hz.<\/p>\n<p>Spannung sekund\u00e4r 24V. Maximaler Strom 200 mA.<\/p>\n<p>Temperaturschutz Automatisch.<\/p>\n<p>Sicherung prim\u00e4r 50 mA.<\/p>\n<p>Isolationsabstand prim\u00e4r\/sekund\u00e4r 25mm.<\/p>\n<p>Einbautiefe 32mm.<\/p>\n<p>Farbe Bergwei\u00df<\/p>","protected":false},"excerpt":{"rendered":"<p>Transformator zur Montage in einer Ger\u00e4tedose mit 60mm Befestigungsschraubenabstand oder zur externen Montage in einem Hochgestell. Technische Spezifikation Spannung Prim\u00e4r 230V, 5VA, 50Hz. Spannung sekund\u00e4r 24V. Maximaler Strom 200 mA. Temperaturschutz Automatisch. Sicherung prim\u00e4r 50 mA.<\/p>","protected":false},"featured_media":139164,"template":"","meta":{"_acf_changed":false},"product_brand":[],"product_cat":[1604],"product_tag":[],"class_list":{"0":"post-89646","1":"product","2":"type-product","3":"status-publish","4":"has-post-thumbnail","6":"product_cat-stromforsorjning-till-rwc-larm","7":"product_shipping_class-tunga-paket","8":"tm-no-options","10":"first","11":"instock","12":"sale","13":"taxable","14":"shipping-taxable","15":"purchasable","16":"product-type-simple"},"acf":[],"_links":{"self":[{"href":"https:\/\/secureus.se\/de\/wp-json\/wp\/v2\/product\/89646","targetHints":{"allow":["GET"]}}],"collection":[{"href":"https:\/\/secureus.se\/de\/wp-json\/wp\/v2\/product"}],"about":[{"href":"https:\/\/secureus.se\/de\/wp-json\/wp\/v2\/types\/product"}],"wp:featuredmedia":[{"embeddable":true,"href":"https:\/\/secureus.se\/de\/wp-json\/wp\/v2\/media\/139164"}],"wp:attachment":[{"href":"https:\/\/secureus.se\/de\/wp-json\/wp\/v2\/media?parent=89646"}],"wp:term":[{"taxonomy":"product_brand","embeddable":true,"href":"https:\/\/secureus.se\/de\/wp-json\/wp\/v2\/product_brand?post=89646"},{"taxonomy":"product_cat","embeddable":true,"href":"https:\/\/secureus.se\/de\/wp-json\/wp\/v2\/product_cat?post=89646"},{"taxonomy":"product_tag","embeddable":true,"href":"https:\/\/secureus.se\/de\/wp-json\/wp\/v2\/product_tag?post=89646"}],"curies":[{"name":"wp","href":"https:\/\/api.w.org\/{rel}","templated":true}]}}