{"id":89685,"date":"2024-02-05T16:21:34","date_gmt":"2024-02-05T15:21:34","guid":{"rendered":"https:\/\/secureus.se\/produkt\/ajax-nvr-8-kanaler-vit-videolagring\/"},"modified":"2026-03-20T12:22:47","modified_gmt":"2026-03-20T11:22:47","slug":"aajax-nvr-8-kanaler-vit-videolagring","status":"publish","type":"product","link":"https:\/\/secureus.se\/de\/aajax-nvr-8-kanaler-vit-videolagring\/","title":{"rendered":"Ajax NVR 8 Kan\u00e4le Wei\u00df \u2013 Videospeicher"},"content":{"rendered":"<h3>Ajax NVR 8 Kan\u00e4le Wei\u00df ist eine leistungsstarke Videospeicherl\u00f6sung, die es erm\u00f6glicht, \u00dcberwachungskameras einfach in Ihr Ajax-Alarmsystem zu integrieren.<\/h3>\n<p>Dieses Ger\u00e4t bietet eine intuitive Benutzeroberfl\u00e4che zur Video\u00fcberwachung und Speicherung von hochwertigem Videomaterial.<\/p>\n<p>Der NVR zeichnet lokal auf dem Ger\u00e4t auf und erm\u00f6glicht die \u00dcberpr\u00fcfung von Videostreams \u00fcber die Ajax-App, sodass Sie die volle Kontrolle \u00fcber Ihre Sicherheit haben.<\/p>\n<p>Der NVR ist mit Kameras kompatibel, die die Protokolle Onvif oder RTSP unterst\u00fctzen, und kann bis zu 8 Kameras gleichzeitig verwalten, was ihn ideal f\u00fcr kleine und mittlere \u00dcberwachungssysteme macht.<\/p>\n<p><strong>Einfache Installation und Flexibilit\u00e4t<\/strong><br \/>\nDer Ajax NVR 8 Kan\u00e4le ist so konzipiert, dass er einfach zu installieren und zu konfigurieren ist.<\/p>\n<p>Sobald das System installiert ist, k\u00f6nnen Sie die Kameras \u00fcber eine mobile App oder Webanwendung \u00fcberwachen, sodass Sie immer Zugriff auf Ihre Kamerabilder haben, egal wo Sie sich befinden.<\/p>\n<p>Diese Flexibilit\u00e4t macht Ajax NVR 8 Kan\u00e4le zu einer perfekten L\u00f6sung f\u00fcr Privathaushalte und Unternehmen, die hochaufl\u00f6sende Videospeicherung ben\u00f6tigen.<\/p>\n<p><strong>Szenarien f\u00fcr die Aufnahme<\/strong><br \/>\nMit Ajax NVR 8 Kan\u00e4len k\u00f6nnen Sie Aufnahmeszenarien so konfigurieren, dass nur dann aufgezeichnet wird, wenn Alarme ausgel\u00f6st werden. Beispielsweise k\u00f6nnen die Kameras mit der Aufzeichnung beginnen, wenn ein Einbruch- oder Feueralarm ausgel\u00f6st wird.<\/p>\n<p>Dies erleichtert das Auffinden relevanter Videosequenzen, ohne gro\u00dfe Mengen an Material durchsuchen zu m\u00fcssen. Das System kann auch so konfiguriert werden, dass es kontinuierlich oder zu bestimmten Zeiten aufzeichnet und so eine flexible L\u00f6sung f\u00fcr alle Arten von \u00dcberwachungsanforderungen bietet.<\/p>\n<p><strong>Kompatibilit\u00e4t und Lagerung<\/strong><br \/>\nAjax NVR 8 Kan\u00e4le k\u00f6nnen mit jeder Kamera verbunden werden, die Onvif oder RTSP unterst\u00fctzt und im selben Netzwerk installiert ist. Zum Speichern von Videomaterial unterst\u00fctzt der NVR Festplatten mit bis zu 16 TB.<\/p>\n<p>Dadurch k\u00f6nnen Sie gro\u00dfe Mengen an Videomaterial sicher und organisiert speichern. Sie k\u00f6nnen auch Videodaten sichern oder Redundanz nutzen, um sich vor Datenverlust zu sch\u00fctzen.<\/p>\n<p><strong>Hohe Sicherheit und Verschl\u00fcsselung<\/strong><br \/>\nAjax NVR 8-Kan\u00e4le nutzen die JetSparrow-Technologie f\u00fcr eine sichere und schnelle Daten\u00fcbertragung und stellen so sicher, dass Ihre Videostreams vor unbefugtem Zugriff gesch\u00fctzt sind.<\/p>\n<p>Das System ist au\u00dferdem NDAA-konform und wurde strengen Cybersicherheitstests unterzogen, um ein hohes Ma\u00df an Sicherheit zu gew\u00e4hrleisten.<\/p>\n<p><strong>Fernzugriff und Gesundheitspr\u00fcfung<\/strong><br \/>\nAjax NVR 8 Kan\u00e4le erm\u00f6glicht die \u00dcberwachung des Systemzustands \u00fcber die App, wo Sie Informationen \u00fcber Festplattenspeicher, Temperatur, CPU-Auslastung und RAM-Nutzung erhalten.<\/p>\n<p>Mit der benutzerfreundlichen App k\u00f6nnen Sie ganz einfach den \u00dcberblick \u00fcber das System behalten und sicherstellen, dass es ordnungsgem\u00e4\u00df funktioniert.<\/p>\n<p><strong>Technische Spezifikationen<\/strong>:<\/p>\n<ul>\n<li><strong>Anzahl der Kan\u00e4le<\/strong>: 8<\/li>\n<li><strong>Lagerung<\/strong>: Bis zu 16 TB (Festplatte nicht im Lieferumfang enthalten)<\/li>\n<li><strong>Kompatibilit\u00e4t<\/strong>: Onvif- oder RTSP-kompatible Kameras<\/li>\n<li><strong>Aufnahme<\/strong>: Lokal gespeichertes Video, Fernzugriff per App<\/li>\n<li><strong>Sicherheit<\/strong>: Verschl\u00fcsselung \u00fcber JetSparrow-Technologie, NDAA-konform<\/li>\n<li><strong>Fernzugriff<\/strong>: Webanwendung und mobile App<\/li>\n<li><strong>Stromversorgung<\/strong>: 12 V DC, PoE (optional)<\/li>\n<li><strong>Verbindung<\/strong>: Ethernet, RS232 f\u00fcr die Kommunikation<\/li>\n<\/ul>\n<p><strong>Das Paket enth\u00e4lt<\/strong>:<\/p>\n<ul>\n<li>1 x Ajax NVR 8 Kan\u00e4le<\/li>\n<li>1 x SmartBracket-Montageplatte<\/li>\n<li>1 x Stromkabel<\/li>\n<li>1 x Ethernet-Kabel<\/li>\n<li>1 x Installationssatz<\/li>\n<li>1 x Kurzanleitung<\/li>\n<\/ul>\n<p><strong>Abschluss<\/strong>:<br \/>\nAjax NVR 8 Kan\u00e4le bieten eine zuverl\u00e4ssige und flexible L\u00f6sung f\u00fcr die Videospeicherung und -\u00fcberwachung.<\/p>\n<p>Mit einfacher Installation, hoher Sicherheit und der M\u00f6glichkeit, bis zu 8 Kameras zu verwalten, ist es perfekt f\u00fcr alle, die die volle Kontrolle \u00fcber ihre \u00dcberwachung haben m\u00f6chten.<\/p>\n<p>Unabh\u00e4ngig davon, ob Sie Filmmaterial lokal speichern oder das System \u00fcber die App fern\u00fcberwachen m\u00fcssen, bieten Ajax NVR 8 Kan\u00e4le die bestm\u00f6gliche L\u00f6sung f\u00fcr kleine und mittlere \u00dcberwachungssysteme.<\/p>","protected":false},"excerpt":{"rendered":"<p>Ajax NVR 8 Kan\u00e4le bieten eine einfache und flexible L\u00f6sung f\u00fcr die Videospeicherung.<\/p>\n<p>Nehmen Sie Videomaterial von bis zu 8 Kameras mit bis zu 16 TB Speicherkapazit\u00e4t auf und speichern Sie es.<\/p>\n<p>Der Fernzugriff \u00fcber die App erleichtert die Verwaltung und \u00dcberpr\u00fcfung des aufgezeichneten Materials.<\/p>","protected":false},"featured_media":155630,"template":"","meta":{"_acf_changed":false},"product_brand":[],"product_cat":[1319,4011,3358],"product_tag":[4863],"class_list":{"0":"post-89685","1":"product","2":"type-product","3":"status-publish","4":"has-post-thumbnail","6":"product_cat-ajax-larm","7":"product_cat-ajax-kameror","8":"product_cat-nvr-network-video-recorder","9":"product_tag-pf","10":"product_shipping_class-tunga-paket","11":"pa_brands-ajax-systems","12":"pa_farg-vit","13":"tm-no-options","15":"first","16":"onbackorder","17":"sale","18":"taxable","19":"shipping-taxable","20":"purchasable","21":"product-type-simple"},"acf":[],"_links":{"self":[{"href":"https:\/\/secureus.se\/de\/wp-json\/wp\/v2\/product\/89685","targetHints":{"allow":["GET"]}}],"collection":[{"href":"https:\/\/secureus.se\/de\/wp-json\/wp\/v2\/product"}],"about":[{"href":"https:\/\/secureus.se\/de\/wp-json\/wp\/v2\/types\/product"}],"wp:featuredmedia":[{"embeddable":true,"href":"https:\/\/secureus.se\/de\/wp-json\/wp\/v2\/media\/155630"}],"wp:attachment":[{"href":"https:\/\/secureus.se\/de\/wp-json\/wp\/v2\/media?parent=89685"}],"wp:term":[{"taxonomy":"product_brand","embeddable":true,"href":"https:\/\/secureus.se\/de\/wp-json\/wp\/v2\/product_brand?post=89685"},{"taxonomy":"product_cat","embeddable":true,"href":"https:\/\/secureus.se\/de\/wp-json\/wp\/v2\/product_cat?post=89685"},{"taxonomy":"product_tag","embeddable":true,"href":"https:\/\/secureus.se\/de\/wp-json\/wp\/v2\/product_tag?post=89685"}],"curies":[{"name":"wp","href":"https:\/\/api.w.org\/{rel}","templated":true}]}}