{"id":89816,"date":"2024-02-20T14:23:38","date_gmt":"2024-02-20T13:23:38","guid":{"rendered":"https:\/\/secureus.se\/produkt\/magicard-3633-0054-printer-cleaning-roller-kit-pack-of-5\/"},"modified":"2026-04-08T16:21:47","modified_gmt":"2026-04-08T14:21:47","slug":"magicard-3633-0054-printer-cleaning-roller-kit-pack-of-5","status":"publish","type":"product","link":"https:\/\/secureus.se\/de\/magicard-3633-0054-printer-cleaning-roller-kit-pack-of-5\/","title":{"rendered":"Magicard 3633-0054 Reinigungswalzen f\u00fcr Kartendrucker \u2013 5er-Pack"},"content":{"rendered":"<p>Das Magicard 3633-0054 Drucker-Reinigungswalzen-Set entfernt nachweislich Staub, Schmutz und Tintenreste, die Sch\u00e4den an wichtigen Teilen des Druckers verursachen k\u00f6nnen. Regelm\u00e4\u00dfige Reinigung ist der einfachste Weg, die Leistung Ihres Druckers aufrechtzuerhalten und hochwertige Druckergebnisse zu erzielen.<\/p>\n<ul>\n<li>Enth\u00e4lt f\u00fcnf Karten mit Reinigungswalzenh\u00fclsen und eine wiederverwendbare Walzenstange<\/li>\n<li>Der Hersteller empfiehlt die Verwendung eines Reinigungssets bei jedem Farbbandwechsel<\/li>\n<li>Bei ordnungsgem\u00e4\u00dfer Lagerung bis zu einem Jahr haltbar. Hersteller-Teilenummer: 3633-0054<\/li>\n<\/ul>","protected":false},"excerpt":{"rendered":"<p>Das Magicard 3633-0054 Drucker-Reinigungswalzen-Set entfernt nachweislich Staub, Schmutz und Tintenreste, die Sch\u00e4den an wichtigen Teilen des Druckers verursachen k\u00f6nnen. Regelm\u00e4\u00dfige Reinigung ist die einfachste Art der Wartung<\/p>","protected":false},"featured_media":139075,"template":"","meta":{"_acf_changed":false},"product_brand":[],"product_cat":[4807],"product_tag":[3174,3182,4863],"class_list":{"0":"post-89816","1":"product","2":"type-product","3":"status-publish","4":"has-post-thumbnail","6":"product_cat-rengoringskit","7":"product_tag-magicard","8":"product_tag-magicard-tillbehor","9":"product_tag-pf","10":"product_shipping_class-postnord-varubrev","11":"pa_brands-magicard","12":"tm-no-options","14":"first","15":"instock","16":"taxable","17":"shipping-taxable","18":"purchasable","19":"product-type-simple"},"acf":[],"_links":{"self":[{"href":"https:\/\/secureus.se\/de\/wp-json\/wp\/v2\/product\/89816","targetHints":{"allow":["GET"]}}],"collection":[{"href":"https:\/\/secureus.se\/de\/wp-json\/wp\/v2\/product"}],"about":[{"href":"https:\/\/secureus.se\/de\/wp-json\/wp\/v2\/types\/product"}],"wp:featuredmedia":[{"embeddable":true,"href":"https:\/\/secureus.se\/de\/wp-json\/wp\/v2\/media\/139075"}],"wp:attachment":[{"href":"https:\/\/secureus.se\/de\/wp-json\/wp\/v2\/media?parent=89816"}],"wp:term":[{"taxonomy":"product_brand","embeddable":true,"href":"https:\/\/secureus.se\/de\/wp-json\/wp\/v2\/product_brand?post=89816"},{"taxonomy":"product_cat","embeddable":true,"href":"https:\/\/secureus.se\/de\/wp-json\/wp\/v2\/product_cat?post=89816"},{"taxonomy":"product_tag","embeddable":true,"href":"https:\/\/secureus.se\/de\/wp-json\/wp\/v2\/product_tag?post=89816"}],"curies":[{"name":"wp","href":"https:\/\/api.w.org\/{rel}","templated":true}]}}