{"id":89902,"date":"2024-02-27T13:54:14","date_gmt":"2024-02-27T12:54:14","guid":{"rendered":"https:\/\/secureus.se\/produkt\/batteribackup-24v-5a\/"},"modified":"2026-04-15T16:46:26","modified_gmt":"2026-04-15T14:46:26","slug":"batteribackup-24v-5a","status":"publish","type":"product","link":"https:\/\/secureus.se\/de\/batteribackup-24v-5a\/","title":{"rendered":"Batterie-Backup 24V 5A"},"content":{"rendered":"<h1>Batterie-Backup 24 V 5 A \u2013 f\u00fcr zuverl\u00e4ssigen und kontinuierlichen Betrieb<\/h1>\n<p>Halten Sie Ihre kritischen Systeme auch bei Stromausf\u00e4llen am Laufen <strong>Batterie-Backup 24V 5A<\/strong>.<\/p>\n<p>Dieses leistungsstarke Ger\u00e4t eignet sich perfekt f\u00fcr Niederspannungssysteme in Haushalten, B\u00fcros und der Industrie.<\/p>\n<p>Mit Platz f\u00fcr zwei 18-Ah-Batterien, robuster Bauweise und erweiterten Schutzfunktionen bietet es hohe Sicherheit und Zuverl\u00e4ssigkeit.<\/p>\n<h5>Hauptfunktionen<\/h5>\n<ul>\n<li><strong>Effiziente Stromversorgung<\/strong>: 5A Ausgangsstrom bei 27,6V DC mit flexibler Ladekapazit\u00e4t.<\/li>\n<li><strong>Schutzfunktionen<\/strong>: Kurzschlussschutz (SCP), \u00dcberlastschutz (OLP), \u00dcberspannungsschutz (OVP) und Tiefentladungsschutz (UVP).<\/li>\n<li><strong>Flexible Batterienutzung<\/strong>: F\u00fcr zwei 18-Ah-Batterien ausgelegt, um einen Langzeitbetrieb bei Stromausf\u00e4llen zu gew\u00e4hrleisten.<\/li>\n<li><strong>Optische Anzeige<\/strong>: LED-Leuchten zeigen Batteriestatus, Stromversorgung und etwaige Fehler an.<\/li>\n<li><strong>Nachhaltiges Design<\/strong>: Hergestellt aus robustem Metall in wei\u00dfem RAL9003-Finish mit Schutzart IP20.<\/li>\n<\/ul>\n<h5>Vorteile<\/h5>\n<ul>\n<li><strong>Sicherheit und Stabilit\u00e4t<\/strong>: Gew\u00e4hrleistet den unterbrechungsfreien Betrieb kritischer Systeme.<\/li>\n<li><strong>Benutzerfreundliche Installation<\/strong>: Einfache Installation durch Oberfl\u00e4chenmontage und Schraubverschluss.<\/li>\n<li><strong>Lange Lebensdauer<\/strong>: Langlebiges Design mit zweij\u00e4hriger Garantie.<\/li>\n<\/ul>\n<h5>Spezifikationen<\/h5>\n<ul>\n<li><strong>Versorgungsspannung<\/strong>: 200\u2013240 V Wechselstrom<\/li>\n<li><strong>Ausgangsspannung<\/strong>: 27,6 V Gleichstrom<\/li>\n<li><strong>Effizienz<\/strong>: 90%<\/li>\n<li><strong>Batteriekapazit\u00e4t<\/strong>: 2 x 18 Ah<\/li>\n<li><strong>Abmessungen<\/strong>: 330 x 380 x 173 mm<\/li>\n<\/ul>\n<p>Investieren Sie in <strong>Batterie-Backup 24V 5A<\/strong> f\u00fcr eine sichere und stabile L\u00f6sung, die Ihre wichtigsten Systeme vor Stromausf\u00e4llen sch\u00fctzt.<\/p>\n<h4><img decoding=\"async\" class=\"alignnone size-medium wp-image-123514569\" src=\"https:\/\/securityonline.se\/wp-content\/uploads\/2024\/02\/HPSB-24V5A-C-300x206.png\" alt=\"\" width=\"300\" height=\"206\" \/><\/h4>","protected":false},"excerpt":{"rendered":"<p>Effektive Notstrombatterie 24V 5A, konzipiert f\u00fcr Niederspannungssysteme.<\/p>\n<p>Gew\u00e4hrleistet einen kontinuierlichen Betrieb mit Platz f\u00fcr zwei 18-Ah-Batterien und erweiterten Schutzfunktionen.<\/p>","protected":false},"featured_media":138925,"template":"","meta":{"_acf_changed":false},"product_brand":[],"product_cat":[2721],"product_tag":[3197,3195],"class_list":{"0":"post-89902","1":"product","2":"type-product","3":"status-publish","4":"has-post-thumbnail","6":"product_cat-batteribackuper","7":"product_tag-backup-24v","8":"product_tag-batteribackup-hpsb-12-24v-serie","9":"product_shipping_class-tunga-paket","10":"pa_brands-pulsar","11":"tm-no-options","13":"first","14":"onbackorder","15":"featured","16":"taxable","17":"shipping-taxable","18":"purchasable","19":"product-type-simple"},"acf":[],"_links":{"self":[{"href":"https:\/\/secureus.se\/de\/wp-json\/wp\/v2\/product\/89902","targetHints":{"allow":["GET"]}}],"collection":[{"href":"https:\/\/secureus.se\/de\/wp-json\/wp\/v2\/product"}],"about":[{"href":"https:\/\/secureus.se\/de\/wp-json\/wp\/v2\/types\/product"}],"wp:featuredmedia":[{"embeddable":true,"href":"https:\/\/secureus.se\/de\/wp-json\/wp\/v2\/media\/138925"}],"wp:attachment":[{"href":"https:\/\/secureus.se\/de\/wp-json\/wp\/v2\/media?parent=89902"}],"wp:term":[{"taxonomy":"product_brand","embeddable":true,"href":"https:\/\/secureus.se\/de\/wp-json\/wp\/v2\/product_brand?post=89902"},{"taxonomy":"product_cat","embeddable":true,"href":"https:\/\/secureus.se\/de\/wp-json\/wp\/v2\/product_cat?post=89902"},{"taxonomy":"product_tag","embeddable":true,"href":"https:\/\/secureus.se\/de\/wp-json\/wp\/v2\/product_tag?post=89902"}],"curies":[{"name":"wp","href":"https:\/\/api.w.org\/{rel}","templated":true}]}}