{"id":89959,"date":"2024-03-04T14:28:01","date_gmt":"2024-03-04T13:28:01","guid":{"rendered":"https:\/\/secureus.se\/produkt\/fargo-84912-ymckk-colour-ribbon-600-prints\/"},"modified":"2026-04-23T12:30:31","modified_gmt":"2026-04-23T10:30:31","slug":"fargo-84912-ymckk-colour-ribbon-600-prints","status":"publish","type":"product","link":"https:\/\/secureus.se\/de\/fargo-84912-ymckk-colour-ribbon-600-prints\/","title":{"rendered":"Fargo YMCKK-Band \u2013 84912 (600 Drucke)"},"content":{"rendered":"<h1>Schleife<br \/>\n  Fargo YMCKK &#8211; 84912 (600 utskrifter)<\/h1>\n<p>F\u00e4rgband Fargo YMCKK &#8211; 84912 (600 utskrifter) \u00e4r ett f\u00e4rgband f\u00f6r<br \/>\n  Bedrucken von Plastikkarten mit kr\u00e4ftigen Farben, klarem Text und guter Qualit\u00e4t<br \/>\n  Das Farbband vom Typ YMCKK bietet die richtige Kombination von Farbfeldern f\u00fcr<br \/>\n  professioneller Kartendruck.<\/p>\n<p>Geeignet f\u00fcr Ausweise, Zugangskarten, Mitgliedskarten und andere<br \/>\n  Plastikkarten, bei denen hohe Druckqualit\u00e4t und Zuverl\u00e4ssigkeit wichtig sind<br \/>\n  wichtig.<\/p>\n<ul>\n<li>Kapazit\u00e4t: bis zu 600 Ausdrucke<\/li>\n<li>Farbbandtyp: YMCKK<\/li>\n<li>Geeignet f\u00fcr den beidseitigen Kartendruck<\/li>\n<li>Artikelnummer: \u2013<\/li>\n<\/ul>","protected":false},"excerpt":{"rendered":"<p>F\u00e4rgband Fargo YMCKK &#8211; 84912 (600 utskrifter) F\u00e4rgband Fargo YMCKK &#8211; 84912 (600 utskrifter) \u00e4r ett f\u00e4rgband f\u00f6r utskrift av plastkort med skarpa f\u00e4rger, tydlig text och bra detalj\u00e5tergivning. Bandtypen<\/p>","protected":false},"featured_media":138578,"template":"","meta":{"_acf_changed":false},"product_brand":[],"product_cat":[3214,4852],"product_tag":[3201,4863],"class_list":{"0":"post-89959","1":"product","2":"type-product","3":"status-publish","4":"has-post-thumbnail","6":"product_cat-fargo-fargband-retransfer","7":"product_cat-hdp6600-band","8":"product_tag-fargo-tillbehor","9":"product_tag-pf","10":"product_shipping_class-tunga-paket","11":"pa_brands-fargo","12":"tm-has-options","14":"first","15":"outofstock","16":"sale","17":"taxable","18":"shipping-taxable","19":"purchasable","20":"product-type-simple"},"acf":[],"_links":{"self":[{"href":"https:\/\/secureus.se\/de\/wp-json\/wp\/v2\/product\/89959","targetHints":{"allow":["GET"]}}],"collection":[{"href":"https:\/\/secureus.se\/de\/wp-json\/wp\/v2\/product"}],"about":[{"href":"https:\/\/secureus.se\/de\/wp-json\/wp\/v2\/types\/product"}],"wp:featuredmedia":[{"embeddable":true,"href":"https:\/\/secureus.se\/de\/wp-json\/wp\/v2\/media\/138578"}],"wp:attachment":[{"href":"https:\/\/secureus.se\/de\/wp-json\/wp\/v2\/media?parent=89959"}],"wp:term":[{"taxonomy":"product_brand","embeddable":true,"href":"https:\/\/secureus.se\/de\/wp-json\/wp\/v2\/product_brand?post=89959"},{"taxonomy":"product_cat","embeddable":true,"href":"https:\/\/secureus.se\/de\/wp-json\/wp\/v2\/product_cat?post=89959"},{"taxonomy":"product_tag","embeddable":true,"href":"https:\/\/secureus.se\/de\/wp-json\/wp\/v2\/product_tag?post=89959"}],"curies":[{"name":"wp","href":"https:\/\/api.w.org\/{rel}","templated":true}]}}