{"id":90027,"date":"2024-03-04T14:23:56","date_gmt":"2024-03-04T13:23:56","guid":{"rendered":"https:\/\/secureus.se\/produkt\/magicard-ultima-color-ymck-dye-film-retransfer-film-set-x1\/"},"modified":"2026-04-08T16:58:21","modified_gmt":"2026-04-08T14:58:21","slug":"magicard-ultima-color-ymck-dye-film-retransfer-film-set-x1","status":"publish","type":"product","link":"https:\/\/secureus.se\/de\/magicard-ultima-color-ymck-dye-film-retransfer-film-set-x1\/","title":{"rendered":"Retransfer film Magicard YMCK \u2013 Ultima"},"content":{"rendered":"<h1>Retransferfilm<br \/>\n  Magicard YMCK &#8211; Ultima<\/h1>\n<p>Retransferfilm Magicard YMCK &#8211; Ultima \u00e4r ett komplett set med<br \/>\n  f\u00e4rgband och retransferfilm f\u00f6r h\u00f6guppl\u00f6st kortutskrift. Kombinationen ger<br \/>\n  skarpa f\u00e4rger, tydlig text och ett skyddande lager som g\u00f6r korten mer t\u00e5liga<br \/>\n  i daglig anv\u00e4ndning.<\/p>\n<p>Eine gute Wahl, wenn Sie die Lebensdauer Ihrer Karten verl\u00e4ngern und verbessern m\u00f6chten.<br \/>\n  Langlebigkeit und ein professionelleres Endergebnis erzielen.<\/p>\n<ul>\n<li>Kapazit\u00e4t: bis zu 1.000 Ausdrucke pro Rolle<\/li>\n<li>Bandtyp: YMCK<\/li>\n<li>Artikelnummer: HE4000-SINGLESET<\/li>\n<\/ul>\n<p><strong>Kompatibel med The Magicard HE4000-SINGLESET YMCK<br \/>\n  dye film och retransfer set are endast compatible for use with the Magicard<br \/>\n  Ultima.<\/strong><\/p>","protected":false},"excerpt":{"rendered":"<p>Retransferfilm Magicard YMCK &#8211; Ultima Retransferfilm Magicard YMCK &#8211; Ultima \u00e4r ett komplett set med f\u00e4rgband och retransferfilm f\u00f6r h\u00f6guppl\u00f6st kortutskrift. Kombinationen ger skarpa f\u00e4rger, tydlig text och ett skyddande<\/p>","protected":false},"featured_media":138825,"template":"","meta":{"_acf_changed":false},"product_brand":[],"product_cat":[3216,4831],"product_tag":[3182,4863],"class_list":{"0":"post-90027","1":"product","2":"type-product","3":"status-publish","4":"has-post-thumbnail","6":"product_cat-magicard-fargband-retransfer","7":"product_cat-magicard-ultima-ribbons","8":"product_tag-magicard-tillbehor","9":"product_tag-pf","10":"product_shipping_class-tunga-paket","11":"pa_brands-magicard","12":"tm-has-options","14":"first","15":"instock","16":"sale","17":"taxable","18":"shipping-taxable","19":"purchasable","20":"product-type-simple"},"acf":[],"_links":{"self":[{"href":"https:\/\/secureus.se\/de\/wp-json\/wp\/v2\/product\/90027","targetHints":{"allow":["GET"]}}],"collection":[{"href":"https:\/\/secureus.se\/de\/wp-json\/wp\/v2\/product"}],"about":[{"href":"https:\/\/secureus.se\/de\/wp-json\/wp\/v2\/types\/product"}],"wp:featuredmedia":[{"embeddable":true,"href":"https:\/\/secureus.se\/de\/wp-json\/wp\/v2\/media\/138825"}],"wp:attachment":[{"href":"https:\/\/secureus.se\/de\/wp-json\/wp\/v2\/media?parent=90027"}],"wp:term":[{"taxonomy":"product_brand","embeddable":true,"href":"https:\/\/secureus.se\/de\/wp-json\/wp\/v2\/product_brand?post=90027"},{"taxonomy":"product_cat","embeddable":true,"href":"https:\/\/secureus.se\/de\/wp-json\/wp\/v2\/product_cat?post=90027"},{"taxonomy":"product_tag","embeddable":true,"href":"https:\/\/secureus.se\/de\/wp-json\/wp\/v2\/product_tag?post=90027"}],"curies":[{"name":"wp","href":"https:\/\/api.w.org\/{rel}","templated":true}]}}