{"id":90164,"date":"2024-03-12T10:37:31","date_gmt":"2024-03-12T09:37:31","guid":{"rendered":"https:\/\/secureus.se\/?post_type=product&#038;p=90164"},"modified":"2026-04-21T12:59:15","modified_gmt":"2026-04-21T10:59:15","slug":"risco-wifi-2mp-cube-camera","status":"publish","type":"product","link":"https:\/\/secureus.se\/de\/risco-wifi-2mp-cube-camera\/","title":{"rendered":"Risco WiFi 2MP W\u00fcrfelkamera"},"content":{"rendered":"<h1>Risco WiFi 2MP W\u00fcrfelkamera<\/h1>\n<p data-start=\"341\" data-end=\"630\">Die Risco WiFi 2MP Cube Camera ist mit ihrem 2-Megapixel-Progressive-CMOS-Bildsensor f\u00fcr eine hochwertige Video\u00fcberwachung konzipiert.<\/p>\n<p data-start=\"341\" data-end=\"630\">Die Kamera hat eine Brennweite von 2,8 mm und unterst\u00fctzt eine IR-Sichtbarkeit von bis zu 10 Metern, sodass sie sowohl f\u00fcr den Innen- als auch f\u00fcr den Au\u00dfenbereich geeignet ist.<\/p>\n<p data-start=\"632\" data-end=\"951\">Es ist mit einem eingebauten Lautsprecher und Mikrofon f\u00fcr die Zweiwegekommunikation ausgestattet, sodass der Benutzer \u00fcber die Kamera sowohl zuh\u00f6ren als auch sprechen kann.<\/p>\n<p data-start=\"632\" data-end=\"951\">WDR (DWDR) sorgt f\u00fcr eine gute Bildqualit\u00e4t auch bei schwierigen Lichtverh\u00e4ltnissen.<\/p>\n<p data-start=\"632\" data-end=\"951\">Die Kamera unterst\u00fctzt auch Micro-SD-Karten mit bis zu 256 GB Kapazit\u00e4t f\u00fcr die lokale Videospeicherung.<\/p>\n<p data-start=\"953\" data-end=\"1101\">Mit einer WLAN-Ausgangsleistung von 20 dBm und Unterst\u00fctzung f\u00fcr 2,4-GHz-WLAN-Frequenzen l\u00e4sst es sich einfach installieren und in Ihr vorhandenes Sicherheitssystem integrieren.<\/p>\n<p data-start=\"1103\" data-end=\"1132\"><strong data-start=\"1103\" data-end=\"1132\">Technische Spezifikationen:<\/strong><\/p>\n<ul data-start=\"1133\" data-end=\"1475\">\n<li data-start=\"1133\" data-end=\"1169\">\n<p data-start=\"1135\" data-end=\"1169\">Modell: Risco WiFi 2MP Cube-Kamera<\/p>\n<\/li>\n<li data-start=\"1170\" data-end=\"1218\">\n<p data-start=\"1172\" data-end=\"1218\">Bildsensor: 1\/2,7 Zoll 2 Megapixel progressiver CMOS<\/p>\n<\/li>\n<li data-start=\"1219\" data-end=\"1241\">\n<p data-start=\"1221\" data-end=\"1241\">IR-Reichweite: 10 Meter<\/p>\n<\/li>\n<li data-start=\"1242\" data-end=\"1261\">\n<p data-start=\"1244\" data-end=\"1261\">Brennweite: 2,8 mm<\/p>\n<\/li>\n<li data-start=\"1262\" data-end=\"1288\">\n<p data-start=\"1264\" data-end=\"1288\">Stromversorgung: 12 V Gleichstrom<\/p>\n<\/li>\n<li data-start=\"1289\" data-end=\"1314\">\n<p data-start=\"1291\" data-end=\"1314\">Stromverbrauch: &lt;3,5 W<\/p>\n<\/li>\n<li data-start=\"1315\" data-end=\"1347\">\n<p data-start=\"1317\" data-end=\"1347\">Wi-Fi-Ausgangsleistung: 20 dBm max.<\/p>\n<\/li>\n<li data-start=\"1348\" data-end=\"1373\">\n<p data-start=\"1350\" data-end=\"1373\">WLAN-Frequenz: 2,4 GHz<\/p>\n<\/li>\n<li data-start=\"1374\" data-end=\"1406\">\n<p data-start=\"1376\" data-end=\"1406\">Eingebauter Lautsprecher und Mikrofon<\/p>\n<\/li>\n<li data-start=\"1407\" data-end=\"1447\">\n<p data-start=\"1409\" data-end=\"1447\">WDR: DWDR (Digital Wide Dynamic Range)<\/p>\n<\/li>\n<li data-start=\"1448\" data-end=\"1475\">\n<p data-start=\"1450\" data-end=\"1475\">Micro SD-Karte, max. 256 GB<\/p>\n<\/li>\n<\/ul>","protected":false},"excerpt":{"rendered":"<p>Die Risco WiFi 2MP Cube Camera ist eine kompakte \u00dcberwachungskamera mit einem 2-Megapixel-Bildsensor und Unterst\u00fctzung f\u00fcr WiFi-Konnektivit\u00e4t.<\/p>\n<p>Es bietet eine IR-Sichtbarkeit von bis zu 10 Metern und verf\u00fcgt \u00fcber einen integrierten Lautsprecher und ein Mikrofon f\u00fcr die Zweiwegekommunikation.<\/p>","protected":false},"featured_media":137905,"template":"","meta":{"_acf_changed":false},"product_brand":[],"product_cat":[3192],"product_tag":[],"class_list":{"0":"post-90164","1":"product","2":"type-product","3":"status-publish","4":"has-post-thumbnail","6":"product_cat-risco-ip-kamera","7":"product_shipping_class-tunga-paket","8":"pa_brands-4risco","9":"tm-no-options","11":"first","12":"instock","13":"sale","14":"taxable","15":"shipping-taxable","16":"purchasable","17":"product-type-simple"},"acf":[],"_links":{"self":[{"href":"https:\/\/secureus.se\/de\/wp-json\/wp\/v2\/product\/90164","targetHints":{"allow":["GET"]}}],"collection":[{"href":"https:\/\/secureus.se\/de\/wp-json\/wp\/v2\/product"}],"about":[{"href":"https:\/\/secureus.se\/de\/wp-json\/wp\/v2\/types\/product"}],"wp:featuredmedia":[{"embeddable":true,"href":"https:\/\/secureus.se\/de\/wp-json\/wp\/v2\/media\/137905"}],"wp:attachment":[{"href":"https:\/\/secureus.se\/de\/wp-json\/wp\/v2\/media?parent=90164"}],"wp:term":[{"taxonomy":"product_brand","embeddable":true,"href":"https:\/\/secureus.se\/de\/wp-json\/wp\/v2\/product_brand?post=90164"},{"taxonomy":"product_cat","embeddable":true,"href":"https:\/\/secureus.se\/de\/wp-json\/wp\/v2\/product_cat?post=90164"},{"taxonomy":"product_tag","embeddable":true,"href":"https:\/\/secureus.se\/de\/wp-json\/wp\/v2\/product_tag?post=90164"}],"curies":[{"name":"wp","href":"https:\/\/api.w.org\/{rel}","templated":true}]}}