{"id":90168,"date":"2024-03-12T10:37:30","date_gmt":"2024-03-12T09:37:30","guid":{"rendered":"https:\/\/secureus.se\/?post_type=product&#038;p=90168"},"modified":"2025-12-31T21:01:19","modified_gmt":"2025-12-31T20:01:19","slug":"risco-wifi-2mp-eyeball-camera","status":"publish","type":"product","link":"https:\/\/secureus.se\/de\/risco-wifi-2mp-eyeball-camera\/","title":{"rendered":"Risco WiFi 2MP Augapfelkamera"},"content":{"rendered":"<h1>Risco WiFi 2MP Augapfelkamera<\/h1>\n<p data-start=\"355\" data-end=\"728\">Die Risco WiFi 2MP Eyeball-Kamera bietet einen hochaufl\u00f6senden 2-Megapixel-Progressive-CMOS-Bildsensor, der eine klare und detaillierte Bildqualit\u00e4t liefert.<\/p>\n<p data-start=\"355\" data-end=\"728\">Die Kamera verf\u00fcgt \u00fcber eine IR-Reichweite von bis zu 20 Metern und ist somit ideal f\u00fcr die \u00dcberwachung bei Tag und Nacht.<\/p>\n<p data-start=\"355\" data-end=\"728\">Mit einer Brennweite von 2,8 mm erfasst die Kamera ein weites Sichtfeld und eignet sich perfekt f\u00fcr die \u00dcberwachung gr\u00f6\u00dferer Bereiche.<\/p>\n<p data-start=\"730\" data-end=\"974\">Die Kamera ist IP67-zertifiziert und somit sowohl wasser- als auch staubdicht, sodass sie sowohl f\u00fcr den Innen- als auch f\u00fcr den Au\u00dfenbereich geeignet ist.<\/p>\n<p data-start=\"730\" data-end=\"974\">Es unterst\u00fctzt auch Micro-SD-Karten mit bis zu 128 GB Kapazit\u00e4t zur lokalen Speicherung von Videomaterial.<\/p>\n<p data-start=\"976\" data-end=\"1223\">Die Risco WiFi 2MP Eyeball-Kamera verf\u00fcgt \u00fcber Wi-Fi-Konnektivit\u00e4t, was die Installation vereinfacht und die Flexibilit\u00e4t bietet, die Kamera dort zu platzieren, wo sie ben\u00f6tigt wird, ohne Kabel verlegen zu m\u00fcssen.<\/p>\n<p data-start=\"976\" data-end=\"1223\">Es unterst\u00fctzt eine Wi-Fi-Ausgangsleistung von bis zu 20 dBm und arbeitet auf der 2,4-GHz-Frequenz.<\/p>\n<p data-start=\"1225\" data-end=\"1254\"><strong data-start=\"1225\" data-end=\"1254\">Technische Spezifikationen:<\/strong><\/p>\n<ul data-start=\"1255\" data-end=\"1696\">\n<li data-start=\"1255\" data-end=\"1276\">\n<p data-start=\"1257\" data-end=\"1276\">Modell: RVCM32W1600<\/p>\n<\/li>\n<li data-start=\"1277\" data-end=\"1325\">\n<p data-start=\"1279\" data-end=\"1325\">Bildsensor: 1\/2,7 Zoll 2 Megapixel progressiver CMOS<\/p>\n<\/li>\n<li data-start=\"1326\" data-end=\"1348\">\n<p data-start=\"1328\" data-end=\"1348\">IR-Reichweite: 20 Meter<\/p>\n<\/li>\n<li data-start=\"1349\" data-end=\"1368\">\n<p data-start=\"1351\" data-end=\"1368\">Brennweite: 2,8 mm<\/p>\n<\/li>\n<li data-start=\"1369\" data-end=\"1399\">\n<p data-start=\"1371\" data-end=\"1399\">Stromversorgung: 12 V Gleichstrom, 1 A<\/p>\n<\/li>\n<li data-start=\"1400\" data-end=\"1425\">\n<p data-start=\"1402\" data-end=\"1425\">Stromverbrauch: &lt;4,7 W<\/p>\n<\/li>\n<li data-start=\"1426\" data-end=\"1462\">\n<p data-start=\"1428\" data-end=\"1462\">Wi-Fi-Ausgangsleistung: Maximal 20 dBm<\/p>\n<\/li>\n<li data-start=\"1463\" data-end=\"1488\">\n<p data-start=\"1465\" data-end=\"1488\">WLAN-Frequenz: 2,4 GHz<\/p>\n<\/li>\n<li data-start=\"1489\" data-end=\"1565\">\n<p data-start=\"1491\" data-end=\"1565\">Betriebsbedingungen: -20 \u00b0C bis 45 \u00b0C (-4 \u00b0F bis 113 \u00b0F), \u2264 95% Luftfeuchtigkeit<\/p>\n<\/li>\n<li data-start=\"1566\" data-end=\"1615\">\n<p data-start=\"1568\" data-end=\"1615\">Schutzklasse: IP67 (wasser- und staubdicht)<\/p>\n<\/li>\n<li data-start=\"1616\" data-end=\"1647\">\n<p data-start=\"1618\" data-end=\"1647\">Speicher: Micro SD, max. 128 GB<\/p>\n<\/li>\n<li data-start=\"1648\" data-end=\"1696\">\n<p data-start=\"1650\" data-end=\"1696\">Funktionen: Tag\/Nacht ICR (mit Infrarotfilter)<\/p>\n<\/li>\n<\/ul>","protected":false},"excerpt":{"rendered":"<p>Die Risco WiFi 2MP Eyeball Camera ist eine 2-Megapixel-\u00dcberwachungskamera mit IR-Sichtbarkeit von bis zu 20 Metern.<\/p>\n<p>Es ist IP67-zertifiziert und bietet hochwertige Video\u00fcberwachung mit einer Brennweite von 2,8 mm und Wi-Fi-Konnektivit\u00e4t f\u00fcr eine einfache Installation.<\/p>","protected":false},"featured_media":138328,"template":"","meta":{"_acf_changed":false},"product_brand":[],"product_cat":[3192],"product_tag":[],"class_list":{"0":"post-90168","1":"product","2":"type-product","3":"status-publish","4":"has-post-thumbnail","6":"product_cat-risco-ip-kamera","7":"product_shipping_class-tunga-paket","8":"pa_brands-4risco","9":"tm-no-options","11":"first","12":"onbackorder","13":"sale","14":"taxable","15":"shipping-taxable","16":"purchasable","17":"product-type-simple"},"acf":[],"_links":{"self":[{"href":"https:\/\/secureus.se\/de\/wp-json\/wp\/v2\/product\/90168","targetHints":{"allow":["GET"]}}],"collection":[{"href":"https:\/\/secureus.se\/de\/wp-json\/wp\/v2\/product"}],"about":[{"href":"https:\/\/secureus.se\/de\/wp-json\/wp\/v2\/types\/product"}],"wp:featuredmedia":[{"embeddable":true,"href":"https:\/\/secureus.se\/de\/wp-json\/wp\/v2\/media\/138328"}],"wp:attachment":[{"href":"https:\/\/secureus.se\/de\/wp-json\/wp\/v2\/media?parent=90168"}],"wp:term":[{"taxonomy":"product_brand","embeddable":true,"href":"https:\/\/secureus.se\/de\/wp-json\/wp\/v2\/product_brand?post=90168"},{"taxonomy":"product_cat","embeddable":true,"href":"https:\/\/secureus.se\/de\/wp-json\/wp\/v2\/product_cat?post=90168"},{"taxonomy":"product_tag","embeddable":true,"href":"https:\/\/secureus.se\/de\/wp-json\/wp\/v2\/product_tag?post=90168"}],"curies":[{"name":"wp","href":"https:\/\/api.w.org\/{rel}","templated":true}]}}