{"id":90170,"date":"2024-03-12T10:37:30","date_gmt":"2024-03-12T09:37:30","guid":{"rendered":"https:\/\/secureus.se\/?post_type=product&#038;p=90170"},"modified":"2026-04-21T14:51:50","modified_gmt":"2026-04-21T12:51:50","slug":"risco-poe-4mp-eyeball-camera","status":"publish","type":"product","link":"https:\/\/secureus.se\/de\/risco-poe-4mp-eyeball-camera\/","title":{"rendered":"Risco PoE 4MP Augapfelkamera"},"content":{"rendered":"<h1><strong>Risco PoE 4MP Augapfelkamera<\/strong><\/h1>\n<p data-start=\"380\" data-end=\"742\">Die Risco PoE 4MP Eyeball Camera ist eine leistungsstarke Sicherheitsl\u00f6sung, die mit ihrem 4-Megapixel-Progressive-CMOS-Bildsensor kristallklare Bilder liefert.<\/p>\n<p data-start=\"380\" data-end=\"742\">Die Kamera bietet eine IR-Reichweite von bis zu 30 Metern und ist somit sowohl f\u00fcr die Tag- als auch f\u00fcr die Nacht\u00fcberwachung geeignet.<\/p>\n<p data-start=\"380\" data-end=\"742\">Mit WDR (Wide Dynamic Range) von 120 dB erhalten Sie auch bei schwierigen Lichtverh\u00e4ltnissen ein gutes Bild.<\/p>\n<p data-start=\"744\" data-end=\"1039\">Zur Installation verbinden Sie die Kamera per Ethernet-Kabel mit einem Router oder NVR-PoE-Port.<\/p>\n<p data-start=\"744\" data-end=\"1039\">Wenn PoE nicht verwendet wird, versorgen Sie die Kamera mit einem geeigneten Netzteil mit Strom.<\/p>\n<p data-start=\"744\" data-end=\"1039\">Die Kamera kann nur \u00fcber VUpoint NVR mit der RISCO Cloud verbunden werden und muss als \u201eRISCO Pro\u201c-Kamera konfiguriert werden, um ordnungsgem\u00e4\u00df zu funktionieren.<\/p>\n<p data-start=\"1041\" data-end=\"1196\">Die Risco PoE 4MP Eyeball-Kamera verf\u00fcgt \u00fcber ein eingebautes Mikrofon und ist IP67-zertifiziert, um sowohl Staub als auch Wasser standzuhalten, was sie perfekt f\u00fcr den Einsatz im Freien macht.<\/p>\n<p data-start=\"1198\" data-end=\"1227\"><strong data-start=\"1198\" data-end=\"1227\">Technische Spezifikationen:<\/strong><\/p>\n<ul data-start=\"1228\" data-end=\"1767\">\n<li data-start=\"1228\" data-end=\"1249\">\n<p data-start=\"1230\" data-end=\"1249\">Modell: RVCM72P2100<\/p>\n<\/li>\n<li data-start=\"1250\" data-end=\"1296\">\n<p data-start=\"1252\" data-end=\"1296\">Bildsensor: 1\/3 Zoll 4-Megapixel Progressive CMOS<\/p>\n<\/li>\n<li data-start=\"1297\" data-end=\"1319\">\n<p data-start=\"1299\" data-end=\"1319\">IR-Reichweite: 30 Meter<\/p>\n<\/li>\n<li data-start=\"1320\" data-end=\"1339\">\n<p data-start=\"1322\" data-end=\"1339\">Brennweite: 2,8 mm<\/p>\n<\/li>\n<li data-start=\"1340\" data-end=\"1374\">\n<p data-start=\"1342\" data-end=\"1374\">WDR: 120 dB (gro\u00dfer Dynamikbereich)<\/p>\n<\/li>\n<li data-start=\"1375\" data-end=\"1426\">\n<p data-start=\"1377\" data-end=\"1426\">Firmware-Upgrade: \u00dcber die Weboberfl\u00e4che der Kamera<\/p>\n<\/li>\n<li data-start=\"1427\" data-end=\"1457\">\n<p data-start=\"1429\" data-end=\"1457\">Stromversorgung: 12 V DC\/POE<\/p>\n<\/li>\n<li data-start=\"1458\" data-end=\"1483\">\n<p data-start=\"1460\" data-end=\"1483\">Leistungsaufnahme: &lt;6,6W<\/p>\n<\/li>\n<li data-start=\"1484\" data-end=\"1561\">\n<p data-start=\"1486\" data-end=\"1561\">Betriebsbedingungen: -40 \u00b0C bis 60 \u00b0C (-40 \u00b0F bis 140 \u00b0F), \u2264 95% Luftfeuchtigkeit<\/p>\n<\/li>\n<li data-start=\"1562\" data-end=\"1618\">\n<p data-start=\"1564\" data-end=\"1618\">Lagertemperatur: -40 \u00b0C bis 60 \u00b0C (-40 \u00b0F bis 140 \u00b0F)<\/p>\n<\/li>\n<li data-start=\"1619\" data-end=\"1662\">\n<p data-start=\"1621\" data-end=\"1662\">Schutzart: IP67 (wasser- und staubdicht)<\/p>\n<\/li>\n<li data-start=\"1663\" data-end=\"1693\">\n<p data-start=\"1665\" data-end=\"1693\">Funktionen: Eingebautes Mikrofon<\/p>\n<\/li>\n<li data-start=\"1694\" data-end=\"1767\">\n<p data-start=\"1696\" data-end=\"1767\">Kompatibilit\u00e4t: RISCO Cloud \u00fcber VUpoint NVR (mit Kameratyp \u201eRISCO Pro\u201c)<\/p>\n<\/li>\n<\/ul>\n<p>&nbsp;<\/p>","protected":false},"excerpt":{"rendered":"<p>Die Risco PoE 4MP Eyeball Camera ist eine hochaufl\u00f6sende \u00dcberwachungskamera mit einem 4-Megapixel-CMOS-Bildsensor und IR-Sichtbarkeit von bis zu 30 Metern.<\/p>\n<p>Es ist IP67-zertifiziert und bietet robuste Leistung f\u00fcr den Einsatz im Innen- und Au\u00dfenbereich.<\/p>\n<p>Kompatibel mit RISCO Cloud \u00fcber VUpoint NVR.<\/p>","protected":false},"featured_media":138411,"template":"","meta":{"_acf_changed":false},"product_brand":[],"product_cat":[3192],"product_tag":[],"class_list":{"0":"post-90170","1":"product","2":"type-product","3":"status-publish","4":"has-post-thumbnail","6":"product_cat-risco-ip-kamera","7":"product_shipping_class-tunga-paket","8":"pa_brands-4risco","9":"tm-no-options","11":"first","12":"onbackorder","13":"sale","14":"taxable","15":"shipping-taxable","16":"purchasable","17":"product-type-simple"},"acf":[],"_links":{"self":[{"href":"https:\/\/secureus.se\/de\/wp-json\/wp\/v2\/product\/90170","targetHints":{"allow":["GET"]}}],"collection":[{"href":"https:\/\/secureus.se\/de\/wp-json\/wp\/v2\/product"}],"about":[{"href":"https:\/\/secureus.se\/de\/wp-json\/wp\/v2\/types\/product"}],"wp:featuredmedia":[{"embeddable":true,"href":"https:\/\/secureus.se\/de\/wp-json\/wp\/v2\/media\/138411"}],"wp:attachment":[{"href":"https:\/\/secureus.se\/de\/wp-json\/wp\/v2\/media?parent=90170"}],"wp:term":[{"taxonomy":"product_brand","embeddable":true,"href":"https:\/\/secureus.se\/de\/wp-json\/wp\/v2\/product_brand?post=90170"},{"taxonomy":"product_cat","embeddable":true,"href":"https:\/\/secureus.se\/de\/wp-json\/wp\/v2\/product_cat?post=90170"},{"taxonomy":"product_tag","embeddable":true,"href":"https:\/\/secureus.se\/de\/wp-json\/wp\/v2\/product_tag?post=90170"}],"curies":[{"name":"wp","href":"https:\/\/api.w.org\/{rel}","templated":true}]}}