{"id":90173,"date":"2024-03-12T10:37:30","date_gmt":"2024-03-12T09:37:30","guid":{"rendered":"https:\/\/secureus.se\/?post_type=product&#038;p=90173"},"modified":"2026-04-21T13:05:26","modified_gmt":"2026-04-21T11:05:26","slug":"risco-poe-4m-dome-camera","status":"publish","type":"product","link":"https:\/\/secureus.se\/de\/risco-poe-4m-dome-camera\/","title":{"rendered":"Risco PoE 4MP Dome-Kamera"},"content":{"rendered":"<h1>Risco PoE 4MP Dome-Kamera<\/h1>\n<p data-start=\"373\" data-end=\"694\">Die Risco PoE 4MP Dome-Kamera bietet mit ihrem 4-Megapixel-Progressive-CMOS-Bildsensor kristallklare Bildqualit\u00e4t.<\/p>\n<p data-start=\"373\" data-end=\"694\">Es verf\u00fcgt \u00fcber eine IR-Reichweite von bis zu 30 Metern und ist somit ideal f\u00fcr die \u00dcberwachung bei Tag und Nacht.<\/p>\n<p data-start=\"373\" data-end=\"694\">Mit einer Brennweite von 2,8 mm erfasst die Kamera ein weites Sichtfeld f\u00fcr eine effektive \u00dcberwachung.<\/p>\n<p data-start=\"696\" data-end=\"1030\">Die Kamera verf\u00fcgt \u00fcber einen WDR (Wide Dynamic Range) von 120 dB, was bedeutet, dass sie auch bei schwierigen Lichtverh\u00e4ltnissen, wie beispielsweise hellem Licht oder schattigen Bereichen, eine hervorragende Bildqualit\u00e4t liefert.<\/p>\n<p data-start=\"696\" data-end=\"1030\">Zur Installation verbinden Sie die Kamera \u00fcber ein Ethernet-Kabel mit einem Router oder PoE-Port eines NVR. Wenn PoE nicht verwendet wird, versorgen Sie die Kamera mit einem geeigneten Netzteil mit Strom.<\/p>\n<p data-start=\"1032\" data-end=\"1286\">Die Kamera ist IP67-zertifiziert, was sie sowohl staub- als auch wasserdicht macht und sie somit perfekt f\u00fcr den Au\u00dfeneinsatz in rauen Umgebungen geeignet macht.<\/p>\n<p data-start=\"1032\" data-end=\"1286\">Um die Kamera mit der RISCO Cloud zu verbinden, muss sie mit einem VUpoint NVR verbunden und als \u201eRISCO Pro\u201c-Kamera konfiguriert werden.<\/p>\n<p data-start=\"1288\" data-end=\"1317\"><strong data-start=\"1288\" data-end=\"1317\">Technische Spezifikationen:<\/strong><\/p>\n<ul data-start=\"1318\" data-end=\"1768\">\n<li data-start=\"1318\" data-end=\"1353\">\n<p data-start=\"1320\" data-end=\"1353\">Modell: Risco PoE 4MP Dome-Kamera<\/p>\n<\/li>\n<li data-start=\"1354\" data-end=\"1400\">\n<p data-start=\"1356\" data-end=\"1400\">Bildsensor: 1\/3 Zoll 4-Megapixel Progressive CMOS<\/p>\n<\/li>\n<li data-start=\"1401\" data-end=\"1423\">\n<p data-start=\"1403\" data-end=\"1423\">IR-Reichweite: 30 Meter<\/p>\n<\/li>\n<li data-start=\"1424\" data-end=\"1443\">\n<p data-start=\"1426\" data-end=\"1443\">Brennweite: 2,8 mm<\/p>\n<\/li>\n<li data-start=\"1444\" data-end=\"1478\">\n<p data-start=\"1446\" data-end=\"1478\">WDR: 120 dB (gro\u00dfer Dynamikbereich)<\/p>\n<\/li>\n<li data-start=\"1479\" data-end=\"1530\">\n<p data-start=\"1481\" data-end=\"1530\">Firmware-Upgrade: \u00dcber die Weboberfl\u00e4che der Kamera<\/p>\n<\/li>\n<li data-start=\"1531\" data-end=\"1563\">\n<p data-start=\"1533\" data-end=\"1563\">Stromversorgung: 12V DC \/ PoE<\/p>\n<\/li>\n<li data-start=\"1564\" data-end=\"1589\">\n<p data-start=\"1566\" data-end=\"1589\">Leistungsaufnahme: &lt;4,9W<\/p>\n<\/li>\n<li data-start=\"1590\" data-end=\"1667\">\n<p data-start=\"1592\" data-end=\"1667\">Betriebsbedingungen: -40 \u00b0C bis 55 \u00b0C (-40 \u00b0F bis 131 \u00b0F), \u2264 95% Luftfeuchtigkeit<\/p>\n<\/li>\n<li data-start=\"1668\" data-end=\"1724\">\n<p data-start=\"1670\" data-end=\"1724\">Lagertemperatur: -40 \u00b0C bis 60 \u00b0C (-40 \u00b0F bis 140 \u00b0F)<\/p>\n<\/li>\n<li data-start=\"1725\" data-end=\"1768\">\n<p data-start=\"1727\" data-end=\"1768\">Schutzart: IP67 (wasser- und staubdicht)<\/p>\n<\/li>\n<\/ul>","protected":false},"excerpt":{"rendered":"<p>Die Risco PoE 4MP Dome-Kamera ist eine hochaufl\u00f6sende Sicherheitskamera mit einem 4-Megapixel-CMOS-Bildsensor, IR-Sichtbarkeit bis zu 30 Metern und WDR-Technologie f\u00fcr beste Bildqualit\u00e4t bei allen Lichtverh\u00e4ltnissen.<\/p>\n<p>Die Kamera ist IP67-zertifiziert und \u00fcber VUpoint NVR mit RISCO Cloud kompatibel.<\/p>","protected":false},"featured_media":138415,"template":"","meta":{"_acf_changed":false},"product_brand":[],"product_cat":[3192],"product_tag":[],"class_list":{"0":"post-90173","1":"product","2":"type-product","3":"status-publish","4":"has-post-thumbnail","6":"product_cat-risco-ip-kamera","7":"product_shipping_class-tunga-paket","8":"pa_brands-4risco","9":"tm-no-options","11":"first","12":"instock","13":"sale","14":"taxable","15":"shipping-taxable","16":"purchasable","17":"product-type-simple"},"acf":[],"_links":{"self":[{"href":"https:\/\/secureus.se\/de\/wp-json\/wp\/v2\/product\/90173","targetHints":{"allow":["GET"]}}],"collection":[{"href":"https:\/\/secureus.se\/de\/wp-json\/wp\/v2\/product"}],"about":[{"href":"https:\/\/secureus.se\/de\/wp-json\/wp\/v2\/types\/product"}],"wp:featuredmedia":[{"embeddable":true,"href":"https:\/\/secureus.se\/de\/wp-json\/wp\/v2\/media\/138415"}],"wp:attachment":[{"href":"https:\/\/secureus.se\/de\/wp-json\/wp\/v2\/media?parent=90173"}],"wp:term":[{"taxonomy":"product_brand","embeddable":true,"href":"https:\/\/secureus.se\/de\/wp-json\/wp\/v2\/product_brand?post=90173"},{"taxonomy":"product_cat","embeddable":true,"href":"https:\/\/secureus.se\/de\/wp-json\/wp\/v2\/product_cat?post=90173"},{"taxonomy":"product_tag","embeddable":true,"href":"https:\/\/secureus.se\/de\/wp-json\/wp\/v2\/product_tag?post=90173"}],"curies":[{"name":"wp","href":"https:\/\/api.w.org\/{rel}","templated":true}]}}