{"id":90175,"date":"2024-03-12T10:37:30","date_gmt":"2024-03-12T09:37:30","guid":{"rendered":"https:\/\/secureus.se\/?post_type=product&#038;p=90175"},"modified":"2026-01-06T21:07:26","modified_gmt":"2026-01-06T20:07:26","slug":"risco-poe-4mp-bullet-camera","status":"publish","type":"product","link":"https:\/\/secureus.se\/de\/risco-poe-4mp-bullet-camera\/","title":{"rendered":"Risco PoE 4MP Bullet-Kamera"},"content":{"rendered":"<h1>Risco PoE 4MP Bullet-Kamera<\/h1>\n<p data-start=\"356\" data-end=\"751\">Die Risco PoE 4MP Bullet-Kamera liefert mit ihrem 4-Megapixel-Progressive-CMOS-Bildsensor kristallklare Bildqualit\u00e4t.<\/p>\n<p data-start=\"356\" data-end=\"751\">Es verf\u00fcgt \u00fcber eine IR-Reichweite von bis zu 30 Metern und bietet somit auch bei Dunkelheit hervorragende Sichtbarkeit.<\/p>\n<p data-start=\"356\" data-end=\"751\">Die Kamera ist mit einem WDR (Wide Dynamic Range) von 120 dB ausgestattet, wodurch sie auch mit schwierigen Lichtverh\u00e4ltnissen wie hellem Sonnenlicht oder schattigen Bereichen zurechtkommt.<\/p>\n<p data-start=\"753\" data-end=\"1036\">Zur Installation wird die Kamera per Ethernet-Kabel mit Ihrem Router oder PoE-Port eines NVR verbunden.<\/p>\n<p data-start=\"753\" data-end=\"1036\">Wird PoE nicht verwendet, erfolgt die Stromversorgung der Kamera \u00fcber ein passendes Netzteil.<\/p>\n<p data-start=\"753\" data-end=\"1036\">Die Kamera ist IP67-zertifiziert und somit wasser- und staubdicht, perfekt f\u00fcr den Einsatz im Freien und in rauen Umgebungen.<\/p>\n<p data-start=\"1038\" data-end=\"1067\"><strong data-start=\"1038\" data-end=\"1067\">Technische Spezifikationen:<\/strong><\/p>\n<ul data-start=\"1068\" data-end=\"1504\">\n<li data-start=\"1068\" data-end=\"1089\">\n<p data-start=\"1070\" data-end=\"1089\">Modell: RVCM52P2000<\/p>\n<\/li>\n<li data-start=\"1090\" data-end=\"1136\">\n<p data-start=\"1092\" data-end=\"1136\">Bildsensor: 1\/3 Zoll 4-Megapixel Progressive CMOS<\/p>\n<\/li>\n<li data-start=\"1137\" data-end=\"1159\">\n<p data-start=\"1139\" data-end=\"1159\">IR-Reichweite: 30 Meter<\/p>\n<\/li>\n<li data-start=\"1160\" data-end=\"1179\">\n<p data-start=\"1162\" data-end=\"1179\">Brennweite: 2,8 mm<\/p>\n<\/li>\n<li data-start=\"1180\" data-end=\"1214\">\n<p data-start=\"1182\" data-end=\"1214\">WDR: 120 dB (gro\u00dfer Dynamikbereich)<\/p>\n<\/li>\n<li data-start=\"1215\" data-end=\"1266\">\n<p data-start=\"1217\" data-end=\"1266\">Firmware-Upgrade: \u00dcber die Weboberfl\u00e4che der Kamera<\/p>\n<\/li>\n<li data-start=\"1267\" data-end=\"1299\">\n<p data-start=\"1269\" data-end=\"1299\">Stromversorgung: 12V DC \/ PoE<\/p>\n<\/li>\n<li data-start=\"1300\" data-end=\"1325\">\n<p data-start=\"1302\" data-end=\"1325\">Leistungsaufnahme: &lt;5,0W<\/p>\n<\/li>\n<li data-start=\"1326\" data-end=\"1403\">\n<p data-start=\"1328\" data-end=\"1403\">Betriebsbedingungen: -40 \u00b0C bis 55 \u00b0C (-40 \u00b0F bis 131 \u00b0F), \u2264 95% Luftfeuchtigkeit<\/p>\n<\/li>\n<li data-start=\"1404\" data-end=\"1460\">\n<p data-start=\"1406\" data-end=\"1460\">Lagertemperatur: -40 \u00b0C bis 60 \u00b0C (-40 \u00b0F bis 140 \u00b0F)<\/p>\n<\/li>\n<li data-start=\"1461\" data-end=\"1504\">\n<p data-start=\"1463\" data-end=\"1504\">Schutzart: IP67 (wasser- und staubdicht)<\/p>\n<\/li>\n<\/ul>","protected":false},"excerpt":{"rendered":"<p>Die Risco PoE 4MP Bullet Camera ist eine hochaufl\u00f6sende \u00dcberwachungskamera mit einem 4-Megapixel-CMOS-Bildsensor und IR-Sichtbarkeit von bis zu 30 Metern.<\/p>\n<p>Die Kamera bietet WDR-Technologie und ist IP67-zertifiziert f\u00fcr zuverl\u00e4ssige Leistung im Innen- und Au\u00dfenbereich.<\/p>","protected":false},"featured_media":138418,"template":"","meta":{"_acf_changed":false},"product_brand":[],"product_cat":[3192],"product_tag":[],"class_list":{"0":"post-90175","1":"product","2":"type-product","3":"status-publish","4":"has-post-thumbnail","6":"product_cat-risco-ip-kamera","7":"product_shipping_class-tunga-paket","8":"pa_brands-4risco","9":"tm-no-options","11":"first","12":"onbackorder","13":"sale","14":"taxable","15":"shipping-taxable","16":"purchasable","17":"product-type-simple"},"acf":[],"_links":{"self":[{"href":"https:\/\/secureus.se\/de\/wp-json\/wp\/v2\/product\/90175","targetHints":{"allow":["GET"]}}],"collection":[{"href":"https:\/\/secureus.se\/de\/wp-json\/wp\/v2\/product"}],"about":[{"href":"https:\/\/secureus.se\/de\/wp-json\/wp\/v2\/types\/product"}],"wp:featuredmedia":[{"embeddable":true,"href":"https:\/\/secureus.se\/de\/wp-json\/wp\/v2\/media\/138418"}],"wp:attachment":[{"href":"https:\/\/secureus.se\/de\/wp-json\/wp\/v2\/media?parent=90175"}],"wp:term":[{"taxonomy":"product_brand","embeddable":true,"href":"https:\/\/secureus.se\/de\/wp-json\/wp\/v2\/product_brand?post=90175"},{"taxonomy":"product_cat","embeddable":true,"href":"https:\/\/secureus.se\/de\/wp-json\/wp\/v2\/product_cat?post=90175"},{"taxonomy":"product_tag","embeddable":true,"href":"https:\/\/secureus.se\/de\/wp-json\/wp\/v2\/product_tag?post=90175"}],"curies":[{"name":"wp","href":"https:\/\/api.w.org\/{rel}","templated":true}]}}