{"id":90179,"date":"2024-03-12T10:37:30","date_gmt":"2024-03-12T09:37:30","guid":{"rendered":"https:\/\/secureus.se\/?post_type=product&#038;p=90179"},"modified":"2026-01-06T21:07:41","modified_gmt":"2026-01-06T20:07:41","slug":"risco-poe-4mp-x25-ptz-camera","status":"publish","type":"product","link":"https:\/\/secureus.se\/de\/risco-poe-4mp-x25-ptz-camera\/","title":{"rendered":"Risco PoE 4MP X25 PTZ-Kamera"},"content":{"rendered":"<h1>Risco PoE 4MP X25 PTZ-Kamera<\/h1>\n<p data-start=\"362\" data-end=\"848\">Die Risco PoE 4MP X25 PTZ-Kamera bietet mit ihrem 4-Megapixel-STARVIS-CMOS-Bildsensor eine fortschrittliche Video\u00fcberwachungsl\u00f6sung, die selbst bei schwierigen Lichtverh\u00e4ltnissen eine hervorragende Bildqualit\u00e4t liefert.<\/p>\n<p data-start=\"362\" data-end=\"848\">Die Kamera bietet eine IR-Sichtbarkeit von bis zu 100 Metern und eine einstellbare Brennweite zwischen 4,8 mm und 120 mm, um je nach Bedarf ein weites oder detailliertes Sichtfeld zu erfassen.<\/p>\n<p data-start=\"362\" data-end=\"848\">Mit WDR (Wide Dynamic Range) von 120 dB sind auch bei schwachem oder hellem Licht klare Bilder gew\u00e4hrleistet.<\/p>\n<p data-start=\"850\" data-end=\"1161\">Zur Installation wird die Kamera per Ethernet-Kabel an einen Router oder PoE+-Anschluss angeschlossen, wenn PoE+ jedoch nicht verwendet wird, muss die Kamera mit einem geeigneten Netzteil mit Strom versorgt werden.<\/p>\n<p data-start=\"850\" data-end=\"1161\">Die Kamera ist au\u00dferdem \u00fcber VUpoint NVR mit RISCO Cloud kompatibel und kann zur einfachen Verbindung und Verwaltung als \u201eRISCO Pro\u201c-Kamera konfiguriert werden.<\/p>\n<p data-start=\"1163\" data-end=\"1400\">Es ist IP66-zertifiziert, also wasser- und staubdicht und daher perfekt f\u00fcr den Einsatz im Innen- und Au\u00dfenbereich geeignet.<\/p>\n<p data-start=\"1163\" data-end=\"1400\">Mit der PTZ-Funktion kann die Kamera schwenken, neigen und zoomen, um eine flexible und anpassbare \u00dcberwachung zu erm\u00f6glichen.<\/p>\n<p data-start=\"1402\" data-end=\"1431\"><strong data-start=\"1402\" data-end=\"1431\">Technische Spezifikationen:<\/strong><\/p>\n<ul data-start=\"1432\" data-end=\"1906\">\n<li data-start=\"1432\" data-end=\"1453\">\n<p data-start=\"1434\" data-end=\"1453\">Modell: RVCM82E2500<\/p>\n<\/li>\n<li data-start=\"1454\" data-end=\"1487\">\n<p data-start=\"1456\" data-end=\"1487\">Bildsensor: 1\/2,8 Zoll STARVIS CMOS<\/p>\n<\/li>\n<li data-start=\"1488\" data-end=\"1511\">\n<p data-start=\"1490\" data-end=\"1511\">IR-Reichweite: 100 Meter<\/p>\n<\/li>\n<li data-start=\"1512\" data-end=\"1552\">\n<p data-start=\"1514\" data-end=\"1552\">Brennweite: 4,8 mm \u2013 120 mm (einstellbar)<\/p>\n<\/li>\n<li data-start=\"1553\" data-end=\"1587\">\n<p data-start=\"1555\" data-end=\"1587\">WDR: 120 dB (gro\u00dfer Dynamikbereich)<\/p>\n<\/li>\n<li data-start=\"1588\" data-end=\"1639\">\n<p data-start=\"1590\" data-end=\"1639\">Firmware-Upgrade: \u00dcber die Weboberfl\u00e4che der Kamera<\/p>\n<\/li>\n<li data-start=\"1640\" data-end=\"1676\">\n<p data-start=\"1642\" data-end=\"1676\">Stromversorgung: 12V\/3A DC \/ POE+<\/p>\n<\/li>\n<li data-start=\"1677\" data-end=\"1716\">\n<p data-start=\"1679\" data-end=\"1716\">Stromverbrauch: 13 W (21 W mit eingeschaltetem IR)<\/p>\n<\/li>\n<li data-start=\"1717\" data-end=\"1794\">\n<p data-start=\"1719\" data-end=\"1794\">Betriebsbedingungen: -40 \u00b0C bis 70 \u00b0C (-40 \u00b0F bis 158 \u00b0F), \u2264 95% Luftfeuchtigkeit<\/p>\n<\/li>\n<li data-start=\"1795\" data-end=\"1838\">\n<p data-start=\"1797\" data-end=\"1838\">Schutzart: IP66 (wasser- und staubdicht)<\/p>\n<\/li>\n<li data-start=\"1839\" data-end=\"1874\">\n<p data-start=\"1841\" data-end=\"1874\">Funktionen: PTZ (Schwenken, Neigen, Zoomen)<\/p>\n<\/li>\n<li data-start=\"1875\" data-end=\"1906\">\n<p data-start=\"1877\" data-end=\"1906\">Speicher: Micro SD, max. 256 GB<\/p>\n<\/li>\n<\/ul>","protected":false},"excerpt":{"rendered":"<p>Die Risco PoE 4MP X25 PTZ-Kamera ist eine leistungsstarke \u00dcberwachungskamera mit einem 4-Megapixel-STARVIS-CMOS-Sensor, IR-Sichtbarkeit bis zu 100 Metern und PTZ-Funktionalit\u00e4t (Schwenken, Neigen, Zoomen).<\/p>\n<p>Die Kamera ist IP66-zertifiziert und \u00fcber VUpoint NVR mit RISCO Cloud kompatibel.<\/p>","protected":false},"featured_media":138422,"template":"","meta":{"_acf_changed":false},"product_brand":[],"product_cat":[3192],"product_tag":[],"class_list":{"0":"post-90179","1":"product","2":"type-product","3":"status-publish","4":"has-post-thumbnail","6":"product_cat-risco-ip-kamera","7":"product_shipping_class-tunga-paket","8":"pa_brands-4risco","9":"tm-no-options","11":"first","12":"onbackorder","13":"sale","14":"taxable","15":"shipping-taxable","16":"purchasable","17":"product-type-simple"},"acf":[],"_links":{"self":[{"href":"https:\/\/secureus.se\/de\/wp-json\/wp\/v2\/product\/90179","targetHints":{"allow":["GET"]}}],"collection":[{"href":"https:\/\/secureus.se\/de\/wp-json\/wp\/v2\/product"}],"about":[{"href":"https:\/\/secureus.se\/de\/wp-json\/wp\/v2\/types\/product"}],"wp:featuredmedia":[{"embeddable":true,"href":"https:\/\/secureus.se\/de\/wp-json\/wp\/v2\/media\/138422"}],"wp:attachment":[{"href":"https:\/\/secureus.se\/de\/wp-json\/wp\/v2\/media?parent=90179"}],"wp:term":[{"taxonomy":"product_brand","embeddable":true,"href":"https:\/\/secureus.se\/de\/wp-json\/wp\/v2\/product_brand?post=90179"},{"taxonomy":"product_cat","embeddable":true,"href":"https:\/\/secureus.se\/de\/wp-json\/wp\/v2\/product_cat?post=90179"},{"taxonomy":"product_tag","embeddable":true,"href":"https:\/\/secureus.se\/de\/wp-json\/wp\/v2\/product_tag?post=90179"}],"curies":[{"name":"wp","href":"https:\/\/api.w.org\/{rel}","templated":true}]}}