{"id":90183,"date":"2024-03-12T10:37:30","date_gmt":"2024-03-12T09:37:30","guid":{"rendered":"https:\/\/secureus.se\/?post_type=product&#038;p=90183"},"modified":"2025-12-31T21:03:06","modified_gmt":"2025-12-31T20:03:06","slug":"risco-vupoint-nvr-poe-4-channel","status":"publish","type":"product","link":"https:\/\/secureus.se\/de\/risco-vupoint-nvr-poe-4-channel\/","title":{"rendered":"Risco VUPoint NVR PoE 4 Kanal"},"content":{"rendered":"<h1>Risco VUPoint NVR PoE 4 Kanal<\/h1>\n<p data-start=\"339\" data-end=\"736\">Die Risco VUPoint NVR PoE 4-Kanal-Einheit ist eine kompakte und leistungsstarke Video\u00fcberwachungsl\u00f6sung, die bis zu 4 PoE-kompatible Kameras unterst\u00fctzt.<\/p>\n<p data-start=\"339\" data-end=\"736\">Das Ger\u00e4t ist f\u00fcr den einfachen Anschluss und die Stromversorgung von PoE-Kameras konzipiert und gew\u00e4hrleistet einen stabilen und zuverl\u00e4ssigen Betrieb.<\/p>\n<p data-start=\"339\" data-end=\"736\">Die Speicherung erfolgt \u00fcber einen internen SATA III-Anschluss, der eine Kapazit\u00e4t von bis zu 6 TB unterst\u00fctzt (Festplatte separat erh\u00e4ltlich).<\/p>\n<p data-start=\"738\" data-end=\"1046\">Mit einem Stromverbrauch von weniger als 7,5 W ohne Festplatte und Unterst\u00fctzung f\u00fcr PoE (max. 25,5 W pro Port und insgesamt 50 W f\u00fcr die 4-Kanal-Version) ist es energieeffizient.<\/p>\n<p data-start=\"738\" data-end=\"1046\">Das Ger\u00e4t ist CE-zertifiziert und kann in einem weiten Temperaturbereich von -10\u00b0C bis +55\u00b0C betrieben werden, wodurch es sowohl f\u00fcr den Innen- als auch f\u00fcr den Au\u00dfenbereich geeignet ist.<\/p>\n<p data-start=\"1048\" data-end=\"1077\"><strong data-start=\"1048\" data-end=\"1077\">Technische Spezifikationen:<\/strong><\/p>\n<ul data-start=\"1078\" data-end=\"1682\">\n<li data-start=\"1078\" data-end=\"1111\">\n<p data-start=\"1080\" data-end=\"1111\">Modell: RVNVR04002QB (4-Kanal)<\/p>\n<\/li>\n<li data-start=\"1112\" data-end=\"1164\">\n<p data-start=\"1114\" data-end=\"1164\">Speicher: Interne Festplatte, bis zu 6 TB (SATA III-Anschluss)<\/p>\n<\/li>\n<li data-start=\"1165\" data-end=\"1182\">\n<p data-start=\"1167\" data-end=\"1182\">HDD-Modus: Einfach<\/p>\n<\/li>\n<li data-start=\"1183\" data-end=\"1213\">\n<p data-start=\"1185\" data-end=\"1213\">Stromversorgung: DC48V\/1,5A<\/p>\n<\/li>\n<li data-start=\"1214\" data-end=\"1310\">\n<p data-start=\"1216\" data-end=\"1233\">Stromverbrauch:<\/p>\n<ul data-start=\"1237\" data-end=\"1310\">\n<li data-start=\"1237\" data-end=\"1269\">\n<p data-start=\"1239\" data-end=\"1269\">4-Kanal-NVR: &lt;7,5 W (ohne Festplatte)<\/p>\n<\/li>\n<li data-start=\"1273\" data-end=\"1310\">\n<p data-start=\"1275\" data-end=\"1310\">PoE: Max. 25,5 W pro Port, insgesamt 50 W<\/p>\n<\/li>\n<\/ul>\n<\/li>\n<li data-start=\"1311\" data-end=\"1382\">\n<p data-start=\"1313\" data-end=\"1382\">Betriebsbedingungen: -10 \u00b0C bis +55 \u00b0C (+14 \u00b0F bis +131 \u00b0F), 86 ~ 106 kPa<\/p>\n<\/li>\n<li data-start=\"1383\" data-end=\"1454\">\n<p data-start=\"1385\" data-end=\"1454\">Lagerbedingungen: -20 \u00b0C bis +70 \u00b0C (-4 \u00b0F bis +158 \u00b0F), 0 ~ 90% RH<\/p>\n<\/li>\n<li data-start=\"1455\" data-end=\"1597\">\n<p data-start=\"1457\" data-end=\"1462\">Messen:<\/p>\n<ul data-start=\"1466\" data-end=\"1597\">\n<li data-start=\"1466\" data-end=\"1525\">\n<p data-start=\"1468\" data-end=\"1525\">4-Kanal: 204,6 mm x 204,6 mm x 45,6 mm (8,1\u2033 x 8,1\u2033 x 1,8\u2033)<\/p>\n<\/li>\n<li data-start=\"1529\" data-end=\"1561\">\n<p data-start=\"1531\" data-end=\"1561\">Nettogewicht: 0,45 kg (ohne Festplatte)<\/p>\n<\/li>\n<li data-start=\"1565\" data-end=\"1597\">\n<p data-start=\"1567\" data-end=\"1597\">Bruttogewicht: 1,5 kg (ohne HDD)<\/p>\n<\/li>\n<\/ul>\n<\/li>\n<li data-start=\"1598\" data-end=\"1682\">\n<p data-start=\"1600\" data-end=\"1682\">Zertifizierung: CE EN55032, EN55024, EN50130-4, EN60950-1, FCC Teil 15 Unterteil B<\/p>\n<\/li>\n<\/ul>","protected":false},"excerpt":{"rendered":"<p>Die Risco VUPoint NVR PoE 4-Kanal-Einheit ist f\u00fcr die Stromversorgung PoE-kompatibler Kameras konzipiert und bietet effizienten Speicher \u00fcber einen internen SATA III-Anschluss (bis zu 6 TB).<\/p>\n<p>Perfekt f\u00fcr die Verwendung mit PoE-Kameras zur Video\u00fcberwachung.<\/p>","protected":false},"featured_media":138320,"template":"","meta":{"_acf_changed":false},"product_brand":[],"product_cat":[3250],"product_tag":[],"class_list":{"0":"post-90183","1":"product","2":"type-product","3":"status-publish","4":"has-post-thumbnail","6":"product_cat-risco-nvr","7":"product_shipping_class-tunga-paket","8":"pa_brands-4risco","9":"tm-no-options","11":"first","12":"instock","13":"sale","14":"taxable","15":"shipping-taxable","16":"purchasable","17":"product-type-simple"},"acf":[],"_links":{"self":[{"href":"https:\/\/secureus.se\/de\/wp-json\/wp\/v2\/product\/90183","targetHints":{"allow":["GET"]}}],"collection":[{"href":"https:\/\/secureus.se\/de\/wp-json\/wp\/v2\/product"}],"about":[{"href":"https:\/\/secureus.se\/de\/wp-json\/wp\/v2\/types\/product"}],"wp:featuredmedia":[{"embeddable":true,"href":"https:\/\/secureus.se\/de\/wp-json\/wp\/v2\/media\/138320"}],"wp:attachment":[{"href":"https:\/\/secureus.se\/de\/wp-json\/wp\/v2\/media?parent=90183"}],"wp:term":[{"taxonomy":"product_brand","embeddable":true,"href":"https:\/\/secureus.se\/de\/wp-json\/wp\/v2\/product_brand?post=90183"},{"taxonomy":"product_cat","embeddable":true,"href":"https:\/\/secureus.se\/de\/wp-json\/wp\/v2\/product_cat?post=90183"},{"taxonomy":"product_tag","embeddable":true,"href":"https:\/\/secureus.se\/de\/wp-json\/wp\/v2\/product_tag?post=90183"}],"curies":[{"name":"wp","href":"https:\/\/api.w.org\/{rel}","templated":true}]}}