{"id":90212,"date":"2024-03-13T12:08:59","date_gmt":"2024-03-13T11:08:59","guid":{"rendered":"https:\/\/secureus.se\/batteri-45ah-helios-12v-8-10-ar\/"},"modified":"2026-04-20T10:19:39","modified_gmt":"2026-04-20T08:19:39","slug":"helios-12v-45ah-agm-batteri-vrla-8-10-ar","status":"publish","type":"product","link":"https:\/\/secureus.se\/de\/helios-12v-45ah-agm-batteri-vrla-8-10-ar\/","title":{"rendered":"Akku 12V 45Ah HELIOS 8\u201310 Jahre Pro-Version"},"content":{"rendered":"<p data-start=\"550\" data-end=\"907\">Die HELIOS 12V 45Ah AGM-Batterie (VRLA) ist eine robuste, ventilgeregelte und wartungsfreie Blei-S\u00e4ure-Batterie, die f\u00fcr den professionellen Einsatz in Systemen entwickelt wurde, bei denen Betriebssicherheit von entscheidender Bedeutung ist.<br data-start=\"725\" data-end=\"728\" \/>Mit einem <strong data-start=\"735\" data-end=\"774\">Auslegungslebensdauer von bis zu 8\u201310 Jahren<\/strong> Diese Batterie eignet sich ideal f\u00fcr Alarmzentralen, USV-Anlagen, Telekommunikationssysteme und andere 12V-Ger\u00e4te mit kontinuierlichem Standby-Bedarf.<\/p>\n<p data-start=\"909\" data-end=\"1209\">Das versiegelte AGM-System (Absorbent Glass Mat) macht die Batterie absolut auslaufsicher und vibrationsfest und gew\u00e4hrleistet so einen st\u00f6rungsfreien Betrieb auch unter rauen Bedingungen.<br data-start=\"1069\" data-end=\"1072\" \/>Dank der niedrigen Ausfallrate (&lt;0,03 %) und der hohen Qualit\u00e4tskontrolle ist die HELIOS-Serie eine zuverl\u00e4ssige Wahl sowohl f\u00fcr Unternehmen als auch f\u00fcr professionelle Installateure.<\/p>\n<hr data-start=\"1211\" data-end=\"1214\" \/>\n<h3 data-start=\"1216\" data-end=\"1261\"><strong data-start=\"1220\" data-end=\"1261\">Warum sollten Sie sich f\u00fcr die HELIOS 45Ah AGM-Batterie entscheiden?<\/strong><\/h3>\n<ul data-start=\"1263\" data-end=\"1649\">\n<li data-start=\"1263\" data-end=\"1344\">\n<p data-start=\"1265\" data-end=\"1344\"><strong data-start=\"1265\" data-end=\"1291\">Lange Lebensdauer 8\u201310 Jahre<\/strong> \u2013 Ideal f\u00fcr kritische Systeme und den Standby-Betrieb.<\/p>\n<\/li>\n<li data-start=\"1345\" data-end=\"1426\">\n<p data-start=\"1347\" data-end=\"1426\"><strong data-start=\"1347\" data-end=\"1375\">Wartungsfreier VRLA-AGM<\/strong> \u2013 vollst\u00e4ndig versiegelt, keine Fl\u00fcssigkeitsbef\u00fcllung erforderlich.<\/p>\n<\/li>\n<li data-start=\"1427\" data-end=\"1498\">\n<p data-start=\"1429\" data-end=\"1498\"><strong data-start=\"1429\" data-end=\"1454\">Stabile Spannungskurve<\/strong> \u2013 bietet eine reibungslose und zuverl\u00e4ssige Stromversorgung.<\/p>\n<\/li>\n<li data-start=\"1499\" data-end=\"1581\">\n<p data-start=\"1501\" data-end=\"1581\"><strong data-start=\"1501\" data-end=\"1524\">Geringe Selbstentladung<\/strong> \u2013 perfekt f\u00fcr Notstromversorgung und Systeme, die nur selten aktiviert werden.<\/p>\n<\/li>\n<li data-start=\"1582\" data-end=\"1649\">\n<p data-start=\"1584\" data-end=\"1649\"><strong data-start=\"1584\" data-end=\"1603\">Qualit\u00e4tssicherung<\/strong> \u2013 Fertigung gem\u00e4\u00df ISO 9000\/14000\/18000.<\/p>\n<\/li>\n<\/ul>\n<hr data-start=\"1651\" data-end=\"1654\" \/>\n<h3 data-start=\"1656\" data-end=\"1690\"><strong data-start=\"1660\" data-end=\"1690\">Typische Anwendungen<\/strong><\/h3>\n<ul data-start=\"1692\" data-end=\"1933\">\n<li data-start=\"1692\" data-end=\"1736\">\n<p data-start=\"1694\" data-end=\"1736\">Alarmanlagen, Sirenen und Zugangssysteme<\/p>\n<\/li>\n<li data-start=\"1737\" data-end=\"1767\">\n<p data-start=\"1739\" data-end=\"1767\">USV- und Notstroml\u00f6sungen<\/p>\n<\/li>\n<li data-start=\"1768\" data-end=\"1811\">\n<p data-start=\"1770\" data-end=\"1811\">Telekommunikations- und Netzwerkger\u00e4te<\/p>\n<\/li>\n<li data-start=\"1812\" data-end=\"1843\">\n<p data-start=\"1814\" data-end=\"1843\">Fahrzeugmontierte Unterst\u00fctzungssysteme<\/p>\n<\/li>\n<li data-start=\"1844\" data-end=\"1887\">\n<p data-start=\"1846\" data-end=\"1887\">Beleuchtung, Notbeleuchtung und Notstromversorgung<\/p>\n<\/li>\n<li data-start=\"1888\" data-end=\"1933\">\n<p data-start=\"1890\" data-end=\"1933\">Elektroz\u00e4une und industrielle Anwendungen<\/p>\n<\/li>\n<\/ul>\n<hr data-start=\"1935\" data-end=\"1938\" \/>\n<h3 data-start=\"1940\" data-end=\"1961\"><strong data-start=\"1944\" data-end=\"1961\">Technische Daten<\/strong><\/h3>\n<div class=\"_tableContainer_1rjym_1\">\n<div class=\"group _tableWrapper_1rjym_13 flex w-fit flex-col-reverse\">\n<table class=\"w-fit min-w-(--thread-content-width)\" data-start=\"1963\" data-end=\"2506\">\n<thead data-start=\"1963\" data-end=\"1983\">\n<tr data-start=\"1963\" data-end=\"1983\">\n<th data-start=\"1963\" data-end=\"1974\" data-col-size=\"sm\">Eigentum<\/th>\n<th data-start=\"1974\" data-end=\"1983\" data-col-size=\"md\">Wert<\/th>\n<\/tr>\n<\/thead>\n<tbody data-start=\"2007\" data-end=\"2506\">\n<tr data-start=\"2007\" data-end=\"2031\">\n<td data-start=\"2007\" data-end=\"2023\" data-col-size=\"sm\"><strong data-start=\"2009\" data-end=\"2022\">Stromspannung:<\/strong><\/td>\n<td data-start=\"2023\" data-end=\"2031\" data-col-size=\"md\">12 V<\/td>\n<\/tr>\n<tr data-start=\"2032\" data-end=\"2058\">\n<td data-start=\"2032\" data-end=\"2049\" data-col-size=\"sm\"><strong data-start=\"2034\" data-end=\"2048\">Kapazit\u00e4t:<\/strong><\/td>\n<td data-start=\"2049\" data-end=\"2058\" data-col-size=\"md\">45 Ah<\/td>\n<\/tr>\n<tr data-start=\"2059\" data-end=\"2141\">\n<td data-start=\"2059\" data-end=\"2077\" data-col-size=\"sm\"><strong data-start=\"2061\" data-end=\"2076\">Akku-Typ:<\/strong><\/td>\n<td data-start=\"2077\" data-end=\"2141\" data-col-size=\"md\">AGM (ventilgeregelte Blei-S\u00e4ure-Batterie, versiegelt \/ wartungsfrei)<\/td>\n<\/tr>\n<tr data-start=\"2142\" data-end=\"2176\">\n<td data-start=\"2142\" data-end=\"2165\" data-col-size=\"sm\"><strong data-start=\"2144\" data-end=\"2164\">Lebensgestaltung:<\/strong><\/td>\n<td data-col-size=\"md\" data-start=\"2165\" data-end=\"2176\">8\u201310 Jahre<\/td>\n<\/tr>\n<tr data-start=\"2177\" data-end=\"2219\">\n<td data-start=\"2177\" data-end=\"2197\" data-col-size=\"sm\"><strong data-start=\"2179\" data-end=\"2196\">Abmessungen (L\u00d7B\u00d7H):<\/strong><\/td>\n<td data-start=\"2197\" data-end=\"2219\" data-col-size=\"md\">216 \u00d7 186 \u00d7 226 mm<\/td>\n<\/tr>\n<tr data-start=\"2220\" data-end=\"2246\">\n<td data-start=\"2220\" data-end=\"2232\" data-col-size=\"sm\"><strong data-start=\"2222\" data-end=\"2231\">Gewicht:<\/strong><\/td>\n<td data-start=\"2232\" data-end=\"2246\" data-col-size=\"md\">etwa 13,7 kg<\/td>\n<\/tr>\n<tr data-start=\"2247\" data-end=\"2285\">\n<td data-start=\"2247\" data-end=\"2261\" data-col-size=\"sm\"><strong data-start=\"2249\" data-end=\"2260\">Masttyp:<\/strong><\/td>\n<td data-start=\"2261\" data-end=\"2285\" data-col-size=\"md\">Schraubanschluss (M6)<\/td>\n<\/tr>\n<tr data-start=\"2286\" data-end=\"2318\">\n<td data-start=\"2286\" data-end=\"2299\" data-col-size=\"sm\"><strong data-start=\"2288\" data-end=\"2298\">Abdeckung:<\/strong><\/td>\n<td data-start=\"2299\" data-end=\"2318\" data-col-size=\"md\">Schwarzer ABS-Kunststoff<\/td>\n<\/tr>\n<tr data-start=\"2319\" data-end=\"2363\">\n<td data-start=\"2319\" data-end=\"2339\" data-col-size=\"sm\"><strong data-start=\"2321\" data-end=\"2338\">Ausfallrate:<\/strong><\/td>\n<td data-start=\"2339\" data-end=\"2363\" data-col-size=\"md\">&lt; 0,03 % ab Werk<\/td>\n<\/tr>\n<tr data-start=\"2364\" data-end=\"2433\">\n<td data-start=\"2364\" data-end=\"2386\" data-col-size=\"sm\"><strong data-start=\"2366\" data-end=\"2385\">Zertifizierungen:<\/strong><\/td>\n<td data-start=\"2386\" data-end=\"2433\" data-col-size=\"md\">CE, UL, RoHS, ISO 9000 \/ ISO 14000 \/ ISO 18000<\/td>\n<\/tr>\n<tr data-start=\"2434\" data-end=\"2470\">\n<td data-start=\"2434\" data-end=\"2461\" data-col-size=\"sm\"><strong data-start=\"2436\" data-end=\"2460\">Artikelnummer (SKU):<\/strong><\/td>\n<td data-start=\"2461\" data-end=\"2470\" data-col-size=\"md\">50045<\/td>\n<\/tr>\n<tr data-start=\"2471\" data-end=\"2506\">\n<td data-start=\"2471\" data-end=\"2496\" data-col-size=\"sm\"><strong data-start=\"2473\" data-end=\"2495\">Marke \/ Serie:<\/strong><\/td>\n<td data-start=\"2496\" data-end=\"2506\" data-col-size=\"md\">HELIOS<\/td>\n<\/tr>\n<\/tbody>\n<\/table>\n<\/div>\n<\/div>\n<hr data-start=\"2508\" data-end=\"2511\" \/>\n<h3 data-start=\"2513\" data-end=\"2546\"><strong data-start=\"2517\" data-end=\"2546\">Ladeempfehlungen<\/strong><\/h3>\n<ul data-start=\"2548\" data-end=\"2658\">\n<li data-start=\"2548\" data-end=\"2587\">\n<p data-start=\"2550\" data-end=\"2587\"><strong data-start=\"2550\" data-end=\"2571\">Standby-Ladevorgang:<\/strong> 13,5 \u2013 13,8 V<\/p>\n<\/li>\n<li data-start=\"2588\" data-end=\"2627\">\n<p data-start=\"2590\" data-end=\"2627\"><strong data-start=\"2590\" data-end=\"2611\">Zyklisches Laden:<\/strong> 14,4 \u2013 15,0 V<\/p>\n<\/li>\n<li data-start=\"2628\" data-end=\"2658\">\n<p data-start=\"2630\" data-end=\"2658\"><strong data-start=\"2630\" data-end=\"2649\">Maximaler Ladestrom:<\/strong> 13,5A<\/p>\n<\/li>\n<\/ul>\n<p data-start=\"2660\" data-end=\"2901\">F\u00fcr eine optimale Batterielebensdauer sollte die Batterie w\u00e4hrend des zyklischen Betriebs nicht auf mehr als 30 % ihrer Kapazit\u00e4t geladen werden.<br data-start=\"2759\" data-end=\"2762\" \/>F\u00fcr den Standby-Betrieb wird eine Erhaltungsladung mit einer Kapazit\u00e4t von ca. 5 % empfohlen.<br data-start=\"2842\" data-end=\"2845\" \/>Beachten Sie stets die Spezifikationen des Ladeger\u00e4ts und des Ger\u00e4ts.<\/p>\n<hr data-start=\"2903\" data-end=\"2906\" \/>\n<h3 data-start=\"2908\" data-end=\"2928\"><strong data-start=\"2912\" data-end=\"2928\">Installation<\/strong><\/h3>\n<ol data-start=\"2930\" data-end=\"3169\">\n<li data-start=\"2930\" data-end=\"2977\">\n<p data-start=\"2933\" data-end=\"2977\">Trennen Sie das Ger\u00e4t vom Stromnetz.<\/p>\n<\/li>\n<li data-start=\"2978\" data-end=\"3026\">\n<p data-start=\"2981\" data-end=\"3026\">Polarit\u00e4t pr\u00fcfen (rot = +, schwarz = \u2013).<\/p>\n<\/li>\n<li data-start=\"3027\" data-end=\"3100\">\n<p data-start=\"3030\" data-end=\"3100\">Schlie\u00dfen Sie die Kabel an die Schraubklemmen an und ziehen Sie diese fest (aber nicht zu fest).<\/p>\n<\/li>\n<li data-start=\"3101\" data-end=\"3169\">\n<p data-start=\"3104\" data-end=\"3169\">Setzen Sie die Batterie sicher in das Batteriefach ein und testen Sie die Funktion nach dem Einbau.<\/p>\n<\/li>\n<\/ol>\n<hr data-start=\"3171\" data-end=\"3174\" \/>\n<h3 data-start=\"3176\" data-end=\"3205\"><strong data-start=\"3180\" data-end=\"3205\">Umwelt und Recycling<\/strong><\/h3>\n<p data-start=\"3207\" data-end=\"3389\">Alle HELIOS-Batterien sind vollst\u00e4ndig recycelbar.<br data-start=\"3254\" data-end=\"3257\" \/>Bringen Sie gebrauchte Blei-S\u00e4ure-Batterien zu einem Recyclinghof.<br data-start=\"3310\" data-end=\"3313\" \/>Hergestellt nach ISO-Umweltstandards mit Fokus auf Nachhaltigkeit und Sicherheit.<\/p>\n<hr data-start=\"3391\" data-end=\"3394\" \/>\n<h3 data-start=\"3396\" data-end=\"3407\"><strong data-start=\"3400\" data-end=\"3407\">FAQ<\/strong><\/h3>\n<p data-start=\"3409\" data-end=\"3525\"><strong data-start=\"3409\" data-end=\"3444\">Wie lange h\u00e4lt dieser Akku?<\/strong><br data-start=\"3444\" data-end=\"3447\" \/>Bei sachgem\u00e4\u00dfer Verwendung und Temperatur ist eine Lebensdauer von 8\u201310 Jahren vorgesehen.<\/p>\n<p data-start=\"3527\" data-end=\"3664\"><strong data-start=\"3527\" data-end=\"3568\">Passt es in ein USV-\/Alarm-\/Telefonsystem?<\/strong><br data-start=\"3568\" data-end=\"3571\" \/>Ja, wenn Ihr Ger\u00e4t mit 12 V betrieben wird und eine Kapazit\u00e4t von ca. 45 Ah mit Schraubklemmenanschluss (M6) ben\u00f6tigt.<\/p>\n<p data-start=\"3666\" data-end=\"3758\"><strong data-start=\"3666\" data-end=\"3693\">Ist es wartungsfrei?<\/strong><br data-start=\"3693\" data-end=\"3696\" \/>Ja, die Batterie ist komplett versiegelt und muss nicht nachgef\u00fcllt werden.<\/p>\n<hr data-start=\"3760\" data-end=\"3763\" \/>\n<h3 data-start=\"3765\" data-end=\"3787\"><strong data-start=\"3769\" data-end=\"3787\">Zusammenfassung<\/strong><\/h3>\n<p data-start=\"3789\" data-end=\"4111\">Die HELIOS 12V 45Ah AGM-Batterie (VRLA) bietet hohe Betriebssicherheit, lange Lebensdauer und robuste Bauweise.<br data-start=\"3891\" data-end=\"3894\" \/>Es eignet sich perfekt f\u00fcr den professionellen Standby- und Backup-Einsatz in Alarmanlagen, USV-Anlagen, Telekommunikationssystemen und industriellen Systemen.<br data-start=\"4015\" data-end=\"4018\" \/>Mit einer geplanten Lebensdauer von 8\u201310 Jahren ist es eine kosteng\u00fcnstige und sichere Wahl f\u00fcr den Langzeitbetrieb.<\/p>","protected":false},"excerpt":{"rendered":"<p>Wartungsfreie 12V 45Ah AGM-Batterie (VRLA) f\u00fcr Alarmanlagen, USV-Anlagen, Telekommunikationssysteme und Notstromsysteme.<br data-start=\"414\" data-end=\"417\" \/>Lange Lebensdauer von 8\u201310 Jahren. Standardabmessungen 216\u00d7186\u00d7226 mm. Hohe Betriebssicherheit und geringe Selbstentladung.<\/p>","protected":false},"featured_media":159415,"template":"","meta":{"_acf_changed":false},"product_brand":[],"product_cat":[1596,2428],"product_tag":[4406,2419],"class_list":{"0":"post-90212","1":"product","2":"type-product","3":"status-publish","4":"has-post-thumbnail","6":"product_cat-ackumulatorer-12v-agm-batterier","7":"product_cat-stromforsorjning-batterier","8":"product_tag-batteri-13-45-ah","9":"product_tag-rel-batteri","10":"product_shipping_class-tunga-paket","11":"pa_brands-stonehouse-security","12":"tm-no-options","14":"first","15":"instock","16":"sale","17":"featured","18":"taxable","19":"shipping-taxable","20":"purchasable","21":"product-type-simple"},"acf":[],"_links":{"self":[{"href":"https:\/\/secureus.se\/de\/wp-json\/wp\/v2\/product\/90212","targetHints":{"allow":["GET"]}}],"collection":[{"href":"https:\/\/secureus.se\/de\/wp-json\/wp\/v2\/product"}],"about":[{"href":"https:\/\/secureus.se\/de\/wp-json\/wp\/v2\/types\/product"}],"wp:featuredmedia":[{"embeddable":true,"href":"https:\/\/secureus.se\/de\/wp-json\/wp\/v2\/media\/159415"}],"wp:attachment":[{"href":"https:\/\/secureus.se\/de\/wp-json\/wp\/v2\/media?parent=90212"}],"wp:term":[{"taxonomy":"product_brand","embeddable":true,"href":"https:\/\/secureus.se\/de\/wp-json\/wp\/v2\/product_brand?post=90212"},{"taxonomy":"product_cat","embeddable":true,"href":"https:\/\/secureus.se\/de\/wp-json\/wp\/v2\/product_cat?post=90212"},{"taxonomy":"product_tag","embeddable":true,"href":"https:\/\/secureus.se\/de\/wp-json\/wp\/v2\/product_tag?post=90212"}],"curies":[{"name":"wp","href":"https:\/\/api.w.org\/{rel}","templated":true}]}}