{"id":90214,"date":"2024-03-13T15:40:53","date_gmt":"2024-03-13T14:40:53","guid":{"rendered":"https:\/\/secureus.se\/risco-vupoint-nvr-16-channel\/"},"modified":"2025-12-31T21:04:28","modified_gmt":"2025-12-31T20:04:28","slug":"risco-vupoint-nvr-16-channel","status":"publish","type":"product","link":"https:\/\/secureus.se\/de\/risco-vupoint-nvr-16-channel\/","title":{"rendered":"Risco VUPoint NVR 16 Kanal"},"content":{"rendered":"<h1 data-start=\"329\" data-end=\"643\">Risco VUPoint NVR 16 Kanal<\/h1>\n<p data-start=\"329\" data-end=\"643\">Die Risco VUPoint NVR 16-Kanal-Einheit ist eine leistungsstarke L\u00f6sung f\u00fcr Video\u00fcberwachung und -aufzeichnung.<\/p>\n<p data-start=\"329\" data-end=\"643\">Es verf\u00fcgt \u00fcber 16 Kan\u00e4le zum Anschluss von Kameras und bietet eine hervorragende Leistung mit Unterst\u00fctzung f\u00fcr die Speicherung \u00fcber eine externe SATA III-Festplatte (bis zu 6 TB).<\/p>\n<p data-start=\"329\" data-end=\"643\">Bitte beachten Sie, dass die Festplatte nicht im Lieferumfang enthalten ist und separat erworben werden muss.<\/p>\n<p data-start=\"645\" data-end=\"909\">Das Ger\u00e4t arbeitet mit einer Spannung von DC48V\/1,5A und hat einen geringen Stromverbrauch von weniger als 7,5W ohne Festplatte.<\/p>\n<p data-start=\"645\" data-end=\"909\">F\u00fcr die PoE-F\u00e4higkeit (Power over Ethernet) unterst\u00fctzt es eine maximale Leistung von 25,5 W pro Port und insgesamt 50 W f\u00fcr 4-Kanal-Einheiten sowie 80 W f\u00fcr 8-Kanal-Einheiten.<\/p>\n<p data-start=\"911\" data-end=\"1122\">Der Risco VUPoint NVR ist f\u00fcr den Betrieb in Temperaturbereichen von -10 \u00b0C bis +55 \u00b0C ausgelegt und kann bei Temperaturen zwischen -20 \u00b0C und +70 \u00b0C gelagert werden, sodass er sich sowohl f\u00fcr die Installation im Innen- als auch im Au\u00dfenbereich eignet.<\/p>\n<p data-start=\"1124\" data-end=\"1153\"><strong data-start=\"1124\" data-end=\"1153\">Technische Spezifikationen:<\/strong><\/p>\n<ul data-start=\"1154\" data-end=\"1979\">\n<li data-start=\"1154\" data-end=\"1176\">\n<p data-start=\"1156\" data-end=\"1176\">Modell: RVNVR16002FB<\/p>\n<\/li>\n<li data-start=\"1177\" data-end=\"1212\">\n<p data-start=\"1179\" data-end=\"1212\">Kan\u00e4le: 16-Kanal-NVR (ohne PoE)<\/p>\n<\/li>\n<li data-start=\"1213\" data-end=\"1264\">\n<p data-start=\"1215\" data-end=\"1264\">Speicher: 1 SATA III-Anschluss, bis zu 6 TB Kapazit\u00e4t<\/p>\n<\/li>\n<li data-start=\"1265\" data-end=\"1282\">\n<p data-start=\"1267\" data-end=\"1282\">HDD-Modus: Einfach<\/p>\n<\/li>\n<li data-start=\"1283\" data-end=\"1305\">\n<p data-start=\"1285\" data-end=\"1305\">Spannung: DC48V\/1,5A<\/p>\n<\/li>\n<li data-start=\"1306\" data-end=\"1504\">\n<p data-start=\"1308\" data-end=\"1325\">Stromverbrauch:<\/p>\n<ul data-start=\"1329\" data-end=\"1504\">\n<li data-start=\"1329\" data-end=\"1364\">\n<p data-start=\"1331\" data-end=\"1364\">4\/16-Kanal NVR: &lt;7,5 W (ohne Festplatte)<\/p>\n<\/li>\n<li data-start=\"1368\" data-end=\"1416\">\n<p data-start=\"1370\" data-end=\"1416\">PoE: Max. 25,5 W pro Port, 50 W insgesamt (4-Kanal)<\/p>\n<\/li>\n<li data-start=\"1420\" data-end=\"1452\">\n<p data-start=\"1422\" data-end=\"1452\">8-Kanal-NVR: &lt;8,3 W (ohne Festplatte)<\/p>\n<\/li>\n<li data-start=\"1456\" data-end=\"1504\">\n<p data-start=\"1458\" data-end=\"1504\">PoE: Max. 25,5 W pro Port, 80 W insgesamt (8-Kanal)<\/p>\n<\/li>\n<\/ul>\n<\/li>\n<li data-start=\"1505\" data-end=\"1554\">\n<p data-start=\"1507\" data-end=\"1554\">Betriebsbedingungen: -10\u00b0C ~ +55\u00b0C, 86 ~ 106 kPa<\/p>\n<\/li>\n<li data-start=\"1555\" data-end=\"1604\">\n<p data-start=\"1557\" data-end=\"1604\">Lagerbedingungen: -20 \u00b0C ~ +70 \u00b0C, 0 ~ 90% RH<\/p>\n<\/li>\n<li data-start=\"1605\" data-end=\"1751\">\n<p data-start=\"1607\" data-end=\"1626\">Abmessungen (4\/16-Kanal):<\/p>\n<ul data-start=\"1630\" data-end=\"1751\">\n<li data-start=\"1630\" data-end=\"1679\">\n<p data-start=\"1632\" data-end=\"1679\">204,6 mm x 204,6 mm x 45,6 mm (8,1\u2033 x 8,1\u2033 x 1,8\u2033)<\/p>\n<\/li>\n<li data-start=\"1683\" data-end=\"1715\">\n<p data-start=\"1685\" data-end=\"1715\">Nettogewicht: 0,45 kg (ohne Festplatte)<\/p>\n<\/li>\n<li data-start=\"1719\" data-end=\"1751\">\n<p data-start=\"1721\" data-end=\"1751\">Bruttogewicht: 1,5 kg (ohne HDD)<\/p>\n<\/li>\n<\/ul>\n<\/li>\n<li data-start=\"1752\" data-end=\"1894\">\n<p data-start=\"1754\" data-end=\"1770\">Abmessungen (8-Kanal):<\/p>\n<ul data-start=\"1774\" data-end=\"1894\">\n<li data-start=\"1774\" data-end=\"1822\">\n<p data-start=\"1776\" data-end=\"1822\">270 mm x 204,7 mm x 45,7 mm (10,6\u2033 x 8,1\u2033 x 1,8\u2033)<\/p>\n<\/li>\n<li data-start=\"1826\" data-end=\"1858\">\n<p data-start=\"1828\" data-end=\"1858\">Nettogewicht: 0,65 kg (ohne Festplatte)<\/p>\n<\/li>\n<li data-start=\"1862\" data-end=\"1894\">\n<p data-start=\"1864\" data-end=\"1894\">Bruttogewicht: 1,8 kg (ohne HDD)<\/p>\n<\/li>\n<\/ul>\n<\/li>\n<li data-start=\"1895\" data-end=\"1979\">\n<p data-start=\"1897\" data-end=\"1979\">Zertifizierung: CE EN55032, EN55024, EN50130-4, EN60950-1, FCC Teil 15 Unterteil B<\/p>\n<\/li>\n<\/ul>","protected":false},"excerpt":{"rendered":"<p>Risco VUPoint NVR 16-Kanal-Videoaufzeichnungsger\u00e4t (NVR) ohne PoE-Unterst\u00fctzung und ohne mitgelieferte Festplatte. Unterst\u00fctzt bis zu 6 TB Speicher und bietet eine flexible Installation mit einfacher Verwaltung von Kameras und Aufzeichnungen.<\/p>","protected":false},"featured_media":138320,"template":"","meta":{"_acf_changed":false},"product_brand":[],"product_cat":[3250],"product_tag":[],"class_list":{"0":"post-90214","1":"product","2":"type-product","3":"status-publish","4":"has-post-thumbnail","6":"product_cat-risco-nvr","7":"product_shipping_class-tunga-paket","8":"pa_brands-4risco","9":"tm-no-options","11":"first","12":"onbackorder","13":"sale","14":"taxable","15":"shipping-taxable","16":"purchasable","17":"product-type-simple"},"acf":[],"_links":{"self":[{"href":"https:\/\/secureus.se\/de\/wp-json\/wp\/v2\/product\/90214","targetHints":{"allow":["GET"]}}],"collection":[{"href":"https:\/\/secureus.se\/de\/wp-json\/wp\/v2\/product"}],"about":[{"href":"https:\/\/secureus.se\/de\/wp-json\/wp\/v2\/types\/product"}],"wp:featuredmedia":[{"embeddable":true,"href":"https:\/\/secureus.se\/de\/wp-json\/wp\/v2\/media\/138320"}],"wp:attachment":[{"href":"https:\/\/secureus.se\/de\/wp-json\/wp\/v2\/media?parent=90214"}],"wp:term":[{"taxonomy":"product_brand","embeddable":true,"href":"https:\/\/secureus.se\/de\/wp-json\/wp\/v2\/product_brand?post=90214"},{"taxonomy":"product_cat","embeddable":true,"href":"https:\/\/secureus.se\/de\/wp-json\/wp\/v2\/product_cat?post=90214"},{"taxonomy":"product_tag","embeddable":true,"href":"https:\/\/secureus.se\/de\/wp-json\/wp\/v2\/product_tag?post=90214"}],"curies":[{"name":"wp","href":"https:\/\/api.w.org\/{rel}","templated":true}]}}