{"id":90362,"date":"2024-03-15T09:44:28","date_gmt":"2024-03-15T08:44:28","guid":{"rendered":"https:\/\/secureus.se\/?post_type=product&#038;p=90362"},"modified":"2026-04-08T15:49:06","modified_gmt":"2026-04-08T13:49:06","slug":"cylinderring-659m-11-16mm-oval-multi-f9-rostfritt-utseende","status":"publish","type":"product","link":"https:\/\/secureus.se\/de\/cylinderring-659m-11-16mm-oval-multi-f9-rostfritt-utseende\/","title":{"rendered":"Zylinderring 659M 11-16mm Oval Multi F9 Rostfreie Optik"},"content":{"rendered":"<div>Der HOPPE-Zylinderring 659M ist f\u00fcr ovale Zylinder f\u00fcr T\u00fcren mit Schlossk\u00f6rpermodul oder einige Innent\u00fcrschl\u00f6sser geeignet. Erh\u00e4ltlich in mehreren 3 Gr\u00f6\u00dfen. Die H\u00f6he der Zylinderringe und die L\u00e4nge der Schraube werden durch die Dicke der T\u00fcr und die Position des Schlossgeh\u00e4uses bestimmt. 659M ist im Zylinderzubeh\u00f6r enthalten und kann mit dem Knopf 42FIS-Modul, der Abdeckplatte 59F oder dem Zylinderring 59F f\u00fcr den Innenbereich kombiniert werden.<\/div>\n<div><b><br \/>Eigenschaften:<\/b><\/div>\n<div>\n<ul>\n<li>Zur Montage zusammen mit ovalem Einzelzylinder<\/li>\n<li>Erh\u00e4ltlich in den Gr\u00f6\u00dfen: 6-11, 11-16 und 16-21 mm (\u00fcberstehender Zylinder)<\/li>\n<li>Material: Aluminium<\/li>\n<\/ul>\n<\/div>","protected":false},"excerpt":{"rendered":"<p>Der HOPPE-Zylinderring 659M ist f\u00fcr Ovalzylinder f\u00fcr T\u00fcren mit Schlossk\u00f6rpermodul oder einige Innent\u00fcrschl\u00f6sser geeignet. Erh\u00e4ltlich in mehreren 3 Gr\u00f6\u00dfen. Die H\u00f6he der Zylinderringe und die L\u00e4nge der Schnecke werden bestimmt<\/p>","protected":false},"featured_media":138285,"template":"","meta":{"_acf_changed":false},"product_brand":[],"product_cat":[3254],"product_tag":[],"class_list":{"0":"post-90362","1":"product","2":"type-product","3":"status-publish","4":"has-post-thumbnail","6":"product_cat-cylinderringar","7":"product_shipping_class-postnord-varubrev","8":"pa_brands-hoppe","9":"tm-no-options","11":"first","12":"instock","13":"sale","14":"taxable","15":"shipping-taxable","16":"purchasable","17":"product-type-simple"},"acf":[],"_links":{"self":[{"href":"https:\/\/secureus.se\/de\/wp-json\/wp\/v2\/product\/90362","targetHints":{"allow":["GET"]}}],"collection":[{"href":"https:\/\/secureus.se\/de\/wp-json\/wp\/v2\/product"}],"about":[{"href":"https:\/\/secureus.se\/de\/wp-json\/wp\/v2\/types\/product"}],"wp:featuredmedia":[{"embeddable":true,"href":"https:\/\/secureus.se\/de\/wp-json\/wp\/v2\/media\/138285"}],"wp:attachment":[{"href":"https:\/\/secureus.se\/de\/wp-json\/wp\/v2\/media?parent=90362"}],"wp:term":[{"taxonomy":"product_brand","embeddable":true,"href":"https:\/\/secureus.se\/de\/wp-json\/wp\/v2\/product_brand?post=90362"},{"taxonomy":"product_cat","embeddable":true,"href":"https:\/\/secureus.se\/de\/wp-json\/wp\/v2\/product_cat?post=90362"},{"taxonomy":"product_tag","embeddable":true,"href":"https:\/\/secureus.se\/de\/wp-json\/wp\/v2\/product_tag?post=90362"}],"curies":[{"name":"wp","href":"https:\/\/api.w.org\/{rel}","templated":true}]}}