{"id":90386,"date":"2024-03-15T09:44:28","date_gmt":"2024-03-15T08:44:28","guid":{"rendered":"https:\/\/secureus.se\/?post_type=product&#038;p=90386"},"modified":"2026-04-23T12:14:40","modified_gmt":"2026-04-23T10:14:40","slug":"cylinderring-790-13mm-rund-f5-svart","status":"publish","type":"product","link":"https:\/\/secureus.se\/de\/cylinderring-790-13mm-rund-f5-svart\/","title":{"rendered":"Zylinderring 790 13mm Rund F5 Schwarz"},"content":{"rendered":"<p>\nDer HOPPE-Zylinderring 790 ist ein Zylinderring f\u00fcr Rundzylinder f\u00fcr T\u00fcren mit Schlossgeh\u00e4usetyp Modul. Die H\u00f6he der Zylinderringe und die L\u00e4nge der Schraube werden durch die Dicke der T\u00fcr und die Position des Schlossgeh\u00e4uses bestimmt. Zusammen mit der Zylinderh\u00fclse 990 auf ASSA ABLOY-Zylindern montiert.<br \/>\n<\/p>\n<div><b><br \/>Eigenschaften:<\/b><\/div>\n<div>\n<ul>\n<li>Zur Montage zusammen mit runden Einzel- oder Doppelzylindern<\/li>\n<li>Erh\u00e4ltlich in der Gr\u00f6\u00dfe: 13 mm<\/li>\n<li>Material: Aluminium<\/li>\n<li>Erf\u00fcllt die Anforderungen f\u00fcr die Nickelabscheidung \u2013 hypoallergen<\/li>\n<\/ul>\n<\/div>","protected":false},"excerpt":{"rendered":"<p>Der HOPPE-Zylinderring 790 ist ein Zylinderring f\u00fcr Rundzylinder f\u00fcr T\u00fcren mit Schlossgeh\u00e4usetyp Modul. Die H\u00f6he der Zylinderringe und die L\u00e4nge der Schraube werden durch die Dicke der T\u00fcr und die Position des Schlossgeh\u00e4uses bestimmt. Montiert<\/p>","protected":false},"featured_media":138042,"template":"","meta":{"_acf_changed":false},"product_brand":[],"product_cat":[3254],"product_tag":[],"class_list":{"0":"post-90386","1":"product","2":"type-product","3":"status-publish","4":"has-post-thumbnail","6":"product_cat-cylinderringar","7":"product_shipping_class-postnord-varubrev","8":"pa_brands-hoppe","9":"tm-no-options","11":"first","12":"instock","13":"sale","14":"taxable","15":"shipping-taxable","16":"purchasable","17":"product-type-simple"},"acf":[],"_links":{"self":[{"href":"https:\/\/secureus.se\/de\/wp-json\/wp\/v2\/product\/90386","targetHints":{"allow":["GET"]}}],"collection":[{"href":"https:\/\/secureus.se\/de\/wp-json\/wp\/v2\/product"}],"about":[{"href":"https:\/\/secureus.se\/de\/wp-json\/wp\/v2\/types\/product"}],"wp:featuredmedia":[{"embeddable":true,"href":"https:\/\/secureus.se\/de\/wp-json\/wp\/v2\/media\/138042"}],"wp:attachment":[{"href":"https:\/\/secureus.se\/de\/wp-json\/wp\/v2\/media?parent=90386"}],"wp:term":[{"taxonomy":"product_brand","embeddable":true,"href":"https:\/\/secureus.se\/de\/wp-json\/wp\/v2\/product_brand?post=90386"},{"taxonomy":"product_cat","embeddable":true,"href":"https:\/\/secureus.se\/de\/wp-json\/wp\/v2\/product_cat?post=90386"},{"taxonomy":"product_tag","embeddable":true,"href":"https:\/\/secureus.se\/de\/wp-json\/wp\/v2\/product_tag?post=90386"}],"curies":[{"name":"wp","href":"https:\/\/api.w.org\/{rel}","templated":true}]}}