{"id":90408,"date":"2024-03-15T09:44:29","date_gmt":"2024-03-15T08:44:29","guid":{"rendered":"https:\/\/secureus.se\/?post_type=product&#038;p=90408"},"modified":"2026-04-08T15:48:52","modified_gmt":"2026-04-08T13:48:52","slug":"cylinderring-8mm-rund-mattkrom","status":"publish","type":"product","link":"https:\/\/secureus.se\/de\/cylinderring-8mm-rund-mattkrom\/","title":{"rendered":"Zylinderring 8mm Rund Mattchrom"},"content":{"rendered":"<p><b>Beschreibung:<br \/>\n<\/b><br \/>\nASSA ABLOY Zylinderring f\u00fcr Rundzylinder (innen und au\u00dfen). Erh\u00e4ltlich in mehreren zwei Gr\u00f6\u00dfen. Die H\u00f6he der Zylinderringe und die L\u00e4nge der Schraube werden durch die Dicke der T\u00fcr und die Position des Schlossgeh\u00e4uses bestimmt. Runde Zylinderringe von ASSA ABLOY sind im Zylinderzubeh\u00f6r 3211 und 3212 enthalten. Komplett mit Zylinderh\u00fclse, hochfester Schraube und Zylinderstopfen (f\u00fcr Zylinderzubeh\u00f6r 3212)<\/p>\n<div><\/div>\n<div><b>Eigenschaften:\u00a0<\/b><\/div>\n<div>\n<ul>\n<li>Zur Montage zusammen mit Rundzylinder<\/li>\n<li>Erh\u00e4ltlich in den Gr\u00f6\u00dfen: 8 und 13 mm<\/li>\n<li>Material: Messing<\/li>\n<\/ul>\n<\/div>","protected":false},"excerpt":{"rendered":"<p>Beskrivning: ASSA ABLOY Cylinderring f\u00f6r rund cylinder (in- och utsida). Finns i flera tv\u00e5 storlekar. H\u00f6jd p\u00e5 cylinderringar och l\u00e4ngd p\u00e5 skruv avg\u00f6rs av d\u00f6rrens tjocklek samt placeringen av l\u00e5shuset.<\/p>","protected":false},"featured_media":138027,"template":"","meta":{"_acf_changed":false},"product_brand":[],"product_cat":[3254],"product_tag":[],"class_list":{"0":"post-90408","1":"product","2":"type-product","3":"status-publish","4":"has-post-thumbnail","6":"product_cat-cylinderringar","7":"product_shipping_class-postnord-varubrev","8":"pa_brands-abloy","9":"tm-no-options","11":"first","12":"instock","13":"taxable","14":"shipping-taxable","15":"purchasable","16":"product-type-simple"},"acf":[],"_links":{"self":[{"href":"https:\/\/secureus.se\/de\/wp-json\/wp\/v2\/product\/90408","targetHints":{"allow":["GET"]}}],"collection":[{"href":"https:\/\/secureus.se\/de\/wp-json\/wp\/v2\/product"}],"about":[{"href":"https:\/\/secureus.se\/de\/wp-json\/wp\/v2\/types\/product"}],"wp:featuredmedia":[{"embeddable":true,"href":"https:\/\/secureus.se\/de\/wp-json\/wp\/v2\/media\/138027"}],"wp:attachment":[{"href":"https:\/\/secureus.se\/de\/wp-json\/wp\/v2\/media?parent=90408"}],"wp:term":[{"taxonomy":"product_brand","embeddable":true,"href":"https:\/\/secureus.se\/de\/wp-json\/wp\/v2\/product_brand?post=90408"},{"taxonomy":"product_cat","embeddable":true,"href":"https:\/\/secureus.se\/de\/wp-json\/wp\/v2\/product_cat?post=90408"},{"taxonomy":"product_tag","embeddable":true,"href":"https:\/\/secureus.se\/de\/wp-json\/wp\/v2\/product_tag?post=90408"}],"curies":[{"name":"wp","href":"https:\/\/api.w.org\/{rel}","templated":true}]}}