{"id":90474,"date":"2024-03-15T09:44:27","date_gmt":"2024-03-15T08:44:27","guid":{"rendered":"https:\/\/secureus.se\/?post_type=product&#038;p=90474"},"modified":"2026-04-08T15:55:34","modified_gmt":"2026-04-08T13:55:34","slug":"vredskylt-4356-epok-polerad-massing","status":"publish","type":"product","link":"https:\/\/secureus.se\/de\/vredskylt-4356-epok-polerad-massing\/","title":{"rendered":"Zifferblatt 4356 Epok, poliertes Messing"},"content":{"rendered":"<div>ASSA ABLOY 4356 Epok ist ein Drehschild und dekoratives Langschild. Kombinierbar mit Schlossgeh\u00e4usen der Modulschlossserie (50er &amp; 70er Dorn) mit Zwischenknauffunktion (Heim\/Ausw\u00e4rts), Schlossgeh\u00e4use Typ 2000 oder 2002. Schlie\u00dft unter Druck und Zylinderzubeh\u00f6r. Die 1950er Jahre gingen bereits als H\u00f6hepunkt des schwedischen Designs in die Geschichte ein. Hier haben wir versucht, in diesem Sinne zu entwerfen. Eine sorgf\u00e4ltige, zur\u00fcckhaltende Eleganz. Modern, aber mit Wurzeln in unserer Tradition, passt es nat\u00fcrlich zum Epok-T\u00fcrdruck 1956 und allen anderen Drucken und H\u00e4usern mit dem Zeitgeist. Die Abdeckplatte ist auch im gleichen Stil erh\u00e4ltlich und hei\u00dft dann 4256.<\/div>\n<div><b>\u00a0<\/b><\/div>\n<div><b>Eigenschaften:<\/b><\/div>\n<div>\n<ul>\n<li>F\u00fcr Schlossgeh\u00e4use mit Home\/Away-Funktion, Typ 2000, 2002<\/li>\n<li>Aussparungen f\u00fcr Zylinder und Presse<\/li>\n<li>F\u00fcr den Innenbereich entsprechende Ma\u00dfe und Ausf\u00fchrung wie Abdeckschild 4256<\/li>\n<li>Die Dekorplatte sch\u00fctzt das T\u00fcrblatt vor Abnutzung und kann auch vorhandene Sch\u00e4den abdecken<\/li>\n<li>Verdeckte Befestigung (Anpressung durch T\u00fcrgriff und Zylinderzubeh\u00f6r)<\/li>\n<li>Breite: 60 mm<\/li>\n<li>H\u00f6he: 216 mm<\/li>\n<li>Dicke 3 mm<\/li>\n<li>Material: Messing<\/li>\n<li>Erh\u00e4ltlich in mehreren Oberfl\u00e4chenbehandlungen<\/li>\n<\/ul>\n<\/div>","protected":false},"excerpt":{"rendered":"<p>ASSA ABLOY 4356 Epok ist ein Drehschild und dekoratives Langschild. Kombinierbar mit Schlossgeh\u00e4usen der Modulschlossserie (50er &amp; 70er Dorn) mit Zwischenknauffunktion (Heim\/Ausw\u00e4rts), Schlossgeh\u00e4use Typ 2000 oder 2002. Schlie\u00dft unter Druck und<\/p>","protected":false},"featured_media":145956,"template":"","meta":{"_acf_changed":false},"product_brand":[],"product_cat":[3255],"product_tag":[],"class_list":{"0":"post-90474","1":"product","2":"type-product","3":"status-publish","4":"has-post-thumbnail","6":"product_cat-skyltbehor","7":"product_shipping_class-tunga-paket","8":"pa_brands-abloy","9":"tm-no-options","11":"first","12":"instock","13":"taxable","14":"shipping-taxable","15":"purchasable","16":"product-type-simple"},"acf":[],"_links":{"self":[{"href":"https:\/\/secureus.se\/de\/wp-json\/wp\/v2\/product\/90474","targetHints":{"allow":["GET"]}}],"collection":[{"href":"https:\/\/secureus.se\/de\/wp-json\/wp\/v2\/product"}],"about":[{"href":"https:\/\/secureus.se\/de\/wp-json\/wp\/v2\/types\/product"}],"wp:featuredmedia":[{"embeddable":true,"href":"https:\/\/secureus.se\/de\/wp-json\/wp\/v2\/media\/145956"}],"wp:attachment":[{"href":"https:\/\/secureus.se\/de\/wp-json\/wp\/v2\/media?parent=90474"}],"wp:term":[{"taxonomy":"product_brand","embeddable":true,"href":"https:\/\/secureus.se\/de\/wp-json\/wp\/v2\/product_brand?post=90474"},{"taxonomy":"product_cat","embeddable":true,"href":"https:\/\/secureus.se\/de\/wp-json\/wp\/v2\/product_cat?post=90474"},{"taxonomy":"product_tag","embeddable":true,"href":"https:\/\/secureus.se\/de\/wp-json\/wp\/v2\/product_tag?post=90474"}],"curies":[{"name":"wp","href":"https:\/\/api.w.org\/{rel}","templated":true}]}}