{"id":90586,"date":"2024-03-15T09:21:52","date_gmt":"2024-03-15T08:21:52","guid":{"rendered":"https:\/\/secureus.se\/?post_type=product&#038;p=90586"},"modified":"2026-04-21T12:50:19","modified_gmt":"2026-04-21T10:50:19","slug":"minneskort-microsd-wd-wdd032g1p0c-purple-sc-qd101-series-ultra-endurance-microsd-kort-for-overvakningskamera-32-gb","status":"publish","type":"product","link":"https:\/\/secureus.se\/de\/minneskort-microsd-wd-wdd032g1p0c-purple-sc-qd101-series-ultra-endurance-microsd-kort-for-overvakningskamera-32-gb\/","title":{"rendered":"Speicherkarte MicroSD 32 GB Ultra Endurance MicroSD-Karte f\u00fcr \u00dcberwachungskamera, 32 GB"},"content":{"rendered":"<p>WD WDD032G1P0C Lila SC QD101 Serie Ultra Endurance \u00dcberwachungskamera MicroSD-Karte 32 GB<\/p>\n<h3 id=\"pdp_productoverview\" class=\"item-headertop rd-prod-overview-hygiene\">Produkt\u00fcbersicht<\/h3>\n<div class=\"pd-overview-details pd-show-full-overview\">\n<div class=\"headernamehrnone\">Die microSD\u2122-Karte WD Purple\u2122 SC QD101 von Western Digital wurde speziell f\u00fcr den breiten Markt f\u00fcr Sicherheitskameras entwickelt. Mit der fortschrittlichen 96-Layer-3D-NAND-Technologie bietet die Karte eine kosteng\u00fcnstige Kombination aus extremer Haltbarkeit, hoher Leistung und einem breiten Kapazit\u00e4tsbereich von bis zu 512 GB, und ihre Unterst\u00fctzung der Card Health Monitor-Funktionalit\u00e4t erm\u00f6glicht eine proaktive Speicherverwaltung. Angesichts des schnell wachsenden Marktes f\u00fcr \u00dcberwachungskameras und der zunehmenden Verwendung von 4K-Videos bietet diese Karte die richtige Kombination aus Langlebigkeit und Kapazit\u00e4t, um die kontinuierliche Aufnahmelast rund um die Uhr zu bew\u00e4ltigen. Vertrauen Sie Western Digital bei der Lieferung von WD Purple \u2013 dem perfekten microSD-Speicher f\u00fcr Sicherheitsvideokameras und Edge-Ger\u00e4te\u00a0<b>Es ist WD Purple<\/b>Entwickelt f\u00fcr die \u00dcberwachung. Als Mitglied einer marktf\u00fchrenden Marke haben Sie die Gewissheit, dass diese mit der richtigen Robustheit, Leistung und den richtigen Funktionen f\u00fcr Sicherheitsvideokameras und Edge-Ger\u00e4te entwickelt wurde<b>Schenken Sie Ihren Kameras mehr Vertrauen<\/b>Ultra-Ausdauer. WD Purple SC microSD-Karten sind f\u00fcr die kontinuierliche Aufzeichnung rund um die Uhr konzipiert, wenn die Kameras die Verbindung zum NVR verlieren, was f\u00fcr zus\u00e4tzliches Vertrauen in Ihre Sicherheitsvideol\u00f6sung sorgt.<b>Intelligente Speicherwartung<\/b>\u00dcberwachung des Kartenzustands. Bei kompatiblen Kameras k\u00f6nnen Sie mit der Funktion zur \u00dcberwachung des Kartenzustands Benachrichtigungen \u00fcber den Gesundheitszustand Ihrer WD Purple microSD-Karte erhalten, sodass Sie eine vorbeugende Speicherverwaltung durchf\u00fchren k\u00f6nnen.<b>Robuste Lagerung, drinnen oder drau\u00dfen<\/b>Unterst\u00fctzt einen Temperaturbereich von -25 \u00b0C bis 85 \u00b0C; feuchtigkeitsbest\u00e4ndig. Sie k\u00f6nnen sicher sein, dass diese Karte f\u00fcr den Dauerbetrieb unter extremen Wetterbedingungen und in den unterschiedlichsten Klimazonen ausgelegt ist.<b>Kontinuierliche Aufnahme. Stunden oder Tage<\/b>Kapazit\u00e4ten von 32 GB bis 512 GB. Gro\u00dfe Auswahl an Funktionen f\u00fcr verschiedene Kombinationen von Kameras, Aufl\u00f6sungen und Aufzeichnungsimplementierungen; Verwendung sowohl f\u00fcr bewegungsgesteuerte als auch f\u00fcr kontinuierliche Aufnahmen.<\/div>\n<\/div>","protected":false},"excerpt":{"rendered":"<p>Die microSD\u2122-Karte WD Purple\u2122 SC QD101 von Western Digital wurde speziell f\u00fcr den breiten Markt f\u00fcr Sicherheitskameras entwickelt. Mit der fortschrittlichen 96-Layer-3D-NAND-Technologie bietet die Karte eine kosteng\u00fcnstige Kombination aus extremer Haltbarkeit, hoher Leistung und einem breiten Kapazit\u00e4tsbereich.<\/p>","protected":false},"featured_media":138139,"template":"","meta":{"_acf_changed":false},"product_brand":[],"product_cat":[3260],"product_tag":[],"class_list":{"0":"post-90586","1":"product","2":"type-product","3":"status-publish","4":"has-post-thumbnail","6":"product_cat-micro-sd-minneskort","7":"product_shipping_class-postnord-varubrev","8":"pa_brands-western-digital","9":"tm-no-options","11":"first","12":"outofstock","13":"sale","14":"taxable","15":"shipping-taxable","16":"purchasable","17":"product-type-simple"},"acf":[],"_links":{"self":[{"href":"https:\/\/secureus.se\/de\/wp-json\/wp\/v2\/product\/90586","targetHints":{"allow":["GET"]}}],"collection":[{"href":"https:\/\/secureus.se\/de\/wp-json\/wp\/v2\/product"}],"about":[{"href":"https:\/\/secureus.se\/de\/wp-json\/wp\/v2\/types\/product"}],"wp:featuredmedia":[{"embeddable":true,"href":"https:\/\/secureus.se\/de\/wp-json\/wp\/v2\/media\/138139"}],"wp:attachment":[{"href":"https:\/\/secureus.se\/de\/wp-json\/wp\/v2\/media?parent=90586"}],"wp:term":[{"taxonomy":"product_brand","embeddable":true,"href":"https:\/\/secureus.se\/de\/wp-json\/wp\/v2\/product_brand?post=90586"},{"taxonomy":"product_cat","embeddable":true,"href":"https:\/\/secureus.se\/de\/wp-json\/wp\/v2\/product_cat?post=90586"},{"taxonomy":"product_tag","embeddable":true,"href":"https:\/\/secureus.se\/de\/wp-json\/wp\/v2\/product_tag?post=90586"}],"curies":[{"name":"wp","href":"https:\/\/api.w.org\/{rel}","templated":true}]}}