{"id":90605,"date":"2024-03-15T12:55:47","date_gmt":"2024-03-15T11:55:47","guid":{"rendered":"https:\/\/secureus.se\/?post_type=product&#038;p=90605"},"modified":"2026-03-30T14:28:51","modified_gmt":"2026-03-30T12:28:51","slug":"harddisk-3-5-hdd-6-tb-35-tums-harddisk-256-mb-cache","status":"publish","type":"product","link":"https:\/\/secureus.se\/de\/harddisk-3-5-hdd-6-tb-35-tums-harddisk-256-mb-cache\/","title":{"rendered":"Festplatte 3,5\u2033 HDD 6 TB SATA \u2013 256 MB Cache f\u00fcr intelligente Video\u00fcberwachung"},"content":{"rendered":"<h1>Festplatte 3,5\u2033 HDD 6 TB SATA \u2013 256 MB Cache<\/h1>\n<p>Produkt-Highlights<br \/>\n\u2022 Kapazit\u00e4t bis zu 8 TB1<br \/>\n\u2022 Entwickelt f\u00fcr g\u00e4ngige \u00dcberwachungssysteme<br \/>\n\u2022 WD AllFrame\u2122 hilft, ausgelassene Frames zu reduzieren<br \/>\n\u2022 Unterst\u00fctzt eine Arbeitslast von bis zu 180 TB\/Jahr\u2077<br \/>\n\u2022 3 Jahre eingeschr\u00e4nkte Garantie9<\/p>\n<h3>PRODUKTBESCHREIBUNG \u00dcBERWACHUNG DER FESTPLATTE<\/h3>\n<p>WD Purple\u00ae-Festplatten<br \/>\nDie richtige Festplatte f\u00fcr die intelligente Video\u00fcberwachung<br \/>\nWD Purple\u00ae-Laufwerke sind f\u00fcr die Herausforderungen der Video\u00fcberwachungsaufzeichnung rund um die Uhr konzipiert.<\/p>\n<p>Diese Einheiten sind speziell f\u00fcr die \u00dcberwachung konzipiert, um den erh\u00f6hten Temperaturschwankungen und Ger\u00e4tevibrationen in NVR-Umgebungen standzuhalten. Ein durchschnittliches Desktop-Ger\u00e4t ist darauf ausgelegt, nur f\u00fcr kurze Zeitr\u00e4ume in Betrieb zu sein und nicht in der rauen, rund um die Uhr aktiven Umgebung eines hochaufl\u00f6senden \u00dcberwachungssystems.<\/p>\n<p>Mit WD Purple-Laufwerken erhalten Sie zuverl\u00e4ssigen Speicher in \u00dcberwachungsqualit\u00e4t, der auf Kompatibilit\u00e4t mit einer Vielzahl von Sicherheitssystemen getestet wurde. Die exklusive WD AllFrame\u2122-Technologie tr\u00e4gt dazu bei, Bildverluste zu reduzieren und die Videowiedergabe insgesamt zu verbessern.<\/p>\n<p>Branchenf\u00fchrender Speicher. \u00dcberwachung, der Sie vertrauen k\u00f6nnen.<br \/>\nWestern Digital bietet seit \u00fcber einem Jahrzehnt Speicher in \u00dcberwachungsqualit\u00e4t.<\/p>\n<p>Mit dem WD Purple\u00ae-\u00dcberwachungsspeicher sind die Laufwerke f\u00fcr Hochtemperatur-\u00dcberwachungssysteme mit st\u00e4ndigem Betrieb konzipiert, sodass Sie sich auf hochwertiges Video verlassen k\u00f6nnen, wenn Sie es am meisten brauchen. WD Purple bietet intelligenten Videospeicher, dem Sie vertrauen k\u00f6nnen, und verf\u00fcgt \u00fcber eine 3-j\u00e4hrige eingeschr\u00e4nkte Garantie9.<\/p>\n<p>Die exklusive WD AllFrame\u2122-Technologie von Western Digital<br \/>\nAlle WD Purple\u00ae-Laufwerke sind mit der AllFrame\u2122-Technologie ausgestattet, die dazu beitr\u00e4gt, Bildausf\u00e4lle zu reduzieren und die Videoaufzeichnung und -wiedergabe zu verbessern.<\/p>\n<p>Verbesserte Workload-Bewertung<br \/>\nWD Purple\u00ae-Laufwerke haben eine Arbeitslast von bis zu 180 TB\/Jahr\u2077 \u2013 bis zu dreimal so viel wie Desktop-Laufwerke \u2013 um den besonderen Anforderungen g\u00e4ngiger Video\u00fcberwachungs-DVR- und NVR-Systeme gerecht zu werden.<\/p>\n<p>Mehrere Kameras, mehrere Streams<br \/>\nModernere Rekorder unterst\u00fctzen mittlerweile mehrere Videostreams pro Kamera. WD Purple\u00ae-Laufwerke unterst\u00fctzen bis zu 64 einzelne HD-Kameras3.<\/p>\n<p>Mit so vielen Optionen haben Sie die Flexibilit\u00e4t, Ihre Sicherheitsanwendungen in Zukunft zu aktualisieren oder zu erweitern.<\/p>\n<p>Entwickelt f\u00fcr zuverl\u00e4ssigen Betrieb<br \/>\nDie auf Zuverl\u00e4ssigkeit ausgelegten WD Purple\u00ae-Laufwerke mit einer MTBF von bis zu 1 Million Stunden8 und einer eingeschr\u00e4nkten 3-Jahres-Garantie9 verf\u00fcgen \u00fcber verf\u00e4rbungsbest\u00e4ndige Komponenten11 und unterst\u00fctzen Speichersysteme mit bis zu 16 Laufwerkssch\u00e4chten12.<\/p>\n<p>WD Purple\u00ae-Festplatten sind mit einer RAID-Fehlerwiederherstellungskontrolle ausgestattet, um Fehler in unterst\u00fctzten Videorecordern zu reduzieren.<\/p>\n<p>Breite Kompatibilit\u00e4t. Nahtlose Integration.<br \/>\nWD Purple\u00ae-Festplatten sind auf Kompatibilit\u00e4t ausgelegt, sodass Sie Ihrem \u00dcberwachungssystem schnell und nahtlos Kapazit\u00e4t hinzuf\u00fcgen k\u00f6nnen.<\/p>\n<p>Dank der Unterst\u00fctzung einer breiten Palette branchenf\u00fchrender Geh\u00e4use und Chips\u00e4tze finden Sie mit Sicherheit die DVR- oder NVR-Konfiguration, die zu Ihnen passt.<\/p>\n<p>Drei Jahre eingeschr\u00e4nkte Garantie<br \/>\nAls branchenf\u00fchrender Festplattenhersteller steht Western Digital hinter seinen \u00dcberwachungsspeicherl\u00f6sungen mit einer dreij\u00e4hrigen eingeschr\u00e4nkten Garantie9, die in jedem WD Purple\u00ae-Laufwerk enthalten ist.<\/p>","protected":false},"excerpt":{"rendered":"<p>Festplatte 3,5\u2033 HDDWD WD64PURZ Purple Series, 6 TB 3,5-Zoll-Festplatte, 256 MB Cache, Unterst\u00fctzung f\u00fcr bis zu 64 HD-Kameras<\/p>","protected":false},"featured_media":137855,"template":"","meta":{"_acf_changed":false},"product_brand":[],"product_cat":[3261],"product_tag":[],"class_list":{"0":"post-90605","1":"product","2":"type-product","3":"status-publish","4":"has-post-thumbnail","6":"product_cat-hdd-harddisk-3-5","7":"product_shipping_class-tunga-paket","8":"pa_brands-western-digital","9":"tm-no-options","11":"first","12":"onbackorder","13":"sale","14":"taxable","15":"shipping-taxable","16":"purchasable","17":"product-type-simple"},"acf":[],"_links":{"self":[{"href":"https:\/\/secureus.se\/de\/wp-json\/wp\/v2\/product\/90605","targetHints":{"allow":["GET"]}}],"collection":[{"href":"https:\/\/secureus.se\/de\/wp-json\/wp\/v2\/product"}],"about":[{"href":"https:\/\/secureus.se\/de\/wp-json\/wp\/v2\/types\/product"}],"wp:featuredmedia":[{"embeddable":true,"href":"https:\/\/secureus.se\/de\/wp-json\/wp\/v2\/media\/137855"}],"wp:attachment":[{"href":"https:\/\/secureus.se\/de\/wp-json\/wp\/v2\/media?parent=90605"}],"wp:term":[{"taxonomy":"product_brand","embeddable":true,"href":"https:\/\/secureus.se\/de\/wp-json\/wp\/v2\/product_brand?post=90605"},{"taxonomy":"product_cat","embeddable":true,"href":"https:\/\/secureus.se\/de\/wp-json\/wp\/v2\/product_cat?post=90605"},{"taxonomy":"product_tag","embeddable":true,"href":"https:\/\/secureus.se\/de\/wp-json\/wp\/v2\/product_tag?post=90605"}],"curies":[{"name":"wp","href":"https:\/\/api.w.org\/{rel}","templated":true}]}}