{"id":90609,"date":"2024-03-15T13:35:50","date_gmt":"2024-03-15T12:35:50","guid":{"rendered":"https:\/\/secureus.se\/harddisk-3-5-hdd-2-tb-256-mb-cache\/"},"modified":"2026-04-09T11:39:23","modified_gmt":"2026-04-09T09:39:23","slug":"harddisk-3-5-hdd-2-tb-256-mb-cache","status":"publish","type":"product","link":"https:\/\/secureus.se\/de\/harddisk-3-5-hdd-2-tb-256-mb-cache\/","title":{"rendered":"WD Purple WD23PURZ - 2TB-\u00dcberwachungsfestplatte 3,5\u2033 SATA"},"content":{"rendered":"<h3 data-start=\"608\" data-end=\"658\">\u00dcberwachungsfestplatte, geeignet f\u00fcr den 24\/7-Betrieb<\/h3>\n<p data-start=\"659\" data-end=\"888\">Die WD Purple WD23PURZ ist eine 3,5-Zoll-SATA-Festplatte, die speziell f\u00fcr Video\u00fcberwachungssysteme entwickelt wurde. Im Gegensatz zu herk\u00f6mmlichen Desktop-Festplatten ist sie f\u00fcr den permanenten Schreibbetrieb in permanent eingeschalteten \u00dcberwachungssystemen ausgelegt.<\/p>\n<h3 data-start=\"890\" data-end=\"930\">Stabile Aufnahmen mit WD AllFrame\u2122<\/h3>\n<p data-start=\"931\" data-end=\"1139\">Das Laufwerk verf\u00fcgt \u00fcber die WD AllFrame\u2122-Technologie, die das Risiko von Frame-Drops verringert und sowohl die Videoaufzeichnung als auch die Wiedergabe verbessert, was in Systemen, in denen zuverl\u00e4ssige Videodaten von entscheidender Bedeutung sind, unerl\u00e4sslich ist.<\/p>\n<h3 data-start=\"1141\" data-end=\"1173\">Geeignet f\u00fcr mehrere Kameras<\/h3>\n<p data-start=\"1174\" data-end=\"1379\">Der WD23PURZ unterst\u00fctzt bis zu 64 HD-Kameras in einem \u00dcberwachungssystem und eignet sich f\u00fcr DVR- und NVR-L\u00f6sungen mit bis zu 8 Festplatteneinsch\u00fcben. Eine gute Wahl f\u00fcr kleine bis mittelgro\u00dfe \u00dcberwachungsanlagen.<\/p>\n<h3 data-start=\"1381\" data-end=\"1413\">Gebaut f\u00fcr Zuverl\u00e4ssigkeit<\/h3>\n<p data-start=\"1414\" data-end=\"1564\">Mit einer j\u00e4hrlichen Arbeitslast von bis zu 180 TB und einer mittleren Betriebsdauer zwischen Ausf\u00e4llen (MTBF) von 1 Million Stunden ist das Laufwerk f\u00fcr einen langfristigen und stabilen Betrieb in anspruchsvollen Umgebungen ausgelegt.<\/p>\n<hr data-start=\"1566\" data-end=\"1569\" \/>\n<h2 data-start=\"1571\" data-end=\"1603\"><strong data-start=\"1574\" data-end=\"1603\">TECHNISCHE DATEN:<\/strong><\/h2>\n<ul data-start=\"1605\" data-end=\"2139\">\n<li data-start=\"1605\" data-end=\"1625\">\n<p data-start=\"1607\" data-end=\"1625\">Modell: WD23PURZ<\/p>\n<\/li>\n<li data-start=\"1626\" data-end=\"1646\">\n<p data-start=\"1628\" data-end=\"1646\">Serie: WD Purple<\/p>\n<\/li>\n<li data-start=\"1647\" data-end=\"1674\">\n<p data-start=\"1649\" data-end=\"1674\">Speicherkapazit\u00e4t: 2 TB<\/p>\n<\/li>\n<li data-start=\"1675\" data-end=\"1698\">\n<p data-start=\"1677\" data-end=\"1698\">Formfaktor: 3,5 Zoll<\/p>\n<\/li>\n<li data-start=\"1699\" data-end=\"1732\">\n<p data-start=\"1701\" data-end=\"1732\">Schnittstelle: SATA III (6 Gbit\/s)<\/p>\n<\/li>\n<li data-start=\"1733\" data-end=\"1758\">\n<p data-start=\"1735\" data-end=\"1758\">Cache-Speicher: <strong data-start=\"1747\" data-end=\"1756\">64 MB<\/strong><\/p>\n<\/li>\n<li data-start=\"1759\" data-end=\"1785\">\n<p data-start=\"1761\" data-end=\"1785\">Aufnahmetechnologie: CMR<\/p>\n<\/li>\n<li data-start=\"1786\" data-end=\"1812\">\n<p data-start=\"1788\" data-end=\"1812\">Firmware: WD AllFrame\u2122<\/p>\n<\/li>\n<li data-start=\"1813\" data-end=\"1850\">\n<p data-start=\"1815\" data-end=\"1850\">Maximale Anzahl Kameras: Bis zu 64 HD<\/p>\n<\/li>\n<li data-start=\"1851\" data-end=\"1879\">\n<p data-start=\"1853\" data-end=\"1879\">Maximale Anzahl an Waschpl\u00e4tzen: 8<\/p>\n<\/li>\n<li data-start=\"1880\" data-end=\"1920\">\n<p data-start=\"1882\" data-end=\"1920\">Arbeitsvolumen: Bis zu 180 TB\/Jahr<\/p>\n<\/li>\n<li data-start=\"1921\" data-end=\"1947\">\n<p data-start=\"1923\" data-end=\"1947\">MTBF: 1.000.000 Stunden<\/p>\n<\/li>\n<li data-start=\"1948\" data-end=\"1990\">\n<p data-start=\"1950\" data-end=\"1990\">Leistungsaufnahme (Lesen\/Schreiben): ca. 3,8 W<\/p>\n<\/li>\n<li data-start=\"1991\" data-end=\"2028\">\n<p data-start=\"1993\" data-end=\"2028\">Betriebstemperatur: 0 \u00b0C bis 65 \u00b0C<\/p>\n<\/li>\n<li data-start=\"2029\" data-end=\"2056\">\n<p data-start=\"2031\" data-end=\"2056\">Ger\u00e4uschpegel (Leerlauf): 21 dBA<\/p>\n<\/li>\n<li data-start=\"2057\" data-end=\"2100\">\n<p data-start=\"2059\" data-end=\"2100\">Abmessungen (H x B x T): 26,1 x 101,6 x 147 mm<\/p>\n<\/li>\n<li data-start=\"2101\" data-end=\"2121\">\n<p data-start=\"2103\" data-end=\"2121\">Gewicht: ca. 0,45 kg<\/p>\n<\/li>\n<\/ul>","protected":false},"excerpt":{"rendered":"<p>Die WD Purple WD23PURZ ist eine 2-TB-\u00dcberwachungsfestplatte, die f\u00fcr den 24\/7-Dauerbetrieb entwickelt wurde. Optimiert f\u00fcr DVR- und NVR-Systeme mit mehreren Kameras. Eine zuverl\u00e4ssige Wahl f\u00fcr stabile und sichere Videospeicherung.<\/p>","protected":false},"featured_media":137844,"template":"","meta":{"_acf_changed":false},"product_brand":[],"product_cat":[3261],"product_tag":[],"class_list":{"0":"post-90609","1":"product","2":"type-product","3":"status-publish","4":"has-post-thumbnail","6":"product_cat-hdd-harddisk-3-5","7":"product_shipping_class-tunga-paket","8":"pa_brands-western-digital","9":"tm-no-options","11":"first","12":"onbackorder","13":"sale","14":"taxable","15":"shipping-taxable","16":"purchasable","17":"product-type-simple"},"acf":[],"_links":{"self":[{"href":"https:\/\/secureus.se\/de\/wp-json\/wp\/v2\/product\/90609","targetHints":{"allow":["GET"]}}],"collection":[{"href":"https:\/\/secureus.se\/de\/wp-json\/wp\/v2\/product"}],"about":[{"href":"https:\/\/secureus.se\/de\/wp-json\/wp\/v2\/types\/product"}],"wp:featuredmedia":[{"embeddable":true,"href":"https:\/\/secureus.se\/de\/wp-json\/wp\/v2\/media\/137844"}],"wp:attachment":[{"href":"https:\/\/secureus.se\/de\/wp-json\/wp\/v2\/media?parent=90609"}],"wp:term":[{"taxonomy":"product_brand","embeddable":true,"href":"https:\/\/secureus.se\/de\/wp-json\/wp\/v2\/product_brand?post=90609"},{"taxonomy":"product_cat","embeddable":true,"href":"https:\/\/secureus.se\/de\/wp-json\/wp\/v2\/product_cat?post=90609"},{"taxonomy":"product_tag","embeddable":true,"href":"https:\/\/secureus.se\/de\/wp-json\/wp\/v2\/product_tag?post=90609"}],"curies":[{"name":"wp","href":"https:\/\/api.w.org\/{rel}","templated":true}]}}